{"id":199,"date":"2022-06-15T12:10:16","date_gmt":"2022-06-15T11:10:16","guid":{"rendered":"http:\/\/thepinchdc.com\/wie-finde-ich-eine-zuckermama\/"},"modified":"2022-07-01T15:18:36","modified_gmt":"2022-07-01T14:18:36","slug":"wie-finde-ich-eine-zuckermama","status":"publish","type":"page","link":"https:\/\/thepinchdc.com\/de\/wie-finde-ich-eine-zuckermama\/","title":{"rendered":"Wie finde ich eine Zuckermama?"},"content":{"rendered":"<h3>Wie finde ich eine Sugar Momma App?<\/h3>\n<p>Eine schnelle Suche im App Store ergibt unz\u00e4hlige Apps f\u00fcr Zuckerm\u00fctter, aber viele <a href=\"https:\/\/adultxxxdate.net\/de\/kostenlose-milf-hookup-sites\/\">milfs in meiner n\u00e4he<\/a> haben eine verd\u00e4chtig hohe Anzahl von fast identischen Bewertungen.<\/p>\n<h3>Ist Zucker-Dating-Betrug?<\/h3>\n<p>&#8222;Wenn ich wirklich ehrlich bin, und vielleicht ist das etwas, dem mein Therapeut zustimmen w\u00fcrde, aber ich denke, ich wollte meinen Kuchen haben und ihn auch essen&#8220;, sagte eine Zuckermutter gegen\u00fcber Refinery29 Das Problem beim Versuch, online ein Zucker-Dating-Arrangement zu finden, ist, dass viele von ihnen Betr\u00fcgereien sind.<\/p>\n<h3>Was ist Seeking Arrangement?<\/h3>\n<p>Seeking Arrangement ist eine Dating-Site, die die Ehrlichkeit ihrer Mitglieder stark f\u00f6rdert <a href=\"https:\/\/www.sextchat.net\/de\/cam-roulette-fuer-erwachsene\/\">chat cam erwachsene<\/a>, so dass alle Mitglieder ermutigt werden, ihre Beziehungsziele und -absichten offen zu erkl\u00e4ren.<\/p>\n<h3>Was ist Zuckerarrangement?<\/h3>\n<p>Neu definiertes Dating und Millionen von M\u00f6glichkeiten erm\u00f6glichen es Sugar-Arrangements, ein weiteres Beziehungsformat zu sein, nach dem Sie mit Seeking Arrangement leicht suchen k\u00f6nnen.<\/p>\n<h3>Was datet Sugar Mama?<\/h3>\n<p>Infolgedessen wurde Sugar Mama Dating zum neuesten Hit in der Zucker-Dating-Welt, der es <a href=\"https:\/\/www.fucksites.net\/de\/\">fickfreunde<\/a> erm\u00f6glichte, anspruchsvolle und wohlhabende Partner zu sein, die bereit waren, jemanden zu verw\u00f6hnen.<\/p>\n<h3>Was ist eine Sugar Mum?<\/h3>\n<p>M\u00e4chtige und wohlhabende Zuckermumien verbringen ihre Zeit gerne mit j\u00fcngeren und energischeren M\u00e4nnern, w\u00e4hrend die j\u00fcngeren M\u00e4nner nach einer reiferen und erfahreneren Mentorin suchen, die sie durch das Leben f\u00fchrt.<\/p>\n<h3>F\u00fcr wen ist Cougar Life?<\/h3>\n<p>Cougar Life konzentriert sich darauf, reife Frauen mit j\u00fcngeren M\u00e4nnern zu verbinden, daher ist es die perfekte Plattform f\u00fcr alle reifen Frauen, die einen j\u00fcngeren Begleiter suchen, sowie f\u00fcr junge M\u00e4nner, die eine erfahrene Frau suchen.<\/p>\n<h3>Was sind die Funktionen von Cougar Life?<\/h3>\n<p>Daher bietet die Website verschiedene Funktionen, einschlie\u00dflich des privaten Fotoaustauschs, der Priorit\u00e4tsnachricht und der Suche nach einem Date heute Abend.<\/p>\n<h3>Was ist Adult Friend Finder?<\/h3>\n<p>Als f\u00fchrende Website f\u00fcr Erwachsenen-Dating ist Adult Friend Frinder mit vielen Mitgliedern und neuen M\u00f6glichkeiten gef\u00fcllt.<\/p>\n<h3>Wie finde ich Zuckermumien?<\/h3>\n<p>Singles, die ihr Sexleben aufpeppen m\u00f6chten, wird empfohlen, den Adult Friend Finder auszuprobieren. Als f\u00fchrende Website f\u00fcr Erwachsenen-Dating ist Adult Friend Frinder mit vielen Mitgliedern und neuen M\u00f6glichkeiten gef\u00fcllt.<\/p>\n<h3>Was ist Silver Singles?<\/h3>\n<p>Silver Singles geh\u00f6rt zu den Top-Entscheidungen f\u00fcr 50+ alleinstehende M\u00e4nner und Frauen, die nach einer zweiten Chance auf Liebe suchen.<\/p>\n<h3>Was sind die Vorteile der Verwendung von Silver Singles?<\/h3>\n<p>Dank zahlreicher Pers\u00f6nlichkeitsumfragen, Matchmaking-Techniken und Dating-Methoden ist Online-Dating mit Silver Singles einfach, effektiv und angenehm.<\/p>\n","protected":false},"excerpt":{"rendered":"<p>Wie finde ich eine Sugar Momma App? Eine schnelle Suche im App Store ergibt unz\u00e4hlige Apps f\u00fcr Zuckerm\u00fctter, aber viele milfs in meiner n\u00e4he haben eine verd\u00e4chtig hohe Anzahl von fast identischen Bewertungen. Ist Zucker-Dating-Betrug? &#8222;Wenn ich wirklich ehrlich bin, und vielleicht ist das etwas, dem mein Therapeut zustimmen w\u00fcrde, aber ich denke, ich wollte [&hellip;]<\/p>\n","protected":false},"author":1,"featured_media":0,"parent":0,"menu_order":0,"comment_status":"closed","ping_status":"closed","template":"","meta":[],"yoast_head":"<!-- This site is optimized with the Yoast SEO plugin v17.7.1 - https:\/\/yoast.com\/wordpress\/plugins\/seo\/ -->\n<title>Wie finde ich eine Zuckermama? - Pinch Dating<\/title>\n<meta name=\"robots\" content=\"index, follow, max-snippet:-1, max-image-preview:large, max-video-preview:-1\" \/>\n<link rel=\"canonical\" href=\"https:\/\/thepinchdc.com\/de\/wie-finde-ich-eine-zuckermama\/\" \/>\n<meta property=\"og:locale\" content=\"de_DE\" \/>\n<meta property=\"og:type\" content=\"article\" \/>\n<meta property=\"og:title\" content=\"Wie finde ich eine Zuckermama? - Pinch Dating\" \/>\n<meta property=\"og:description\" content=\"Wie finde ich eine Sugar Momma App? Eine schnelle Suche im App Store ergibt unz\u00e4hlige Apps f\u00fcr Zuckerm\u00fctter, aber viele milfs in meiner n\u00e4he haben eine verd\u00e4chtig hohe Anzahl von fast identischen Bewertungen. Ist Zucker-Dating-Betrug? &#8222;Wenn ich wirklich ehrlich bin, und vielleicht ist das etwas, dem mein Therapeut zustimmen w\u00fcrde, aber ich denke, ich wollte [&hellip;]\" \/>\n<meta property=\"og:url\" content=\"https:\/\/thepinchdc.com\/de\/wie-finde-ich-eine-zuckermama\/\" \/>\n<meta property=\"og:site_name\" content=\"Pinch Dating\" \/>\n<meta property=\"article:modified_time\" content=\"2022-07-01T14:18:36+00:00\" \/>\n<meta name=\"twitter:card\" content=\"summary_large_image\" \/>\n<meta name=\"twitter:label1\" content=\"Gesch\u00e4tzte Lesezeit\" \/>\n\t<meta name=\"twitter:data1\" content=\"2\u00a0Minuten\" \/>\n<script type=\"application\/ld+json\" class=\"yoast-schema-graph\">{\"@context\":\"https:\/\/schema.org\",\"@graph\":[{\"@type\":\"WebSite\",\"@id\":\"https:\/\/thepinchdc.com\/#website\",\"url\":\"https:\/\/thepinchdc.com\/\",\"name\":\"Pinch Dating\",\"description\":\"Local Dating Blog\",\"potentialAction\":[{\"@type\":\"SearchAction\",\"target\":{\"@type\":\"EntryPoint\",\"urlTemplate\":\"https:\/\/thepinchdc.com\/?s={search_term_string}\"},\"query-input\":\"required name=search_term_string\"}],\"inLanguage\":\"de\"},{\"@type\":\"WebPage\",\"@id\":\"https:\/\/thepinchdc.com\/de\/wie-finde-ich-eine-zuckermama\/#webpage\",\"url\":\"https:\/\/thepinchdc.com\/de\/wie-finde-ich-eine-zuckermama\/\",\"name\":\"Wie finde ich eine Zuckermama? - Pinch Dating\",\"isPartOf\":{\"@id\":\"https:\/\/thepinchdc.com\/#website\"},\"datePublished\":\"2022-06-15T11:10:16+00:00\",\"dateModified\":\"2022-07-01T14:18:36+00:00\",\"breadcrumb\":{\"@id\":\"https:\/\/thepinchdc.com\/de\/wie-finde-ich-eine-zuckermama\/#breadcrumb\"},\"inLanguage\":\"de\",\"potentialAction\":[{\"@type\":\"ReadAction\",\"target\":[\"https:\/\/thepinchdc.com\/de\/wie-finde-ich-eine-zuckermama\/\"]}]},{\"@type\":\"BreadcrumbList\",\"@id\":\"https:\/\/thepinchdc.com\/de\/wie-finde-ich-eine-zuckermama\/#breadcrumb\",\"itemListElement\":[{\"@type\":\"ListItem\",\"position\":1,\"name\":\"Home\",\"item\":\"https:\/\/thepinchdc.com\/de\/\"},{\"@type\":\"ListItem\",\"position\":2,\"name\":\"Wie finde ich eine Zuckermama?\"}]}]}<\/script>\n<!-- \/ Yoast SEO plugin. -->","yoast_head_json":{"title":"Wie finde ich eine Zuckermama? - Pinch Dating","robots":{"index":"index","follow":"follow","max-snippet":"max-snippet:-1","max-image-preview":"max-image-preview:large","max-video-preview":"max-video-preview:-1"},"canonical":"https:\/\/thepinchdc.com\/de\/wie-finde-ich-eine-zuckermama\/","og_locale":"de_DE","og_type":"article","og_title":"Wie finde ich eine Zuckermama? - Pinch Dating","og_description":"Wie finde ich eine Sugar Momma App? Eine schnelle Suche im App Store ergibt unz\u00e4hlige Apps f\u00fcr Zuckerm\u00fctter, aber viele milfs in meiner n\u00e4he haben eine verd\u00e4chtig hohe Anzahl von fast identischen Bewertungen. Ist Zucker-Dating-Betrug? &#8222;Wenn ich wirklich ehrlich bin, und vielleicht ist das etwas, dem mein Therapeut zustimmen w\u00fcrde, aber ich denke, ich wollte [&hellip;]","og_url":"https:\/\/thepinchdc.com\/de\/wie-finde-ich-eine-zuckermama\/","og_site_name":"Pinch Dating","article_modified_time":"2022-07-01T14:18:36+00:00","twitter_card":"summary_large_image","twitter_misc":{"Gesch\u00e4tzte Lesezeit":"2\u00a0Minuten"},"schema":{"@context":"https:\/\/schema.org","@graph":[{"@type":"WebSite","@id":"https:\/\/thepinchdc.com\/#website","url":"https:\/\/thepinchdc.com\/","name":"Pinch Dating","description":"Local Dating Blog","potentialAction":[{"@type":"SearchAction","target":{"@type":"EntryPoint","urlTemplate":"https:\/\/thepinchdc.com\/?s={search_term_string}"},"query-input":"required name=search_term_string"}],"inLanguage":"de"},{"@type":"WebPage","@id":"https:\/\/thepinchdc.com\/de\/wie-finde-ich-eine-zuckermama\/#webpage","url":"https:\/\/thepinchdc.com\/de\/wie-finde-ich-eine-zuckermama\/","name":"Wie finde ich eine Zuckermama? - Pinch Dating","isPartOf":{"@id":"https:\/\/thepinchdc.com\/#website"},"datePublished":"2022-06-15T11:10:16+00:00","dateModified":"2022-07-01T14:18:36+00:00","breadcrumb":{"@id":"https:\/\/thepinchdc.com\/de\/wie-finde-ich-eine-zuckermama\/#breadcrumb"},"inLanguage":"de","potentialAction":[{"@type":"ReadAction","target":["https:\/\/thepinchdc.com\/de\/wie-finde-ich-eine-zuckermama\/"]}]},{"@type":"BreadcrumbList","@id":"https:\/\/thepinchdc.com\/de\/wie-finde-ich-eine-zuckermama\/#breadcrumb","itemListElement":[{"@type":"ListItem","position":1,"name":"Home","item":"https:\/\/thepinchdc.com\/de\/"},{"@type":"ListItem","position":2,"name":"Wie finde ich eine Zuckermama?"}]}]}},"_links":{"self":[{"href":"https:\/\/thepinchdc.com\/de\/wp-json\/wp\/v2\/pages\/199"}],"collection":[{"href":"https:\/\/thepinchdc.com\/de\/wp-json\/wp\/v2\/pages"}],"about":[{"href":"https:\/\/thepinchdc.com\/de\/wp-json\/wp\/v2\/types\/page"}],"author":[{"embeddable":true,"href":"https:\/\/thepinchdc.com\/de\/wp-json\/wp\/v2\/users\/1"}],"replies":[{"embeddable":true,"href":"https:\/\/thepinchdc.com\/de\/wp-json\/wp\/v2\/comments?post=199"}],"version-history":[{"count":2,"href":"https:\/\/thepinchdc.com\/de\/wp-json\/wp\/v2\/pages\/199\/revisions"}],"predecessor-version":[{"id":228,"href":"https:\/\/thepinchdc.com\/de\/wp-json\/wp\/v2\/pages\/199\/revisions\/228"}],"wp:attachment":[{"href":"https:\/\/thepinchdc.com\/de\/wp-json\/wp\/v2\/media?parent=199"}],"curies":[{"name":"wp","href":"https:\/\/api.w.org\/{rel}","templated":true}]}}