{"id":211,"date":"2022-06-15T11:27:12","date_gmt":"2022-06-15T10:27:12","guid":{"rendered":"http:\/\/thepinchdc.com\/10-beste-hookup-sites-kostenlos-keine-kreditkarte\/"},"modified":"2022-07-01T15:21:21","modified_gmt":"2022-07-01T14:21:21","slug":"10-beste-hookup-sites-kostenlos-keine-kreditkarte","status":"publish","type":"page","link":"https:\/\/thepinchdc.com\/de\/","title":{"rendered":"10 Beste Hookup-Sites kostenlos (keine Kreditkarte)"},"content":{"rendered":"<p>Es gibt viele Gr\u00fcnde, warum jemand m\u00f6glicherweise nicht f\u00fcr Online-Dating-Sites bezahlen m\u00f6chte. Einige Leute ziehen es einfach vor, kostenlos gelegt zu werden, w\u00e4hrend andere denken, dass das Bezahlen f\u00fcr den Zugang zu einer <a href=\"https:\/\/www.thedatingadvisor.com\/de\/\">kostenloses dating app<\/a> eine unn\u00f6tige Ausgabe ist. Andere machen sich Sorgen \u00fcber Datenschutzprobleme, besonders wenn sie nach etwas Ernstem suchen. Aber wenn Sie wirklich Online-Dating ausprobieren m\u00f6chten, sollten Sie wahrscheinlich in Betracht ziehen, f\u00fcr eine Premium-Mitgliedschaft in einer Hookup-App oder Website zu bezahlen.<\/p>\n<p>Diese Dienste bieten viel mehr Funktionalit\u00e4t als die kostenlosen Optionen mit, einschlie\u00dflich erweiterter Suchfilter, Messaging-Funktionen und der M\u00f6glichkeit, Fotos und Videos zu teilen. Und obwohl sie Geld kosten, kommen sie oft mit zus\u00e4tzlichen Sicherheitsma\u00dfnahmen, die Ihre Identit\u00e4t und Ihre pers\u00f6nlichen Daten sch\u00fctzen.<\/p>\n<p>Online-Dating ist eine einfache M\u00f6glichkeit, jemanden neu kennenzulernen. Aber es gibt viele verschiedene Arten von <a href=\"https:\/\/www.fuck-buddies.net\/de\/kostenlose-android-sexspiele\/\">kostenlose sexspiele<\/a>, jede mit ihren eigenen Vor- und Nachteilen. Hier sind unsere f\u00fcnf besten Tipps, zusammen mit dem, was Sie erwarten sollten, wenn Sie sich anmelden.<\/p>\n<p><img loading=\"lazy\" class=\" wp-image-34 aligncenter\" src=\"http:\/\/thepinchdc.com\/wp-content\/uploads\/2022\/06\/casual-sex-match-1024x768.jpeg\" alt=\"\" width=\"664\" height=\"498\" srcset=\"https:\/\/thepinchdc.com\/wp-content\/uploads\/2022\/06\/casual-sex-match-1024x768.jpeg 1024w, https:\/\/thepinchdc.com\/wp-content\/uploads\/2022\/06\/casual-sex-match-300x225.jpeg 300w, https:\/\/thepinchdc.com\/wp-content\/uploads\/2022\/06\/casual-sex-match-768x576.jpeg 768w, https:\/\/thepinchdc.com\/wp-content\/uploads\/2022\/06\/casual-sex-match-1536x1152.jpeg 1536w, https:\/\/thepinchdc.com\/wp-content\/uploads\/2022\/06\/casual-sex-match.jpeg 2000w\" sizes=\"(max-width: 664px) 100vw, 664px\" \/><\/p>\n<h2>M\u00f6chten Sie einer kostenlosen Hookup-App beitreten? Sie haben es hier gefunden!<\/h2>\n<p>Die Hookup-Kultur ist ein soziales Ph\u00e4nomen, bei dem Individuen sexuelle Aktivit\u00e4ten mit Fremden aus\u00fcben, oft im Austausch f\u00fcr Geld, Drogen, Alkohol oder andere Belohnungen. Hookups sind in der Regel kurzfristige Begegnungen und k\u00f6nnen an \u00f6ffentlichen Orten wie Clubs oder Bars, privaten Residenzen oder online \u00fcber Websites wie Craigslist, Tinder, OkCupid, Grindr und andere auftreten.<\/p>\n<h3>Ashley Madison<\/h3>\n<p>AshleyMadison ist ein frischer Hauch f\u00fcr alleinstehende oder gebundene Leute, die einen Sex-Einbruch erleben, wenn Sie Frauen treffen m\u00f6chten, die wollen. Diese aufgeregte Dating-Site und App bietet viele M\u00f6glichkeiten, sich zu vermischen, zu flirten und diskret zu verbinden. \u00dcber 54 Millionen Profile warten auf Sie auf AshleyMadison, und es ist kostenlos, ein anonymes Konto zu erstellen. Diskret arrangiert man One-Night-Stands und au\u00dfereheliche Aff\u00e4ren. Mehr als 54 Millionen Profile weltweit. Reisefreundliche Funktionen f\u00fcr die Suche nach \u00dcbereinstimmungen in verschiedenen St\u00e4dten.<\/p>\n<p>Durchsuchen Sie Ashley Madison Profile 100% kostenlos. Ashley Madison rockte die Welt der <a href=\"https:\/\/www.nsadating.net\/de\/kostenlose-pornospiele-keine-anmeldung\/\">pornospiele ohne anmeldung<\/a>, als sie in den fr\u00fchen 2000er Jahren auf den Markt kam. Das Team hat die K\u00fchnheit, sich als die f\u00fchrende Website f\u00fcr verheiratete Menschen zu brandmarken, die au\u00dferfamili\u00e4re Aff\u00e4ren und Sex-Hookups suchen. Sie m\u00fcssen nicht verheiratet sein, um Mitglied zu werden, aber die Websites, die weltweit als die Anlaufstelle f\u00fcr die engagierten Flirts und Sexspiele bekannt sind.<\/p>\n<h3>Scharnier<\/h3>\n<p>Hinge ist eine kostenlose Online-Dating-Website mit \u00fcber 50 Millionen Mitgliedern auf der ganzen Welt. Hinge wurde entwickelt, um Ihnen zu helfen, Liebe zu finden, nicht nur Anschl\u00fcsse. Sie k\u00f6nnen nach Alter, Geschlecht, Standort, Interessen, Pers\u00f6nlichkeitstyp, Beziehungsstatus, sexueller Orientierung, ethnischer Zugeh\u00f6rigkeit, Religion, Bildungsniveau, Beruf, Einkommen, K\u00f6rpertyp, Gr\u00f6\u00dfe, Gewicht, Aussehen und Lebensstilpr\u00e4ferenzen suchen. Hinge bietet auch eine &#8222;Quick Match&#8220; -Funktion, mit der Benutzer potenzielle Partner basierend auf ihren Profilinformationen durchsuchen k\u00f6nnen. Wenn Sie jemanden finden, den Sie m\u00f6gen, k\u00f6nnen Sie ihm eine Nachricht senden.<\/p>\n<p>Sobald Sie Nachrichten ausgetauscht haben, k\u00f6nnen Sie kostenlos chatten, bis Sie entscheiden, ob Sie sich pers\u00f6nlich treffen m\u00f6chten. Wenn Sie Fuck-Chat-Sites verwenden m\u00f6chten, empfehlen wir Ihnen, auszuprobieren. Im Gegensatz zu vielen anderen Websites m\u00fcssen Sie bei Hinge kein vollst\u00e4ndiges Profil erstellen, bevor Sie die Funktionen verwenden k\u00f6nnen.<\/p>\n<h3>Suche nach Freunden f\u00fcr Erwachsene<\/h3>\n<p>AdultFriendFinder ist ein kostenloses soziales Netzwerk f\u00fcr Erwachsene, das Menschen verbindet, die nach zuf\u00e4lligen Begegnungen und diskreten Beziehungen suchen. Sie k\u00f6nnen Millionen von aktiven Mitgliedern f\u00fcr Ihr n\u00e4chstes Date durchsuchen. Es gibt auch Tausende von Kategorien, die Ihnen helfen, Ihre Auswahl einzugrenzen.<\/p>\n<p>Sobald Sie jemanden gefunden haben, den Sie mit M\u00e4dchen oder Jungs <a href=\"http:\/\/wank.io\/de\/kostenlose-jerk-off-sites\/\">jerkoff cam<\/a>, die Sie mit oder AFF getroffen haben, treffen m\u00f6chten, k\u00f6nnen Sie ihnen eine Nachricht senden und eine Zeit vereinbaren, um sich zu treffen. Die gesamte Kommunikation ist privat und vertraulich. Keine Kreditkarte erforderlich. Die Registrierung ist schnell und einfach.<\/p>\n<p>AdultFriendFinder, auch bekannt als AF, wurde 1996 ins Leben gerufen und ist nach wie vor eine der gr\u00f6\u00dften Websites, die sich der Suche nach Liebe und Freundschaft durch zuf\u00e4llige Begegnungen widmet. Sie k\u00f6nnen Profile kostenlos durchsuchen, aber Sie m\u00fcssen f\u00fcr die Gold-Mitgliedschaft bezahlen, um privat mit anderen Mitgliedern zu chatten, ihnen Direktnachrichten zu senden oder ihre Profilbilder anzusehen.<\/p>\n<p>AFF ist eine Online-Dating-Site f\u00fcr diejenigen, die nach Gelegenheitssex suchen. Egal, ob Sie nach etwas Verr\u00fccktem suchen oder einfach nur jemanden neu kennenlernen m\u00f6chten, AFF ist der richtige Ort f\u00fcr Sie. Sie k\u00f6nnen Profile von lokalen Mitgliedern in Ihrer N\u00e4he durchsuchen und Nachrichten senden. Es fallen keine Geb\u00fchren f\u00fcr den Beitritt an und es sind keine Kreditkarteninformationen erforderlich. Andere Gleichgesinnte zu treffen ist einfach und macht Spa\u00df!<\/p>\n<h3>FriendFinder-X<\/h3>\n<p>FriendFindr-X ist eine Online-Dating-Website, die alleinstehende M\u00e4nner und Frauen auf der Suche nach Spa\u00df und Liebe zusammenbringt. Benutzer k\u00f6nnen miteinander chatten, Fotoalben durchsuchen, Videoclips ansehen und virtuelle Geschenke senden. Es gibt auch Foren und Message Boards, in denen Benutzer Themen im Zusammenhang mit Sex, Beziehungen und Leben diskutieren k\u00f6nnen. Die Website ist in Englisch, Spanisch, Franz\u00f6sisch, Deutsch, Portugiesisch, Italienisch, Russisch, Arabisch, Chinesisch, Japanisch, Koreanisch, Thai, Indonesisch, Vietnamesisch, Filipino und T\u00fcrkisch verf\u00fcgbar.<\/p>\n<p>Friendfinder X ist eine weitere Dating-App, mit der Sie sich mit anderen Benutzern verbinden k\u00f6nnen. Sie k\u00f6nnen Profile durchsuchen, Nachrichten senden und mit Mitgliedern in der N\u00e4he chatten. Sie k\u00f6nnen Ihre Spiele auch m\u00f6gen oder favorisieren, wenn Sie daran interessiert sind, sie besser kennenzulernen. Es gibt viele M\u00f6glichkeiten, wenn es um Online-Chats geht, einschlie\u00dflich Textnachrichten, Sprachanrufe, Video-Chats und sogar Webcam-Shows.<\/p>\n<p>Sie k\u00f6nnen auch private Informationen mit Ihren Matches teilen, z. B. Ihren aktuellen Beziehungsstatus, Religion, politische Ansichten, sexuelle Orientierung und Lieblingshobbys. F\u00fcr diejenigen, die es vorziehen, ihr Privatleben von ihrem Berufsleben getrennt zu halten, k\u00f6nnen Sie auch ein privates Profil erstellen. Sie k\u00f6nnen die Profile anderer durchsuchen, Nachrichten senden, chatten und sich sogar mit Fremden in Ihrer N\u00e4he treffen.<\/p>\n<h3>Flirt.com<\/h3>\n<p>Flirt.com ist eine Website, auf der Benutzer Tausende von Fotos und Videos anderer Mitglieder durchsuchen k\u00f6nnen. Benutzer k\u00f6nnen sich auch anonym Nachrichten senden, privat chatten und ungezogene Bilder austauschen.<\/p>\n<p>Derzeit gibt es \u00fcber 70 Millionen aktive Profile auf der Website, was sie zu einer der gr\u00f6\u00dften Dating-Sites der Welt macht. Mitglieder k\u00f6nnen Profile v\u00f6llig kostenlos durchsuchen und sogar private Nachrichten an Fremde senden, wenn sie dies w\u00fcnschen.<\/p>\n<p>Flirt.com ist die gr\u00f6\u00dfte Online-Dating-Site in den Vereinigten Staaten. Mit rund 70 Millionen aktiven Nutzern bietet es einen kostenlosen Service mit Grundfunktionalit\u00e4t. Sie k\u00f6nnen Ihr eigenes Profil erstellen, nach anderen Singles suchen und kostenlos mit ihnen chatten.<\/p>\n<p>Es gibt auch kostenpflichtige Pl\u00e4ne, die Ihnen zus\u00e4tzliche Funktionen wie das anonyme Durchsuchen von Profilen, das Senden von Augenzwinkern und das Wischen nach rechts bieten. Es gibt zwar nicht viele Einschr\u00e4nkungen f\u00fcr das, was Sie auf der Website tun k\u00f6nnen, aber Sie m\u00fcssen bezahlen, um zus\u00e4tzliche Funktionen freizuschalten.<\/p>\n<h2>Unsere abschlie\u00dfenden Gedanken<\/h2>\n<p>Wie Sie vielleicht bemerkt haben, gibt es viele verschiedene Arten von Sex-Dating-Websites da drau\u00dfen. Einige richten sich speziell an M\u00e4nner, w\u00e4hrend andere sich auf Frauen konzentrieren. Andere richten sich an Paare. Und wieder andere sind f\u00fcr diejenigen gedacht, die nach zuf\u00e4lligen Begegnungen suchen. Egal, welche Art von sexueller Begegnung Sie suchen, es gibt sicher eine Website, die Ihren Bed\u00fcrfnissen entspricht.<\/p>\n<p>Bevor Sie sich jedoch f\u00fcr einen von ihnen anmelden, stellen Sie sicher, dass Sie Bewertungen lesen und Kundenfeedback lesen. Sie sollten sich auch der Sicherheitsma\u00dfnahmen bewusst sein, die von jeder Website ergriffen werden, einschlie\u00dflich Verifizierungsanforderungen und Datenschutzrichtlinien. Schlie\u00dflich m\u00f6chten Sie nicht, dass jemand vorgibt, Sie online zu sein.<\/p>\n","protected":false},"excerpt":{"rendered":"<p>Es gibt viele Gr\u00fcnde, warum jemand m\u00f6glicherweise nicht f\u00fcr Online-Dating-Sites bezahlen m\u00f6chte. Einige Leute ziehen es einfach vor, kostenlos gelegt zu werden, w\u00e4hrend andere denken, dass das Bezahlen f\u00fcr den Zugang zu einer kostenloses dating app eine unn\u00f6tige Ausgabe ist. Andere machen sich Sorgen \u00fcber Datenschutzprobleme, besonders wenn sie nach etwas Ernstem suchen. Aber wenn [&hellip;]<\/p>\n","protected":false},"author":1,"featured_media":0,"parent":0,"menu_order":0,"comment_status":"closed","ping_status":"closed","template":"","meta":[],"yoast_head":"<!-- This site is optimized with the Yoast SEO plugin v17.7.1 - https:\/\/yoast.com\/wordpress\/plugins\/seo\/ -->\n<title>10 Beste Hookup-Sites kostenlos (keine Kreditkarte) - Pinch Dating<\/title>\n<meta name=\"robots\" content=\"index, follow, max-snippet:-1, max-image-preview:large, max-video-preview:-1\" \/>\n<link rel=\"canonical\" href=\"https:\/\/thepinchdc.com\/de\/\" \/>\n<meta property=\"og:locale\" content=\"de_DE\" \/>\n<meta property=\"og:type\" content=\"article\" \/>\n<meta property=\"og:title\" content=\"10 Beste Hookup-Sites kostenlos (keine Kreditkarte) - Pinch Dating\" \/>\n<meta property=\"og:description\" content=\"Es gibt viele Gr\u00fcnde, warum jemand m\u00f6glicherweise nicht f\u00fcr Online-Dating-Sites bezahlen m\u00f6chte. Einige Leute ziehen es einfach vor, kostenlos gelegt zu werden, w\u00e4hrend andere denken, dass das Bezahlen f\u00fcr den Zugang zu einer kostenloses dating app eine unn\u00f6tige Ausgabe ist. Andere machen sich Sorgen \u00fcber Datenschutzprobleme, besonders wenn sie nach etwas Ernstem suchen. Aber wenn [&hellip;]\" \/>\n<meta property=\"og:url\" content=\"https:\/\/thepinchdc.com\/de\/\" \/>\n<meta property=\"og:site_name\" content=\"Pinch Dating\" \/>\n<meta property=\"article:modified_time\" content=\"2022-07-01T14:21:21+00:00\" \/>\n<meta property=\"og:image\" content=\"http:\/\/thepinchdc.com\/wp-content\/uploads\/2022\/06\/casual-sex-match-1024x768.jpeg\" \/>\n<meta name=\"twitter:card\" content=\"summary_large_image\" \/>\n<meta name=\"twitter:label1\" content=\"Gesch\u00e4tzte Lesezeit\" \/>\n\t<meta name=\"twitter:data1\" content=\"7\u00a0Minuten\" \/>\n<script type=\"application\/ld+json\" class=\"yoast-schema-graph\">{\"@context\":\"https:\/\/schema.org\",\"@graph\":[{\"@type\":\"WebSite\",\"@id\":\"https:\/\/thepinchdc.com\/#website\",\"url\":\"https:\/\/thepinchdc.com\/\",\"name\":\"Pinch Dating\",\"description\":\"Local Dating Blog\",\"potentialAction\":[{\"@type\":\"SearchAction\",\"target\":{\"@type\":\"EntryPoint\",\"urlTemplate\":\"https:\/\/thepinchdc.com\/?s={search_term_string}\"},\"query-input\":\"required name=search_term_string\"}],\"inLanguage\":\"de\"},{\"@type\":\"ImageObject\",\"@id\":\"https:\/\/thepinchdc.com\/de\/#primaryimage\",\"inLanguage\":\"de\",\"url\":\"http:\/\/thepinchdc.com\/wp-content\/uploads\/2022\/06\/casual-sex-match-1024x768.jpeg\",\"contentUrl\":\"http:\/\/thepinchdc.com\/wp-content\/uploads\/2022\/06\/casual-sex-match-1024x768.jpeg\"},{\"@type\":\"WebPage\",\"@id\":\"https:\/\/thepinchdc.com\/de\/#webpage\",\"url\":\"https:\/\/thepinchdc.com\/de\/\",\"name\":\"10 Beste Hookup-Sites kostenlos (keine Kreditkarte) - Pinch Dating\",\"isPartOf\":{\"@id\":\"https:\/\/thepinchdc.com\/#website\"},\"primaryImageOfPage\":{\"@id\":\"https:\/\/thepinchdc.com\/de\/#primaryimage\"},\"datePublished\":\"2022-06-15T10:27:12+00:00\",\"dateModified\":\"2022-07-01T14:21:21+00:00\",\"breadcrumb\":{\"@id\":\"https:\/\/thepinchdc.com\/de\/#breadcrumb\"},\"inLanguage\":\"de\",\"potentialAction\":[{\"@type\":\"ReadAction\",\"target\":[\"https:\/\/thepinchdc.com\/de\/\"]}]},{\"@type\":\"BreadcrumbList\",\"@id\":\"https:\/\/thepinchdc.com\/de\/#breadcrumb\",\"itemListElement\":[{\"@type\":\"ListItem\",\"position\":1,\"name\":\"Home\",\"item\":\"http:\/\/thepinchdc.com\/de\/\"},{\"@type\":\"ListItem\",\"position\":2,\"name\":\"10 Beste Hookup-Sites kostenlos (keine Kreditkarte)\"}]}]}<\/script>\n<!-- \/ Yoast SEO plugin. -->","yoast_head_json":{"title":"10 Beste Hookup-Sites kostenlos (keine Kreditkarte) - Pinch Dating","robots":{"index":"index","follow":"follow","max-snippet":"max-snippet:-1","max-image-preview":"max-image-preview:large","max-video-preview":"max-video-preview:-1"},"canonical":"https:\/\/thepinchdc.com\/de\/","og_locale":"de_DE","og_type":"article","og_title":"10 Beste Hookup-Sites kostenlos (keine Kreditkarte) - Pinch Dating","og_description":"Es gibt viele Gr\u00fcnde, warum jemand m\u00f6glicherweise nicht f\u00fcr Online-Dating-Sites bezahlen m\u00f6chte. Einige Leute ziehen es einfach vor, kostenlos gelegt zu werden, w\u00e4hrend andere denken, dass das Bezahlen f\u00fcr den Zugang zu einer kostenloses dating app eine unn\u00f6tige Ausgabe ist. Andere machen sich Sorgen \u00fcber Datenschutzprobleme, besonders wenn sie nach etwas Ernstem suchen. Aber wenn [&hellip;]","og_url":"https:\/\/thepinchdc.com\/de\/","og_site_name":"Pinch Dating","article_modified_time":"2022-07-01T14:21:21+00:00","og_image":[{"url":"http:\/\/thepinchdc.com\/wp-content\/uploads\/2022\/06\/casual-sex-match-1024x768.jpeg"}],"twitter_card":"summary_large_image","twitter_misc":{"Gesch\u00e4tzte Lesezeit":"7\u00a0Minuten"},"schema":{"@context":"https:\/\/schema.org","@graph":[{"@type":"WebSite","@id":"https:\/\/thepinchdc.com\/#website","url":"https:\/\/thepinchdc.com\/","name":"Pinch Dating","description":"Local Dating Blog","potentialAction":[{"@type":"SearchAction","target":{"@type":"EntryPoint","urlTemplate":"https:\/\/thepinchdc.com\/?s={search_term_string}"},"query-input":"required name=search_term_string"}],"inLanguage":"de"},{"@type":"ImageObject","@id":"https:\/\/thepinchdc.com\/de\/#primaryimage","inLanguage":"de","url":"http:\/\/thepinchdc.com\/wp-content\/uploads\/2022\/06\/casual-sex-match-1024x768.jpeg","contentUrl":"http:\/\/thepinchdc.com\/wp-content\/uploads\/2022\/06\/casual-sex-match-1024x768.jpeg"},{"@type":"WebPage","@id":"https:\/\/thepinchdc.com\/de\/#webpage","url":"https:\/\/thepinchdc.com\/de\/","name":"10 Beste Hookup-Sites kostenlos (keine Kreditkarte) - Pinch Dating","isPartOf":{"@id":"https:\/\/thepinchdc.com\/#website"},"primaryImageOfPage":{"@id":"https:\/\/thepinchdc.com\/de\/#primaryimage"},"datePublished":"2022-06-15T10:27:12+00:00","dateModified":"2022-07-01T14:21:21+00:00","breadcrumb":{"@id":"https:\/\/thepinchdc.com\/de\/#breadcrumb"},"inLanguage":"de","potentialAction":[{"@type":"ReadAction","target":["https:\/\/thepinchdc.com\/de\/"]}]},{"@type":"BreadcrumbList","@id":"https:\/\/thepinchdc.com\/de\/#breadcrumb","itemListElement":[{"@type":"ListItem","position":1,"name":"Home","item":"http:\/\/thepinchdc.com\/de\/"},{"@type":"ListItem","position":2,"name":"10 Beste Hookup-Sites kostenlos (keine Kreditkarte)"}]}]}},"_links":{"self":[{"href":"https:\/\/thepinchdc.com\/de\/wp-json\/wp\/v2\/pages\/211"}],"collection":[{"href":"https:\/\/thepinchdc.com\/de\/wp-json\/wp\/v2\/pages"}],"about":[{"href":"https:\/\/thepinchdc.com\/de\/wp-json\/wp\/v2\/types\/page"}],"author":[{"embeddable":true,"href":"https:\/\/thepinchdc.com\/de\/wp-json\/wp\/v2\/users\/1"}],"replies":[{"embeddable":true,"href":"https:\/\/thepinchdc.com\/de\/wp-json\/wp\/v2\/comments?post=211"}],"version-history":[{"count":3,"href":"https:\/\/thepinchdc.com\/de\/wp-json\/wp\/v2\/pages\/211\/revisions"}],"predecessor-version":[{"id":232,"href":"https:\/\/thepinchdc.com\/de\/wp-json\/wp\/v2\/pages\/211\/revisions\/232"}],"wp:attachment":[{"href":"https:\/\/thepinchdc.com\/de\/wp-json\/wp\/v2\/media?parent=211"}],"curies":[{"name":"wp","href":"https:\/\/api.w.org\/{rel}","templated":true}]}}