{"id":181,"date":"2022-06-15T12:10:16","date_gmt":"2022-06-15T11:10:16","guid":{"rendered":"http:\/\/thepinchdc.com\/como-encontrar-una-mama-azucarada\/"},"modified":"2022-06-15T12:10:16","modified_gmt":"2022-06-15T11:10:16","slug":"como-encontrar-una-mama-azucarada","status":"publish","type":"page","link":"https:\/\/thepinchdc.com\/es\/como-encontrar-una-mama-azucarada\/","title":{"rendered":"C\u00f3mo encontrar una mam\u00e1 azucarada"},"content":{"rendered":"<h3>\u00bfC\u00f3mo encuentro una aplicaci\u00f3n sugar momma?<\/h3>\n<p>Una b\u00fasqueda r\u00e1pida en la tienda de aplicaciones produce innumerables aplicaciones para mam\u00e1s de az\u00facar, pero muchas aplicaciones tienen un n\u00famero sospechosamente alto de rese\u00f1as casi id\u00e9nticas.<\/p>\n<h3>\u00bfEs sugar dating estafa?<\/h3>\n<p>\u00abSi estoy siendo verdaderamente honesta, y tal vez esto es algo con lo que mi terapeuta estar\u00eda de acuerdo, pero supongo que quer\u00eda tener mi pastel y comerlo tambi\u00e9n\u00bb, dijo una mam\u00e1 azucarera a Refinery29 El problema de tratar de encontrar un acuerdo de citas con az\u00facar en l\u00ednea es que muchos de ellos son estafas.<\/p>\n<h3>\u00bfQu\u00e9 es buscar un acuerdo?<\/h3>\n<p>Seeking Arrangement es un sitio de citas que promueve fuertemente la honestidad entre sus miembros, por lo que se alienta a todos los miembros a declarar abiertamente sus objetivos e intenciones de relaci\u00f3n.<\/p>\n<h3>\u00bfQu\u00e9 es el arreglo de az\u00facar?<\/h3>\n<p>Las citas redefinidas y los millones de posibilidades permiten que los arreglos de az\u00facar sean otro formato de relaci\u00f3n que puede buscar f\u00e1cilmente con Seeking Arrangement.<\/p>\n<h3>\u00bfQu\u00e9 es Sugar Mama Dating?<\/h3>\n<p>Como resultado, las citas de sugar mama se convirtieron en el \u00faltimo \u00e9xito en el mundo de las citas de az\u00facar, lo que permiti\u00f3 a las mujeres ser parejas sofisticadas y ricas listas para malcriar a alguien.<\/p>\n<h3>\u00bfQu\u00e9 es una Sugar Mum?<\/h3>\n<p>Las momias de az\u00facar poderosas y ricas est\u00e1n felices de pasar su tiempo con hombres m\u00e1s j\u00f3venes y en\u00e9rgicos, mientras que los hombres m\u00e1s j\u00f3venes buscan una mentora m\u00e1s madura y experimentada para guiarlos a trav\u00e9s de la vida.<\/p>\n<h3>\u00bfPara qui\u00e9n es Cougar Life?<\/h3>\n<p>Cougar Life se centra en conectar a las mujeres maduras con los hombres m\u00e1s j\u00f3venes, por lo que es la plataforma perfecta para todas las mujeres maduras que buscan un compa\u00f1ero m\u00e1s joven, as\u00ed como para los hombres j\u00f3venes que buscan una mujer experimentada.<\/p>\n<h3>\u00bfCu\u00e1les son las caracter\u00edsticas de Cougar Life?<\/h3>\n<p>Por lo tanto, el sitio ofrece varias funciones, incluido el intercambio privado de fotos, mensajes prioritarios y encontrar una fecha esta noche.<\/p>\n<h3>\u00bfQu\u00e9 es Adult Friend Finder?<\/h3>\n<p>Como el sitio web l\u00edder para citas de adultos, Adult Friend Frinder est\u00e1 lleno de muchos miembros y nuevas oportunidades.<\/p>\n<h3>\u00bfC\u00f3mo encuentro momias de az\u00facar?<\/h3>\n<p>Se recomienda a los solteros que quieran darle vida a su vida sexual que prueben Adult Friend Finder. Como el sitio web l\u00edder para citas de adultos, Adult Friend Frinder est\u00e1 lleno de muchos miembros y nuevas oportunidades.<\/p>\n<h3>\u00bfQu\u00e9 es Silver Singles?<\/h3>\n<p>Silver Singles se encuentra entre las mejores opciones para m\u00e1s de 50 hombres y mujeres solteros que buscan una segunda oportunidad en el amor.<\/p>\n<h3>\u00bfCu\u00e1les son los beneficios de usar Silver Singles?<\/h3>\n<p>Gracias a numerosas encuestas de personalidad, t\u00e9cnicas de emparejamiento y m\u00e9todos de citas, las citas en l\u00ednea con Silver Singles son simples, efectivas y agradables.<\/p>\n","protected":false},"excerpt":{"rendered":"<p>\u00bfC\u00f3mo encuentro una aplicaci\u00f3n sugar momma? Una b\u00fasqueda r\u00e1pida en la tienda de aplicaciones produce innumerables aplicaciones para mam\u00e1s de az\u00facar, pero muchas aplicaciones tienen un n\u00famero sospechosamente alto de rese\u00f1as casi id\u00e9nticas. \u00bfEs sugar dating estafa? \u00abSi estoy siendo verdaderamente honesta, y tal vez esto es algo con lo que mi terapeuta estar\u00eda de [&hellip;]<\/p>\n","protected":false},"author":1,"featured_media":0,"parent":0,"menu_order":0,"comment_status":"closed","ping_status":"closed","template":"","meta":[],"yoast_head":"<!-- This site is optimized with the Yoast SEO plugin v17.7.1 - https:\/\/yoast.com\/wordpress\/plugins\/seo\/ -->\n<title>C\u00f3mo encontrar una mam\u00e1 azucarada - Pinch Dating<\/title>\n<meta name=\"robots\" content=\"index, follow, max-snippet:-1, max-image-preview:large, max-video-preview:-1\" \/>\n<link rel=\"canonical\" href=\"https:\/\/thepinchdc.com\/es\/como-encontrar-una-mama-azucarada\/\" \/>\n<meta property=\"og:locale\" content=\"es_ES\" \/>\n<meta property=\"og:type\" content=\"article\" \/>\n<meta property=\"og:title\" content=\"C\u00f3mo encontrar una mam\u00e1 azucarada - Pinch Dating\" \/>\n<meta property=\"og:description\" content=\"\u00bfC\u00f3mo encuentro una aplicaci\u00f3n sugar momma? Una b\u00fasqueda r\u00e1pida en la tienda de aplicaciones produce innumerables aplicaciones para mam\u00e1s de az\u00facar, pero muchas aplicaciones tienen un n\u00famero sospechosamente alto de rese\u00f1as casi id\u00e9nticas. \u00bfEs sugar dating estafa? \u00abSi estoy siendo verdaderamente honesta, y tal vez esto es algo con lo que mi terapeuta estar\u00eda de [&hellip;]\" \/>\n<meta property=\"og:url\" content=\"https:\/\/thepinchdc.com\/es\/como-encontrar-una-mama-azucarada\/\" \/>\n<meta property=\"og:site_name\" content=\"Pinch Dating\" \/>\n<meta name=\"twitter:card\" content=\"summary_large_image\" \/>\n<meta name=\"twitter:label1\" content=\"Tiempo de lectura\" \/>\n\t<meta name=\"twitter:data1\" content=\"3 minutos\" \/>\n<script type=\"application\/ld+json\" class=\"yoast-schema-graph\">{\"@context\":\"https:\/\/schema.org\",\"@graph\":[{\"@type\":\"WebSite\",\"@id\":\"https:\/\/thepinchdc.com\/#website\",\"url\":\"https:\/\/thepinchdc.com\/\",\"name\":\"Pinch Dating\",\"description\":\"Local Dating Blog\",\"potentialAction\":[{\"@type\":\"SearchAction\",\"target\":{\"@type\":\"EntryPoint\",\"urlTemplate\":\"https:\/\/thepinchdc.com\/?s={search_term_string}\"},\"query-input\":\"required name=search_term_string\"}],\"inLanguage\":\"es\"},{\"@type\":\"WebPage\",\"@id\":\"https:\/\/thepinchdc.com\/es\/como-encontrar-una-mama-azucarada\/#webpage\",\"url\":\"https:\/\/thepinchdc.com\/es\/como-encontrar-una-mama-azucarada\/\",\"name\":\"C\\u00f3mo encontrar una mam\\u00e1 azucarada - Pinch Dating\",\"isPartOf\":{\"@id\":\"https:\/\/thepinchdc.com\/#website\"},\"datePublished\":\"2022-06-15T11:10:16+00:00\",\"dateModified\":\"2022-06-15T11:10:16+00:00\",\"breadcrumb\":{\"@id\":\"https:\/\/thepinchdc.com\/es\/como-encontrar-una-mama-azucarada\/#breadcrumb\"},\"inLanguage\":\"es\",\"potentialAction\":[{\"@type\":\"ReadAction\",\"target\":[\"https:\/\/thepinchdc.com\/es\/como-encontrar-una-mama-azucarada\/\"]}]},{\"@type\":\"BreadcrumbList\",\"@id\":\"https:\/\/thepinchdc.com\/es\/como-encontrar-una-mama-azucarada\/#breadcrumb\",\"itemListElement\":[{\"@type\":\"ListItem\",\"position\":1,\"name\":\"Home\",\"item\":\"http:\/\/thepinchdc.com\/es\/\"},{\"@type\":\"ListItem\",\"position\":2,\"name\":\"C\\u00f3mo encontrar una mam\\u00e1 azucarada\"}]}]}<\/script>\n<!-- \/ Yoast SEO plugin. -->","yoast_head_json":{"title":"C\u00f3mo encontrar una mam\u00e1 azucarada - Pinch Dating","robots":{"index":"index","follow":"follow","max-snippet":"max-snippet:-1","max-image-preview":"max-image-preview:large","max-video-preview":"max-video-preview:-1"},"canonical":"https:\/\/thepinchdc.com\/es\/como-encontrar-una-mama-azucarada\/","og_locale":"es_ES","og_type":"article","og_title":"C\u00f3mo encontrar una mam\u00e1 azucarada - Pinch Dating","og_description":"\u00bfC\u00f3mo encuentro una aplicaci\u00f3n sugar momma? Una b\u00fasqueda r\u00e1pida en la tienda de aplicaciones produce innumerables aplicaciones para mam\u00e1s de az\u00facar, pero muchas aplicaciones tienen un n\u00famero sospechosamente alto de rese\u00f1as casi id\u00e9nticas. \u00bfEs sugar dating estafa? \u00abSi estoy siendo verdaderamente honesta, y tal vez esto es algo con lo que mi terapeuta estar\u00eda de [&hellip;]","og_url":"https:\/\/thepinchdc.com\/es\/como-encontrar-una-mama-azucarada\/","og_site_name":"Pinch Dating","twitter_card":"summary_large_image","twitter_misc":{"Tiempo de lectura":"3 minutos"},"schema":{"@context":"https:\/\/schema.org","@graph":[{"@type":"WebSite","@id":"https:\/\/thepinchdc.com\/#website","url":"https:\/\/thepinchdc.com\/","name":"Pinch Dating","description":"Local Dating Blog","potentialAction":[{"@type":"SearchAction","target":{"@type":"EntryPoint","urlTemplate":"https:\/\/thepinchdc.com\/?s={search_term_string}"},"query-input":"required name=search_term_string"}],"inLanguage":"es"},{"@type":"WebPage","@id":"https:\/\/thepinchdc.com\/es\/como-encontrar-una-mama-azucarada\/#webpage","url":"https:\/\/thepinchdc.com\/es\/como-encontrar-una-mama-azucarada\/","name":"C\u00f3mo encontrar una mam\u00e1 azucarada - Pinch Dating","isPartOf":{"@id":"https:\/\/thepinchdc.com\/#website"},"datePublished":"2022-06-15T11:10:16+00:00","dateModified":"2022-06-15T11:10:16+00:00","breadcrumb":{"@id":"https:\/\/thepinchdc.com\/es\/como-encontrar-una-mama-azucarada\/#breadcrumb"},"inLanguage":"es","potentialAction":[{"@type":"ReadAction","target":["https:\/\/thepinchdc.com\/es\/como-encontrar-una-mama-azucarada\/"]}]},{"@type":"BreadcrumbList","@id":"https:\/\/thepinchdc.com\/es\/como-encontrar-una-mama-azucarada\/#breadcrumb","itemListElement":[{"@type":"ListItem","position":1,"name":"Home","item":"http:\/\/thepinchdc.com\/es\/"},{"@type":"ListItem","position":2,"name":"C\u00f3mo encontrar una mam\u00e1 azucarada"}]}]}},"_links":{"self":[{"href":"https:\/\/thepinchdc.com\/es\/wp-json\/wp\/v2\/pages\/181"}],"collection":[{"href":"https:\/\/thepinchdc.com\/es\/wp-json\/wp\/v2\/pages"}],"about":[{"href":"https:\/\/thepinchdc.com\/es\/wp-json\/wp\/v2\/types\/page"}],"author":[{"embeddable":true,"href":"https:\/\/thepinchdc.com\/es\/wp-json\/wp\/v2\/users\/1"}],"replies":[{"embeddable":true,"href":"https:\/\/thepinchdc.com\/es\/wp-json\/wp\/v2\/comments?post=181"}],"version-history":[{"count":0,"href":"https:\/\/thepinchdc.com\/es\/wp-json\/wp\/v2\/pages\/181\/revisions"}],"wp:attachment":[{"href":"https:\/\/thepinchdc.com\/es\/wp-json\/wp\/v2\/media?parent=181"}],"curies":[{"name":"wp","href":"https:\/\/api.w.org\/{rel}","templated":true}]}}