{"id":213,"date":"2022-06-15T11:27:12","date_gmt":"2022-06-15T10:27:12","guid":{"rendered":"http:\/\/thepinchdc.com\/los-10-mejores-sitios-de-conexion-gratis-sin-tarjeta-de-credito\/"},"modified":"2022-06-23T13:58:21","modified_gmt":"2022-06-23T12:58:21","slug":"los-10-mejores-sitios-de-conexion-gratis-sin-tarjeta-de-credito","status":"publish","type":"page","link":"https:\/\/thepinchdc.com\/es\/","title":{"rendered":"Los 10 mejores sitios de conexi\u00f3n gratis (sin tarjeta de cr\u00e9dito)"},"content":{"rendered":"<p>Hay muchas razones por las que alguien podr\u00eda no querer pagar por los sitios de citas en l\u00ednea. Algunas personas simplemente prefieren ser colocadas gratis, mientras que otras piensan que pagar por el acceso a un sitio de citas es un gasto innecesario. Otros se preocupan por los problemas de privacidad, especialmente si est\u00e1n buscando algo serio. Pero si realmente desea probar las citas en l\u00ednea, probablemente deber\u00eda considerar pagar por una membres\u00eda premium en una aplicaci\u00f3n o sitio web de conexi\u00f3n.<\/p>\n<p>Estos servicios ofrecen mucha m\u00e1s funcionalidad que las opciones gratuitas con <a href=\"http:\/\/www.solteros-locales.com\/paginas-de-follamigos\/\">follamigos gratis<\/a>, incluidos los filtros de b\u00fasqueda avanzada, las funciones de mensajer\u00eda y la capacidad de compartir fotos y videos. Y aunque cuestan dinero, a menudo vienen con medidas de seguridad adicionales que protegen su identidad y su informaci\u00f3n personal.<\/p>\n<p>Las citas en l\u00ednea son una manera f\u00e1cil de conocer a alguien nuevo. Pero hay muchos tipos diferentes de sitios de citas en l\u00ednea como, cada uno con sus propios pros y contras. Aqu\u00ed est\u00e1n nuestras cinco mejores selecciones, junto con lo que debe esperar si se registra.<\/p>\n<p><img loading=\"lazy\" class=\" wp-image-34 aligncenter\" src=\"http:\/\/thepinchdc.com\/wp-content\/uploads\/2022\/06\/casual-sex-match-1024x768.jpeg\" alt=\"\" width=\"664\" height=\"498\" srcset=\"https:\/\/thepinchdc.com\/wp-content\/uploads\/2022\/06\/casual-sex-match-1024x768.jpeg 1024w, https:\/\/thepinchdc.com\/wp-content\/uploads\/2022\/06\/casual-sex-match-300x225.jpeg 300w, https:\/\/thepinchdc.com\/wp-content\/uploads\/2022\/06\/casual-sex-match-768x576.jpeg 768w, https:\/\/thepinchdc.com\/wp-content\/uploads\/2022\/06\/casual-sex-match-1536x1152.jpeg 1536w, https:\/\/thepinchdc.com\/wp-content\/uploads\/2022\/06\/casual-sex-match.jpeg 2000w\" sizes=\"(max-width: 664px) 100vw, 664px\" \/><\/p>\n<h2>\u00bfEst\u00e1s interesado en unirte a una aplicaci\u00f3n de conexi\u00f3n gratuita? \u00a1Lo has encontrado aqu\u00ed!<\/h2>\n<p>La cultura de la conexi\u00f3n es un fen\u00f3meno social en el que las personas participan en <a href=\"http:\/\/www.paginas-para-follar.com\/webs-de-sexo-gratis\/\">paginas para follar gratis<\/a> con extra\u00f1os, a menudo a cambio de dinero, drogas, alcohol u otras recompensas. Las conexiones suelen ser encuentros a corto plazo, y pueden ocurrir en lugares p\u00fablicos como clubes o bares, residencias privadas o en l\u00ednea a trav\u00e9s de sitios web como Craigslist, Tinder, OkCupid, Grindr y otros.<\/p>\n<h3>Ashley Madison<\/h3>\n<p>AshleyMadison es un soplo de frescura para las personas solteras o apegadas que experimentan una depresi\u00f3n sexual si est\u00e1s buscando conocer mujeres que quieran follar. Este emocionante sitio de citas y aplicaci\u00f3n ofrece muchas oportunidades para mezclar parejas, coquetear y conectarse discretamente. M\u00e1s de 54 millones de perfiles te esperan en AshleyMadison, y es gratis crear cuentas an\u00f3nimas. Discretamente arregla una noche de aventuras y relaciones extramatrimoniales. M\u00e1s de 54 millones de perfiles en todo el mundo. Caracter\u00edsticas amigables para viajar para buscar coincidencias en diferentes ciudades.<\/p>\n<p>Explora los perfiles de Ashley Madison 100% gratis. Ashley Madison sacudi\u00f3 el mundo de los sitios web de citas cuando se lanz\u00f3 a principios de la d\u00e9cada de 2000. El equipo tiene la audacia de marcarse a s\u00ed mismo como el principal sitio para personas casadas que buscan asuntos extramarciales y conexiones sexuales. No tiene que estar casado para convertirse en miembro, pero los sitios conocidos en todo el mundo como el recurso de referencia para los comprometidos a buscar coqueteos sin compromiso y juegos sexuales.<\/p>\n<h3>Bisagra<\/h3>\n<p>Hinge es un sitio web de citas en l\u00ednea gratuito con m\u00e1s de 50 millones de miembros en todo el mundo. Hinge est\u00e1 dise\u00f1ado para ayudarte a encontrar el amor, no solo las conexiones. Puede buscar por edad, g\u00e9nero, ubicaci\u00f3n, intereses, tipo de personalidad, estado de relaci\u00f3n, orientaci\u00f3n sexual, etnia, religi\u00f3n, nivel de educaci\u00f3n, ocupaci\u00f3n, ingresos, tipo de cuerpo, altura, peso, apariencia y preferencias de estilo de vida. Hinge tambi\u00e9n ofrece una funci\u00f3n de \u00abCoincidencia r\u00e1pida\u00bb que permite a los usuarios navegar a trav\u00e9s de socios potenciales en funci\u00f3n de la informaci\u00f3n de su perfil. Si encuentras a alguien que te gusta, puedes enviarle un mensaje.<\/p>\n<p>Una vez que haya intercambiado mensajes, puede chatear de forma gratuita hasta que decida si se re\u00fane en <a href=\"http:\/\/www.paginas-de-sexo.com\/pagina-swingers\/\">pagina swingers<\/a>. Si est\u00e1 buscando usar sitios de chat de mierda, le sugerimos que pruebe. A diferencia de muchos otros sitios, Hinge no requiere que cree un perfil completo antes de poder comenzar a usar sus funciones.<\/p>\n<h3>Buscador de amigos adultos<\/h3>\n<p>AdultFriendFinder es una red social gratuita para adultos que conecta a personas que buscan encuentros casuales y relaciones discretas. Puede buscar entre millones de miembros activos para su pr\u00f3xima cita. Tambi\u00e9n hay miles de categor\u00edas para ayudarlo a reducir sus opciones.<\/p>\n<p>Una vez que haya encontrado a alguien con quien le gustar\u00eda reunirse con chicas o chicos con los que se reuni\u00f3\u00a0AFF, puede enviarle un mensaje y organizar un momento para reunirse. Toda comunicaci\u00f3n es privada y confidencial. No se requiere tarjeta de cr\u00e9dito. El registro es r\u00e1pido y f\u00e1cil.<\/p>\n<p>AdultFriendFinder, tambi\u00e9n conocido como AF, se lanz\u00f3 en 1996 y sigue siendo uno de los sitios m\u00e1s grandes dedicados a encontrar el amor y la amistad a trav\u00e9s de encuentros casuales. Puede navegar por los perfiles de forma gratuita, pero deber\u00e1 pagar la membres\u00eda Gold para chatear de forma privada con otros miembros, enviarles mensajes directos o ver sus fotos de perfil.<\/p>\n<p>AFF es un sitio de citas en l\u00ednea para aquellos que buscan <a href=\"http:\/\/www.citas-con-mujeres.com\/juegos-de-sexo-gratis-no-te-registras\/\">juegos de sexo gratis<\/a>. Ya sea que est\u00e9 buscando algo pervertido o simplemente quiera conocer a alguien nuevo, AFF es el lugar para ir. Puede navegar por los perfiles de los miembros locales cerca de usted y enviar mensajes. No hay cargos para unirse y no se requiere informaci\u00f3n de tarjeta de cr\u00e9dito. \u00a1Conocer a otras personas de ideas afines es f\u00e1cil y divertido!<\/p>\n<h3>FriendFinder-X<\/h3>\n<p>FriendFindr-X es un sitio web de citas en l\u00ednea que re\u00fane a hombres y mujeres solteros que buscan diversi\u00f3n y amor. Los usuarios pueden chatear entre s\u00ed, explorar \u00e1lbumes de fotos, ver videoclips y enviar regalos virtuales. Tambi\u00e9n hay foros y tableros de mensajes donde los usuarios pueden discutir temas relacionados con el sexo, las relaciones y la vida. El sitio est\u00e1 disponible en ingl\u00e9s, espa\u00f1ol, franc\u00e9s, alem\u00e1n, portugu\u00e9s, italiano, ruso, \u00e1rabe, chino, japon\u00e9s, coreano, tailand\u00e9s, indonesio, vietnamita, filipino y turco.<\/p>\n<p>Friendfinder X es otra aplicaci\u00f3n de citas que te permite conectarte con otros usuarios. Puede navegar por perfiles, enviar mensajes y chatear con miembros que est\u00e9n cerca. Tambi\u00e9n puedes dar me gusta o marcar como favorito tus partidos si est\u00e1s interesado en conocerlos mejor. Hay muchas opciones cuando se trata de chatear en l\u00ednea, incluidos mensajes de texto, llamadas de voz, chats de video e incluso programas de c\u00e1mara web.<\/p>\n<p>Tambi\u00e9n puede compartir informaci\u00f3n privada con sus parejas, como su estado de relaci\u00f3n actual, religi\u00f3n, opiniones pol\u00edticas, orientaci\u00f3n sexual y pasatiempos favoritos. Para aquellos que prefieren mantener su vida personal separada de su vida profesional, tambi\u00e9n puede crear un perfil privado. Puede navegar por los perfiles de otros, enviar mensajes, chatear e incluso reunirse con extra\u00f1os cerca de usted.<\/p>\n<h3>Flirt.com<\/h3>\n<p>Flirt.com es un sitio web que permite a los usuarios navegar a trav\u00e9s de miles de fotos y videos de otros miembros. Los usuarios tambi\u00e9n pueden enviarse mensajes entre s\u00ed de forma an\u00f3nima, chatear en privado e intercambiar im\u00e1genes traviesas.<\/p>\n<p>Actualmente hay m\u00e1s de 70 millones de perfiles activos en el sitio, lo que lo convierte en uno de los sitios de citas m\u00e1s grandes del mundo. Los miembros pueden navegar por los perfiles de forma completamente gratuita, e incluso pueden enviar mensajes privados a extra\u00f1os si lo desean.<\/p>\n<p>Flirt.com es el sitio de citas en l\u00ednea m\u00e1s grande de los Estados Unidos. Con cerca de 70 millones de usuarios activos, ofrece un servicio gratuito con funcionalidad b\u00e1sica. Puede crear su propio perfil, buscar otros solteros y chatear con ellos sin costo alguno.<\/p>\n<p>Tambi\u00e9n hay planes de pago disponibles que le brindan funciones adicionales como navegar por perfiles de forma an\u00f3nima, enviar gui\u00f1os y deslizar hacia la derecha. Si bien no hay muchas restricciones sobre lo que puede hacer en el sitio, deber\u00e1 pagar para desbloquear funciones adicionales.<\/p>\n<h2>Nuestras reflexiones finales<\/h2>\n<p>Como habr\u00e1s notado, hay muchos tipos diferentes de sitios web de citas sexuales por ah\u00ed. Algunos atienden espec\u00edficamente a los hombres, mientras que otros se centran en las mujeres. Otros est\u00e1n orientados a las parejas. Y otros est\u00e1n dise\u00f1ados para aquellos que buscan encuentros casuales. No importa qu\u00e9 tipo de encuentro sexual est\u00e9 buscando, seguramente habr\u00e1 un sitio que se adaptar\u00e1 a sus necesidades.<\/p>\n<p>Sin embargo, antes de registrarse en cualquiera de ellos, aseg\u00farese de leer las rese\u00f1as y consultar los comentarios de los clientes. Tambi\u00e9n debe conocer las medidas de seguridad tomadas por cada sitio, incluidos los requisitos de verificaci\u00f3n y las pol\u00edticas de privacidad. Despu\u00e9s de todo, no querr\u00edas que alguien fingiera ser t\u00fa en l\u00ednea.<\/p>\n","protected":false},"excerpt":{"rendered":"<p>Hay muchas razones por las que alguien podr\u00eda no querer pagar por los sitios de citas en l\u00ednea. Algunas personas simplemente prefieren ser colocadas gratis, mientras que otras piensan que pagar por el acceso a un sitio de citas es un gasto innecesario. Otros se preocupan por los problemas de privacidad, especialmente si est\u00e1n buscando [&hellip;]<\/p>\n","protected":false},"author":1,"featured_media":0,"parent":0,"menu_order":0,"comment_status":"closed","ping_status":"closed","template":"","meta":[],"yoast_head":"<!-- This site is optimized with the Yoast SEO plugin v17.7.1 - https:\/\/yoast.com\/wordpress\/plugins\/seo\/ -->\n<title>Los 10 mejores sitios de conexi\u00f3n gratis (sin tarjeta de cr\u00e9dito) - Pinch Dating<\/title>\n<meta name=\"robots\" content=\"index, follow, max-snippet:-1, max-image-preview:large, max-video-preview:-1\" \/>\n<link rel=\"canonical\" href=\"https:\/\/thepinchdc.com\/es\/\" \/>\n<meta property=\"og:locale\" content=\"es_ES\" \/>\n<meta property=\"og:type\" content=\"article\" \/>\n<meta property=\"og:title\" content=\"Los 10 mejores sitios de conexi\u00f3n gratis (sin tarjeta de cr\u00e9dito) - Pinch Dating\" \/>\n<meta property=\"og:description\" content=\"Hay muchas razones por las que alguien podr\u00eda no querer pagar por los sitios de citas en l\u00ednea. Algunas personas simplemente prefieren ser colocadas gratis, mientras que otras piensan que pagar por el acceso a un sitio de citas es un gasto innecesario. Otros se preocupan por los problemas de privacidad, especialmente si est\u00e1n buscando [&hellip;]\" \/>\n<meta property=\"og:url\" content=\"https:\/\/thepinchdc.com\/es\/\" \/>\n<meta property=\"og:site_name\" content=\"Pinch Dating\" \/>\n<meta property=\"article:modified_time\" content=\"2022-06-23T12:58:21+00:00\" \/>\n<meta property=\"og:image\" content=\"http:\/\/thepinchdc.com\/wp-content\/uploads\/2022\/06\/casual-sex-match-1024x768.jpeg\" \/>\n<meta name=\"twitter:card\" content=\"summary_large_image\" \/>\n<meta name=\"twitter:label1\" content=\"Tiempo de lectura\" \/>\n\t<meta name=\"twitter:data1\" content=\"7 minutos\" \/>\n<script type=\"application\/ld+json\" class=\"yoast-schema-graph\">{\"@context\":\"https:\/\/schema.org\",\"@graph\":[{\"@type\":\"WebSite\",\"@id\":\"https:\/\/thepinchdc.com\/#website\",\"url\":\"https:\/\/thepinchdc.com\/\",\"name\":\"Pinch Dating\",\"description\":\"Local Dating Blog\",\"potentialAction\":[{\"@type\":\"SearchAction\",\"target\":{\"@type\":\"EntryPoint\",\"urlTemplate\":\"https:\/\/thepinchdc.com\/?s={search_term_string}\"},\"query-input\":\"required name=search_term_string\"}],\"inLanguage\":\"es\"},{\"@type\":\"ImageObject\",\"@id\":\"https:\/\/thepinchdc.com\/es\/#primaryimage\",\"inLanguage\":\"es\",\"url\":\"http:\/\/thepinchdc.com\/wp-content\/uploads\/2022\/06\/casual-sex-match-1024x768.jpeg\",\"contentUrl\":\"http:\/\/thepinchdc.com\/wp-content\/uploads\/2022\/06\/casual-sex-match-1024x768.jpeg\"},{\"@type\":\"WebPage\",\"@id\":\"https:\/\/thepinchdc.com\/es\/#webpage\",\"url\":\"https:\/\/thepinchdc.com\/es\/\",\"name\":\"Los 10 mejores sitios de conexi\\u00f3n gratis (sin tarjeta de cr\\u00e9dito) - Pinch Dating\",\"isPartOf\":{\"@id\":\"https:\/\/thepinchdc.com\/#website\"},\"primaryImageOfPage\":{\"@id\":\"https:\/\/thepinchdc.com\/es\/#primaryimage\"},\"datePublished\":\"2022-06-15T10:27:12+00:00\",\"dateModified\":\"2022-06-23T12:58:21+00:00\",\"breadcrumb\":{\"@id\":\"https:\/\/thepinchdc.com\/es\/#breadcrumb\"},\"inLanguage\":\"es\",\"potentialAction\":[{\"@type\":\"ReadAction\",\"target\":[\"https:\/\/thepinchdc.com\/es\/\"]}]},{\"@type\":\"BreadcrumbList\",\"@id\":\"https:\/\/thepinchdc.com\/es\/#breadcrumb\",\"itemListElement\":[{\"@type\":\"ListItem\",\"position\":1,\"name\":\"Home\",\"item\":\"http:\/\/thepinchdc.com\/es\/\"},{\"@type\":\"ListItem\",\"position\":2,\"name\":\"Los 10 mejores sitios de conexi\\u00f3n gratis (sin tarjeta de cr\\u00e9dito)\"}]}]}<\/script>\n<!-- \/ Yoast SEO plugin. -->","yoast_head_json":{"title":"Los 10 mejores sitios de conexi\u00f3n gratis (sin tarjeta de cr\u00e9dito) - Pinch Dating","robots":{"index":"index","follow":"follow","max-snippet":"max-snippet:-1","max-image-preview":"max-image-preview:large","max-video-preview":"max-video-preview:-1"},"canonical":"https:\/\/thepinchdc.com\/es\/","og_locale":"es_ES","og_type":"article","og_title":"Los 10 mejores sitios de conexi\u00f3n gratis (sin tarjeta de cr\u00e9dito) - Pinch Dating","og_description":"Hay muchas razones por las que alguien podr\u00eda no querer pagar por los sitios de citas en l\u00ednea. Algunas personas simplemente prefieren ser colocadas gratis, mientras que otras piensan que pagar por el acceso a un sitio de citas es un gasto innecesario. Otros se preocupan por los problemas de privacidad, especialmente si est\u00e1n buscando [&hellip;]","og_url":"https:\/\/thepinchdc.com\/es\/","og_site_name":"Pinch Dating","article_modified_time":"2022-06-23T12:58:21+00:00","og_image":[{"url":"http:\/\/thepinchdc.com\/wp-content\/uploads\/2022\/06\/casual-sex-match-1024x768.jpeg"}],"twitter_card":"summary_large_image","twitter_misc":{"Tiempo de lectura":"7 minutos"},"schema":{"@context":"https:\/\/schema.org","@graph":[{"@type":"WebSite","@id":"https:\/\/thepinchdc.com\/#website","url":"https:\/\/thepinchdc.com\/","name":"Pinch Dating","description":"Local Dating Blog","potentialAction":[{"@type":"SearchAction","target":{"@type":"EntryPoint","urlTemplate":"https:\/\/thepinchdc.com\/?s={search_term_string}"},"query-input":"required name=search_term_string"}],"inLanguage":"es"},{"@type":"ImageObject","@id":"https:\/\/thepinchdc.com\/es\/#primaryimage","inLanguage":"es","url":"http:\/\/thepinchdc.com\/wp-content\/uploads\/2022\/06\/casual-sex-match-1024x768.jpeg","contentUrl":"http:\/\/thepinchdc.com\/wp-content\/uploads\/2022\/06\/casual-sex-match-1024x768.jpeg"},{"@type":"WebPage","@id":"https:\/\/thepinchdc.com\/es\/#webpage","url":"https:\/\/thepinchdc.com\/es\/","name":"Los 10 mejores sitios de conexi\u00f3n gratis (sin tarjeta de cr\u00e9dito) - Pinch Dating","isPartOf":{"@id":"https:\/\/thepinchdc.com\/#website"},"primaryImageOfPage":{"@id":"https:\/\/thepinchdc.com\/es\/#primaryimage"},"datePublished":"2022-06-15T10:27:12+00:00","dateModified":"2022-06-23T12:58:21+00:00","breadcrumb":{"@id":"https:\/\/thepinchdc.com\/es\/#breadcrumb"},"inLanguage":"es","potentialAction":[{"@type":"ReadAction","target":["https:\/\/thepinchdc.com\/es\/"]}]},{"@type":"BreadcrumbList","@id":"https:\/\/thepinchdc.com\/es\/#breadcrumb","itemListElement":[{"@type":"ListItem","position":1,"name":"Home","item":"http:\/\/thepinchdc.com\/es\/"},{"@type":"ListItem","position":2,"name":"Los 10 mejores sitios de conexi\u00f3n gratis (sin tarjeta de cr\u00e9dito)"}]}]}},"_links":{"self":[{"href":"https:\/\/thepinchdc.com\/es\/wp-json\/wp\/v2\/pages\/213"}],"collection":[{"href":"https:\/\/thepinchdc.com\/es\/wp-json\/wp\/v2\/pages"}],"about":[{"href":"https:\/\/thepinchdc.com\/es\/wp-json\/wp\/v2\/types\/page"}],"author":[{"embeddable":true,"href":"https:\/\/thepinchdc.com\/es\/wp-json\/wp\/v2\/users\/1"}],"replies":[{"embeddable":true,"href":"https:\/\/thepinchdc.com\/es\/wp-json\/wp\/v2\/comments?post=213"}],"version-history":[{"count":2,"href":"https:\/\/thepinchdc.com\/es\/wp-json\/wp\/v2\/pages\/213\/revisions"}],"predecessor-version":[{"id":225,"href":"https:\/\/thepinchdc.com\/es\/wp-json\/wp\/v2\/pages\/213\/revisions\/225"}],"wp:attachment":[{"href":"https:\/\/thepinchdc.com\/es\/wp-json\/wp\/v2\/media?parent=213"}],"curies":[{"name":"wp","href":"https:\/\/api.w.org\/{rel}","templated":true}]}}