{"id":215,"date":"2022-06-15T11:46:52","date_gmt":"2022-06-15T10:46:52","guid":{"rendered":"http:\/\/thepinchdc.com\/por-que-las-aplicaciones-de-citas-podrian-ser-el-camino-a-seguir\/"},"modified":"2022-07-20T15:15:24","modified_gmt":"2022-07-20T14:15:24","slug":"por-que-las-aplicaciones-de-citas-podrian-ser-el-camino-a-seguir","status":"publish","type":"page","link":"https:\/\/thepinchdc.com\/es\/por-que-las-aplicaciones-de-citas-podrian-ser-el-camino-a-seguir\/","title":{"rendered":"Por qu\u00e9 las aplicaciones de citas podr\u00edan ser el camino a seguir"},"content":{"rendered":"<p>Si est\u00e1 buscando algo serio, entonces debe considerar conocer a alguien en su bar o club local. Es posible que <a href=\"https:\/\/www.sexting-sites.com\/es\/\">sexting<\/a> no encuentres lo que est\u00e1s buscando de inmediato, pero si sigues intent\u00e1ndolo, eventualmente conocer\u00e1s a alguien especial. Si te sientes aventurero, echa un vistazo a nuestra gu\u00eda de citas en l\u00ednea para parejas. Es gratis y f\u00e1cil registrarse. \u00a1No te arrepentir\u00e1s!<\/p>\n<p>Entendemos que no todo el mundo quiere pagar por una aplicaci\u00f3n o sitio web, especialmente si hay otras opciones disponibles. Es por eso que estamos ofreciendo una versi\u00f3n gratuita de nuestras aplicaciones y sitios web. Podr\u00e1 ver todas las funciones, pero no podr\u00e1 interactuar con otros. \u00a1Esperamos que disfrutes usando nuestros productos y servicios!<\/p>\n<p><img loading=\"lazy\" class=\" wp-image-37 aligncenter\" src=\"http:\/\/thepinchdc.com\/wp-content\/uploads\/2022\/06\/date-dates-1024x683.jpeg\" alt=\"\" width=\"658\" height=\"439\" srcset=\"https:\/\/thepinchdc.com\/wp-content\/uploads\/2022\/06\/date-dates-1024x683.jpeg 1024w, https:\/\/thepinchdc.com\/wp-content\/uploads\/2022\/06\/date-dates-300x200.jpeg 300w, https:\/\/thepinchdc.com\/wp-content\/uploads\/2022\/06\/date-dates-768x512.jpeg 768w, https:\/\/thepinchdc.com\/wp-content\/uploads\/2022\/06\/date-dates-1536x1025.jpeg 1536w, https:\/\/thepinchdc.com\/wp-content\/uploads\/2022\/06\/date-dates-2048x1367.jpeg 2048w\" sizes=\"(max-width: 658px) 100vw, 658px\" \/><\/p>\n<h2>Por qu\u00e9 deber\u00eda comenzar<\/h2>\n<p>Las aplicaciones de conexi\u00f3n son excelentes herramientas para conocer gente nueva y encontrar a alguien especial. Pero si a\u00fan no est\u00e1 seguro de si son adecuados para usted o no, consulte nuestra pr\u00e1ctica gu\u00eda para ayudarlo a decidir. \u00bfQu\u00e9 es el sexo casual? El sexo casual es cuando dos o m\u00e1s personas participan en actividades sexuales entre s\u00ed sin <a href=\"https:\/\/adultxxxdate.net\/es\/sexo-gratis-cerca-de-mi\/\">sexo cerca de mi<\/a> un apego emocional. Sin embargo, hay muchos tipos diferentes de relaciones casuales que pueden variar desde asuntos a corto plazo hasta romances a largo plazo.<\/p>\n<p>Algunos ejemplos de sexo casual son: Aventuras de una noche, amigos con beneficios, tr\u00edos, swinging, sexting, cibersexo, sexo telef\u00f3nico, etc. \u00bfCu\u00e1ntos tipos de relaciones casuales hay? Seg\u00fan Psychology Today, hay tres categor\u00edas principales de sexo casual: relaciones abiertas, relaciones cerradas y no monogamia mon\u00f3gama.<\/p>\n<p>Las relaciones abiertas implican el libre intercambio de socios dentro de una relaci\u00f3n, mientras que las relaciones cerradas son exclusivas. Las no monogamias mon\u00f3gamas est\u00e1n comprometidas con una pareja a la vez, pero permiten m\u00faltiples encuentros sexuales a lo largo de la duraci\u00f3n de la relaci\u00f3n.<\/p>\n<p>Si est\u00e1s buscando algo <a href=\"https:\/\/www.gay-sex-sites.com\/pt-pt\/\">encontros gays<\/a>, prueba una aplicaci\u00f3n de citas como Tinder. Si est\u00e1 buscando algo serio, consulte sitios como OkCupid o Match.com. Trate de no buscar cualquier cosa vieja, obtendr\u00e1 muchos resultados irrelevantes. En su lugar, limite su b\u00fasqueda estableciendo par\u00e1metros como la ubicaci\u00f3n, el rango de edad, el estado de la relaci\u00f3n, etc. Tambi\u00e9n puede navegar a trav\u00e9s de los perfiles antes de decidir si desea o no ponerse en contacto con ellos.<\/p>\n<p>Aseg\u00farese de tener toda su informaci\u00f3n de contacto disponible en todo momento. Los clientes no deber\u00edan necesitar ir en una expedici\u00f3n solo para ponerse en contacto con usted. Aseg\u00farese de tener f\u00e1cil acceso a su n\u00famero de tel\u00e9fono, direcci\u00f3n, enlaces de redes sociales, etc.<\/p>\n<p>No importa qu\u00e9 tipo de sitio de citas elija, siempre habr\u00e1 mucha competencia por ah\u00ed. Hay muchos sitios que dicen ser los mejores, pero no todos son leg\u00edtimos. Debe asegurarse de que el sitio al que se une ofrezca algo \u00fanico y que valga la pena antes de registrarse.<\/p>\n<p>Debe crear un entorno en el que los usuarios se sientan c\u00f3modos compartiendo informaci\u00f3n sobre s\u00ed mismos. Un buen lugar para comenzar es asegurarse de que su pol\u00edtica de privacidad indique claramente qu\u00e9 informaci\u00f3n se recopilar\u00e1, c\u00f3mo se utilizar\u00e1 y cu\u00e1nto tiempo se almacenar\u00e1. Aseg\u00farese de tener un m\u00e9todo para que los usuarios se comuniquen con usted si tienen alguna pregunta o inquietud.<\/p>\n<h2>Sitios de citas para adultos<\/h2>\n<p>La mayor\u00eda de los sitios web de citas en l\u00ednea est\u00e1n dise\u00f1ados para permitirle conectarse con otras personas. Algunos de ellos tambi\u00e9n ofrecen caracter\u00edsticas como salas de chat, tableros de mensajes, chats de video, etc. Si quieres conocer a alguien especial, prueba Adult Friend Finder. Es un sitio que le permite buscar a trav\u00e9s de millones de perfiles de hombres y mujeres que buscan parejas sexuales. Puede filtrar sus b\u00fasquedas por edad, ubicaci\u00f3n, orientaci\u00f3n sexual, etnia, apariencia, tipo de cuerpo, altura, peso, h\u00e1bitos de fumar, religi\u00f3n, ocupaci\u00f3n, educaci\u00f3n, estado civil, n\u00famero de hijos e incluso afiliaci\u00f3n a un partido pol\u00edtico.<\/p>\n","protected":false},"excerpt":{"rendered":"<p>Si est\u00e1 buscando algo serio, entonces debe considerar conocer a alguien en su bar o club local. Es posible que sexting no encuentres lo que est\u00e1s buscando de inmediato, pero si sigues intent\u00e1ndolo, eventualmente conocer\u00e1s a alguien especial. Si te sientes aventurero, echa un vistazo a nuestra gu\u00eda de citas en l\u00ednea para parejas. Es [&hellip;]<\/p>\n","protected":false},"author":1,"featured_media":0,"parent":0,"menu_order":0,"comment_status":"closed","ping_status":"closed","template":"","meta":[],"yoast_head":"<!-- This site is optimized with the Yoast SEO plugin v17.7.1 - https:\/\/yoast.com\/wordpress\/plugins\/seo\/ -->\n<title>Por qu\u00e9 las aplicaciones de citas podr\u00edan ser el camino a seguir - Pinch Dating<\/title>\n<meta name=\"robots\" content=\"index, follow, max-snippet:-1, max-image-preview:large, max-video-preview:-1\" \/>\n<link rel=\"canonical\" href=\"https:\/\/thepinchdc.com\/es\/por-que-las-aplicaciones-de-citas-podrian-ser-el-camino-a-seguir\/\" \/>\n<meta property=\"og:locale\" content=\"es_ES\" \/>\n<meta property=\"og:type\" content=\"article\" \/>\n<meta property=\"og:title\" content=\"Por qu\u00e9 las aplicaciones de citas podr\u00edan ser el camino a seguir - Pinch Dating\" \/>\n<meta property=\"og:description\" content=\"Si est\u00e1 buscando algo serio, entonces debe considerar conocer a alguien en su bar o club local. Es posible que sexting no encuentres lo que est\u00e1s buscando de inmediato, pero si sigues intent\u00e1ndolo, eventualmente conocer\u00e1s a alguien especial. Si te sientes aventurero, echa un vistazo a nuestra gu\u00eda de citas en l\u00ednea para parejas. Es [&hellip;]\" \/>\n<meta property=\"og:url\" content=\"https:\/\/thepinchdc.com\/es\/por-que-las-aplicaciones-de-citas-podrian-ser-el-camino-a-seguir\/\" \/>\n<meta property=\"og:site_name\" content=\"Pinch Dating\" \/>\n<meta property=\"article:modified_time\" content=\"2022-07-20T14:15:24+00:00\" \/>\n<meta property=\"og:image\" content=\"http:\/\/thepinchdc.com\/wp-content\/uploads\/2022\/06\/date-dates-1024x683.jpeg\" \/>\n<meta name=\"twitter:card\" content=\"summary_large_image\" \/>\n<meta name=\"twitter:label1\" content=\"Tiempo de lectura\" \/>\n\t<meta name=\"twitter:data1\" content=\"4 minutos\" \/>\n<script type=\"application\/ld+json\" class=\"yoast-schema-graph\">{\"@context\":\"https:\/\/schema.org\",\"@graph\":[{\"@type\":\"WebSite\",\"@id\":\"https:\/\/thepinchdc.com\/#website\",\"url\":\"https:\/\/thepinchdc.com\/\",\"name\":\"Pinch Dating\",\"description\":\"Local Dating Blog\",\"potentialAction\":[{\"@type\":\"SearchAction\",\"target\":{\"@type\":\"EntryPoint\",\"urlTemplate\":\"https:\/\/thepinchdc.com\/?s={search_term_string}\"},\"query-input\":\"required name=search_term_string\"}],\"inLanguage\":\"es\"},{\"@type\":\"ImageObject\",\"@id\":\"https:\/\/thepinchdc.com\/es\/por-que-las-aplicaciones-de-citas-podrian-ser-el-camino-a-seguir\/#primaryimage\",\"inLanguage\":\"es\",\"url\":\"http:\/\/thepinchdc.com\/wp-content\/uploads\/2022\/06\/date-dates-1024x683.jpeg\",\"contentUrl\":\"http:\/\/thepinchdc.com\/wp-content\/uploads\/2022\/06\/date-dates-1024x683.jpeg\"},{\"@type\":\"WebPage\",\"@id\":\"https:\/\/thepinchdc.com\/es\/por-que-las-aplicaciones-de-citas-podrian-ser-el-camino-a-seguir\/#webpage\",\"url\":\"https:\/\/thepinchdc.com\/es\/por-que-las-aplicaciones-de-citas-podrian-ser-el-camino-a-seguir\/\",\"name\":\"Por qu\\u00e9 las aplicaciones de citas podr\\u00edan ser el camino a seguir - Pinch Dating\",\"isPartOf\":{\"@id\":\"https:\/\/thepinchdc.com\/#website\"},\"primaryImageOfPage\":{\"@id\":\"https:\/\/thepinchdc.com\/es\/por-que-las-aplicaciones-de-citas-podrian-ser-el-camino-a-seguir\/#primaryimage\"},\"datePublished\":\"2022-06-15T10:46:52+00:00\",\"dateModified\":\"2022-07-20T14:15:24+00:00\",\"breadcrumb\":{\"@id\":\"https:\/\/thepinchdc.com\/es\/por-que-las-aplicaciones-de-citas-podrian-ser-el-camino-a-seguir\/#breadcrumb\"},\"inLanguage\":\"es\",\"potentialAction\":[{\"@type\":\"ReadAction\",\"target\":[\"https:\/\/thepinchdc.com\/es\/por-que-las-aplicaciones-de-citas-podrian-ser-el-camino-a-seguir\/\"]}]},{\"@type\":\"BreadcrumbList\",\"@id\":\"https:\/\/thepinchdc.com\/es\/por-que-las-aplicaciones-de-citas-podrian-ser-el-camino-a-seguir\/#breadcrumb\",\"itemListElement\":[{\"@type\":\"ListItem\",\"position\":1,\"name\":\"Home\",\"item\":\"http:\/\/thepinchdc.com\/es\/\"},{\"@type\":\"ListItem\",\"position\":2,\"name\":\"Por qu\\u00e9 las aplicaciones de citas podr\\u00edan ser el camino a seguir\"}]}]}<\/script>\n<!-- \/ Yoast SEO plugin. -->","yoast_head_json":{"title":"Por qu\u00e9 las aplicaciones de citas podr\u00edan ser el camino a seguir - Pinch Dating","robots":{"index":"index","follow":"follow","max-snippet":"max-snippet:-1","max-image-preview":"max-image-preview:large","max-video-preview":"max-video-preview:-1"},"canonical":"https:\/\/thepinchdc.com\/es\/por-que-las-aplicaciones-de-citas-podrian-ser-el-camino-a-seguir\/","og_locale":"es_ES","og_type":"article","og_title":"Por qu\u00e9 las aplicaciones de citas podr\u00edan ser el camino a seguir - Pinch Dating","og_description":"Si est\u00e1 buscando algo serio, entonces debe considerar conocer a alguien en su bar o club local. Es posible que sexting no encuentres lo que est\u00e1s buscando de inmediato, pero si sigues intent\u00e1ndolo, eventualmente conocer\u00e1s a alguien especial. Si te sientes aventurero, echa un vistazo a nuestra gu\u00eda de citas en l\u00ednea para parejas. Es [&hellip;]","og_url":"https:\/\/thepinchdc.com\/es\/por-que-las-aplicaciones-de-citas-podrian-ser-el-camino-a-seguir\/","og_site_name":"Pinch Dating","article_modified_time":"2022-07-20T14:15:24+00:00","og_image":[{"url":"http:\/\/thepinchdc.com\/wp-content\/uploads\/2022\/06\/date-dates-1024x683.jpeg"}],"twitter_card":"summary_large_image","twitter_misc":{"Tiempo de lectura":"4 minutos"},"schema":{"@context":"https:\/\/schema.org","@graph":[{"@type":"WebSite","@id":"https:\/\/thepinchdc.com\/#website","url":"https:\/\/thepinchdc.com\/","name":"Pinch Dating","description":"Local Dating Blog","potentialAction":[{"@type":"SearchAction","target":{"@type":"EntryPoint","urlTemplate":"https:\/\/thepinchdc.com\/?s={search_term_string}"},"query-input":"required name=search_term_string"}],"inLanguage":"es"},{"@type":"ImageObject","@id":"https:\/\/thepinchdc.com\/es\/por-que-las-aplicaciones-de-citas-podrian-ser-el-camino-a-seguir\/#primaryimage","inLanguage":"es","url":"http:\/\/thepinchdc.com\/wp-content\/uploads\/2022\/06\/date-dates-1024x683.jpeg","contentUrl":"http:\/\/thepinchdc.com\/wp-content\/uploads\/2022\/06\/date-dates-1024x683.jpeg"},{"@type":"WebPage","@id":"https:\/\/thepinchdc.com\/es\/por-que-las-aplicaciones-de-citas-podrian-ser-el-camino-a-seguir\/#webpage","url":"https:\/\/thepinchdc.com\/es\/por-que-las-aplicaciones-de-citas-podrian-ser-el-camino-a-seguir\/","name":"Por qu\u00e9 las aplicaciones de citas podr\u00edan ser el camino a seguir - Pinch Dating","isPartOf":{"@id":"https:\/\/thepinchdc.com\/#website"},"primaryImageOfPage":{"@id":"https:\/\/thepinchdc.com\/es\/por-que-las-aplicaciones-de-citas-podrian-ser-el-camino-a-seguir\/#primaryimage"},"datePublished":"2022-06-15T10:46:52+00:00","dateModified":"2022-07-20T14:15:24+00:00","breadcrumb":{"@id":"https:\/\/thepinchdc.com\/es\/por-que-las-aplicaciones-de-citas-podrian-ser-el-camino-a-seguir\/#breadcrumb"},"inLanguage":"es","potentialAction":[{"@type":"ReadAction","target":["https:\/\/thepinchdc.com\/es\/por-que-las-aplicaciones-de-citas-podrian-ser-el-camino-a-seguir\/"]}]},{"@type":"BreadcrumbList","@id":"https:\/\/thepinchdc.com\/es\/por-que-las-aplicaciones-de-citas-podrian-ser-el-camino-a-seguir\/#breadcrumb","itemListElement":[{"@type":"ListItem","position":1,"name":"Home","item":"http:\/\/thepinchdc.com\/es\/"},{"@type":"ListItem","position":2,"name":"Por qu\u00e9 las aplicaciones de citas podr\u00edan ser el camino a seguir"}]}]}},"_links":{"self":[{"href":"https:\/\/thepinchdc.com\/es\/wp-json\/wp\/v2\/pages\/215"}],"collection":[{"href":"https:\/\/thepinchdc.com\/es\/wp-json\/wp\/v2\/pages"}],"about":[{"href":"https:\/\/thepinchdc.com\/es\/wp-json\/wp\/v2\/types\/page"}],"author":[{"embeddable":true,"href":"https:\/\/thepinchdc.com\/es\/wp-json\/wp\/v2\/users\/1"}],"replies":[{"embeddable":true,"href":"https:\/\/thepinchdc.com\/es\/wp-json\/wp\/v2\/comments?post=215"}],"version-history":[{"count":1,"href":"https:\/\/thepinchdc.com\/es\/wp-json\/wp\/v2\/pages\/215\/revisions"}],"predecessor-version":[{"id":264,"href":"https:\/\/thepinchdc.com\/es\/wp-json\/wp\/v2\/pages\/215\/revisions\/264"}],"wp:attachment":[{"href":"https:\/\/thepinchdc.com\/es\/wp-json\/wp\/v2\/media?parent=215"}],"curies":[{"name":"wp","href":"https:\/\/api.w.org\/{rel}","templated":true}]}}