{"id":201,"date":"2022-06-15T12:10:16","date_gmt":"2022-06-15T11:10:16","guid":{"rendered":"http:\/\/thepinchdc.com\/comment-trouver-une-maman-de-sucre\/"},"modified":"2022-06-15T12:10:16","modified_gmt":"2022-06-15T11:10:16","slug":"comment-trouver-une-maman-de-sucre","status":"publish","type":"page","link":"https:\/\/thepinchdc.com\/fr\/comment-trouver-une-maman-de-sucre\/","title":{"rendered":"Comment trouver une maman de sucre"},"content":{"rendered":"<h3>Comment puis-je trouver une application sugar momma?<\/h3>\n<p>Une recherche rapide dans l\u2019App Store produit d\u2019innombrables applications pour les mamans de sucre, mais de nombreuses applications ont un nombre suspect d\u2019avis presque identiques.<\/p>\n<h3>Est-ce que l\u2019arnaque au sucre est une arnaque?<\/h3>\n<p>\u00ab&nbsp;Si je suis vraiment honn\u00eate, et peut-\u00eatre que c\u2019est quelque chose avec lequel mon th\u00e9rapeute serait d\u2019accord, mais je suppose que je voulais avoir le beurre et l\u2019argent du beurre aussi&nbsp;\u00bb, a d\u00e9clar\u00e9 une maman de sucre \u00e0 Refinery29 Le probl\u00e8me avec le fait d\u2019essayer de trouver un arrangement de rencontre de sucre en ligne est que beaucoup d\u2019entre eux sont des escroqueries.<\/p>\n<h3>Qu\u2019est-ce que la recherche d\u2019arrangement?<\/h3>\n<p>Seeking Arrangement est un site de rencontre qui promeut fortement l\u2019honn\u00eatet\u00e9 parmi ses membres, de sorte que tous les membres sont encourag\u00e9s \u00e0 \u00e9noncer ouvertement leurs objectifs et intentions relationnels.<\/p>\n<h3>Qu\u2019est-ce que l\u2019arrangement de sucre?<\/h3>\n<p>Des rencontres red\u00e9finies et des millions de possibilit\u00e9s permettent aux arrangements de sucre d\u2019\u00eatre un autre format de relation que vous pouvez facilement rechercher avec Seeking Arrangement.<\/p>\n<h3>Qu\u2019est-ce que Sugar Mama Dating?<\/h3>\n<p>En cons\u00e9quence, les rencontres sugar mama sont devenues le dernier succ\u00e8s dans le monde des rencontres sucr\u00e9es, ce qui a permis aux femmes d\u2019\u00eatre des partenaires sophistiqu\u00e9es et riches pr\u00eates \u00e0 g\u00e2ter quelqu\u2019un.<\/p>\n<h3>Qu\u2019est-ce qu\u2019une Sugar Mum ?<\/h3>\n<p>Les momies de sucre puissantes et riches sont heureuses de passer leur temps avec des hommes plus jeunes et plus \u00e9nergiques, tandis que les hommes plus jeunes recherchent un mentor f\u00e9minin plus mature et exp\u00e9riment\u00e9 pour les guider dans la vie.<\/p>\n<h3>\u00c0 qui s\u2019adresse Cougar Life ?<\/h3>\n<p>Cougar Life se concentre sur la connexion des femmes matures avec des hommes plus jeunes, c\u2019est donc la plate-forme parfaite pour toutes les femmes matures \u00e0 la recherche d\u2019un compagnon plus jeune, ainsi que les jeunes hommes \u00e0 la recherche d\u2019une femme exp\u00e9riment\u00e9e.<\/p>\n<h3>Quelles sont les caract\u00e9ristiques de Cougar Life?<\/h3>\n<p>Par cons\u00e9quent, le site offre diverses fonctionnalit\u00e9s, y compris l\u2019\u00e9change de photos priv\u00e9es, la messagerie prioritaire et trouver une date ce soir.<\/p>\n<h3>Qu\u2019est-ce que Adult Friend Finder?<\/h3>\n<p>En tant que site Web leader pour les rencontres pour adultes, Adult Friend Frinder regorge de nombreux membres et de nouvelles opportunit\u00e9s.<\/p>\n<h3>Comment puis-je trouver des momies au sucre?<\/h3>\n<p>Les c\u00e9libataires qui veulent pimenter leur vie sexuelle sont invit\u00e9s \u00e0 essayer Adult Friend Finder. En tant que site Web leader pour les rencontres pour adultes, Adult Friend Frinder regorge de nombreux membres et de nouvelles opportunit\u00e9s.<\/p>\n<h3>Qu\u2019est-ce que Silver Singles?<\/h3>\n<p>Silver Singles est parmi les meilleurs choix pour plus de 50 hommes et femmes c\u00e9libataires qui recherchent une deuxi\u00e8me chance \u00e0 l\u2019amour.<\/p>\n<h3>Quels sont les avantages de l\u2019utilisation de Silver Singles ?<\/h3>\n<p>Gr\u00e2ce \u00e0 de nombreuses enqu\u00eates de personnalit\u00e9, techniques de matchmaking et m\u00e9thodes de rencontres, les rencontres en ligne avec Silver Singles sont simples, efficaces et agr\u00e9ables.<\/p>\n","protected":false},"excerpt":{"rendered":"<p>Comment puis-je trouver une application sugar momma? Une recherche rapide dans l\u2019App Store produit d\u2019innombrables applications pour les mamans de sucre, mais de nombreuses applications ont un nombre suspect d\u2019avis presque identiques. Est-ce que l\u2019arnaque au sucre est une arnaque? \u00ab&nbsp;Si je suis vraiment honn\u00eate, et peut-\u00eatre que c\u2019est quelque chose avec lequel mon th\u00e9rapeute [&hellip;]<\/p>\n","protected":false},"author":1,"featured_media":0,"parent":0,"menu_order":0,"comment_status":"closed","ping_status":"closed","template":"","meta":[],"yoast_head":"<!-- This site is optimized with the Yoast SEO plugin v17.7.1 - https:\/\/yoast.com\/wordpress\/plugins\/seo\/ -->\n<title>Comment trouver une maman de sucre - Pinch Dating<\/title>\n<meta name=\"robots\" content=\"index, follow, max-snippet:-1, max-image-preview:large, max-video-preview:-1\" \/>\n<link rel=\"canonical\" href=\"https:\/\/thepinchdc.com\/fr\/comment-trouver-une-maman-de-sucre\/\" \/>\n<meta property=\"og:locale\" content=\"fr_FR\" \/>\n<meta property=\"og:type\" content=\"article\" \/>\n<meta property=\"og:title\" content=\"Comment trouver une maman de sucre - Pinch Dating\" \/>\n<meta property=\"og:description\" content=\"Comment puis-je trouver une application sugar momma? Une recherche rapide dans l\u2019App Store produit d\u2019innombrables applications pour les mamans de sucre, mais de nombreuses applications ont un nombre suspect d\u2019avis presque identiques. Est-ce que l\u2019arnaque au sucre est une arnaque? \u00ab&nbsp;Si je suis vraiment honn\u00eate, et peut-\u00eatre que c\u2019est quelque chose avec lequel mon th\u00e9rapeute [&hellip;]\" \/>\n<meta property=\"og:url\" content=\"https:\/\/thepinchdc.com\/fr\/comment-trouver-une-maman-de-sucre\/\" \/>\n<meta property=\"og:site_name\" content=\"Pinch Dating\" \/>\n<meta name=\"twitter:card\" content=\"summary_large_image\" \/>\n<meta name=\"twitter:label1\" content=\"Dur\u00e9e de lecture estim\u00e9e\" \/>\n\t<meta name=\"twitter:data1\" content=\"3 minutes\" \/>\n<script type=\"application\/ld+json\" class=\"yoast-schema-graph\">{\"@context\":\"https:\/\/schema.org\",\"@graph\":[{\"@type\":\"WebSite\",\"@id\":\"https:\/\/thepinchdc.com\/#website\",\"url\":\"https:\/\/thepinchdc.com\/\",\"name\":\"Pinch Dating\",\"description\":\"Local Dating Blog\",\"potentialAction\":[{\"@type\":\"SearchAction\",\"target\":{\"@type\":\"EntryPoint\",\"urlTemplate\":\"https:\/\/thepinchdc.com\/?s={search_term_string}\"},\"query-input\":\"required name=search_term_string\"}],\"inLanguage\":\"fr-FR\"},{\"@type\":\"WebPage\",\"@id\":\"https:\/\/thepinchdc.com\/fr\/comment-trouver-une-maman-de-sucre\/#webpage\",\"url\":\"https:\/\/thepinchdc.com\/fr\/comment-trouver-une-maman-de-sucre\/\",\"name\":\"Comment trouver une maman de sucre - Pinch Dating\",\"isPartOf\":{\"@id\":\"https:\/\/thepinchdc.com\/#website\"},\"datePublished\":\"2022-06-15T11:10:16+00:00\",\"dateModified\":\"2022-06-15T11:10:16+00:00\",\"breadcrumb\":{\"@id\":\"https:\/\/thepinchdc.com\/fr\/comment-trouver-une-maman-de-sucre\/#breadcrumb\"},\"inLanguage\":\"fr-FR\",\"potentialAction\":[{\"@type\":\"ReadAction\",\"target\":[\"https:\/\/thepinchdc.com\/fr\/comment-trouver-une-maman-de-sucre\/\"]}]},{\"@type\":\"BreadcrumbList\",\"@id\":\"https:\/\/thepinchdc.com\/fr\/comment-trouver-une-maman-de-sucre\/#breadcrumb\",\"itemListElement\":[{\"@type\":\"ListItem\",\"position\":1,\"name\":\"Home\",\"item\":\"https:\/\/thepinchdc.com\/fr\/\"},{\"@type\":\"ListItem\",\"position\":2,\"name\":\"Comment trouver une maman de sucre\"}]}]}<\/script>\n<!-- \/ Yoast SEO plugin. -->","yoast_head_json":{"title":"Comment trouver une maman de sucre - Pinch Dating","robots":{"index":"index","follow":"follow","max-snippet":"max-snippet:-1","max-image-preview":"max-image-preview:large","max-video-preview":"max-video-preview:-1"},"canonical":"https:\/\/thepinchdc.com\/fr\/comment-trouver-une-maman-de-sucre\/","og_locale":"fr_FR","og_type":"article","og_title":"Comment trouver une maman de sucre - Pinch Dating","og_description":"Comment puis-je trouver une application sugar momma? Une recherche rapide dans l\u2019App Store produit d\u2019innombrables applications pour les mamans de sucre, mais de nombreuses applications ont un nombre suspect d\u2019avis presque identiques. Est-ce que l\u2019arnaque au sucre est une arnaque? \u00ab&nbsp;Si je suis vraiment honn\u00eate, et peut-\u00eatre que c\u2019est quelque chose avec lequel mon th\u00e9rapeute [&hellip;]","og_url":"https:\/\/thepinchdc.com\/fr\/comment-trouver-une-maman-de-sucre\/","og_site_name":"Pinch Dating","twitter_card":"summary_large_image","twitter_misc":{"Dur\u00e9e de lecture estim\u00e9e":"3 minutes"},"schema":{"@context":"https:\/\/schema.org","@graph":[{"@type":"WebSite","@id":"https:\/\/thepinchdc.com\/#website","url":"https:\/\/thepinchdc.com\/","name":"Pinch Dating","description":"Local Dating Blog","potentialAction":[{"@type":"SearchAction","target":{"@type":"EntryPoint","urlTemplate":"https:\/\/thepinchdc.com\/?s={search_term_string}"},"query-input":"required name=search_term_string"}],"inLanguage":"fr-FR"},{"@type":"WebPage","@id":"https:\/\/thepinchdc.com\/fr\/comment-trouver-une-maman-de-sucre\/#webpage","url":"https:\/\/thepinchdc.com\/fr\/comment-trouver-une-maman-de-sucre\/","name":"Comment trouver une maman de sucre - Pinch Dating","isPartOf":{"@id":"https:\/\/thepinchdc.com\/#website"},"datePublished":"2022-06-15T11:10:16+00:00","dateModified":"2022-06-15T11:10:16+00:00","breadcrumb":{"@id":"https:\/\/thepinchdc.com\/fr\/comment-trouver-une-maman-de-sucre\/#breadcrumb"},"inLanguage":"fr-FR","potentialAction":[{"@type":"ReadAction","target":["https:\/\/thepinchdc.com\/fr\/comment-trouver-une-maman-de-sucre\/"]}]},{"@type":"BreadcrumbList","@id":"https:\/\/thepinchdc.com\/fr\/comment-trouver-une-maman-de-sucre\/#breadcrumb","itemListElement":[{"@type":"ListItem","position":1,"name":"Home","item":"https:\/\/thepinchdc.com\/fr\/"},{"@type":"ListItem","position":2,"name":"Comment trouver une maman de sucre"}]}]}},"_links":{"self":[{"href":"https:\/\/thepinchdc.com\/fr\/wp-json\/wp\/v2\/pages\/201"}],"collection":[{"href":"https:\/\/thepinchdc.com\/fr\/wp-json\/wp\/v2\/pages"}],"about":[{"href":"https:\/\/thepinchdc.com\/fr\/wp-json\/wp\/v2\/types\/page"}],"author":[{"embeddable":true,"href":"https:\/\/thepinchdc.com\/fr\/wp-json\/wp\/v2\/users\/1"}],"replies":[{"embeddable":true,"href":"https:\/\/thepinchdc.com\/fr\/wp-json\/wp\/v2\/comments?post=201"}],"version-history":[{"count":0,"href":"https:\/\/thepinchdc.com\/fr\/wp-json\/wp\/v2\/pages\/201\/revisions"}],"wp:attachment":[{"href":"https:\/\/thepinchdc.com\/fr\/wp-json\/wp\/v2\/media?parent=201"}],"curies":[{"name":"wp","href":"https:\/\/api.w.org\/{rel}","templated":true}]}}