{"id":214,"date":"2022-06-15T11:27:12","date_gmt":"2022-06-15T10:27:12","guid":{"rendered":"http:\/\/thepinchdc.com\/10-meilleurs-sites-de-connexion-gratuits-pas-de-carte-de-credit\/"},"modified":"2022-06-22T13:15:28","modified_gmt":"2022-06-22T12:15:28","slug":"10-meilleurs-sites-de-connexion-gratuits-pas-de-carte-de-credit","status":"publish","type":"page","link":"https:\/\/thepinchdc.com\/fr\/","title":{"rendered":"10 meilleurs sites de connexion gratuits (pas de carte de cr\u00e9dit)"},"content":{"rendered":"<p>Il y a beaucoup de raisons pour lesquelles quelqu\u2019un pourrait ne pas vouloir payer pour des sites de rencontres en ligne. Certaines personnes pr\u00e9f\u00e8rent simplement se faire poser gratuitement, tandis que d\u2019autres pensent que payer pour acc\u00e9der \u00e0 un site de rencontre est une d\u00e9pense inutile. D\u2019autres s\u2019inqui\u00e8tent des probl\u00e8mes de confidentialit\u00e9, surtout s\u2019ils recherchent quelque chose de s\u00e9rieux. Mais si vous voulez vraiment essayer les rencontres en ligne, vous devriez probablement envisager de payer pour un abonnement premium sur une application de connexion ou un site Web.<\/p>\n<p>Ces services offrent beaucoup plus de fonctionnalit\u00e9s que les options gratuites, y compris les filtres de recherche avanc\u00e9s, les fonctionnalit\u00e9s de messagerie et la possibilit\u00e9 de partager des photos et des vid\u00e9os. Et m\u00eame s\u2019ils co\u00fbtent de l\u2019argent, ils sont souvent assortis de mesures de s\u00e9curit\u00e9 suppl\u00e9mentaires qui prot\u00e8gent votre identit\u00e9 et vos informations personnelles.<\/p>\n<p>Les rencontres en ligne sont un moyen facile de rencontrer quelqu\u2019un de nouveau. Mais il existe de nombreux types de sites de rencontres en ligne comme, chacun avec ses propres avantages et inconv\u00e9nients. Voici nos cinq meilleurs choix, ainsi que ce \u00e0 quoi vous devez vous attendre si vous vous inscrivez.<\/p>\n<p><img loading=\"lazy\" class=\" wp-image-34 aligncenter\" src=\"http:\/\/thepinchdc.com\/wp-content\/uploads\/2022\/06\/casual-sex-match-1024x768.jpeg\" alt=\"\" width=\"664\" height=\"498\" srcset=\"https:\/\/thepinchdc.com\/wp-content\/uploads\/2022\/06\/casual-sex-match-1024x768.jpeg 1024w, https:\/\/thepinchdc.com\/wp-content\/uploads\/2022\/06\/casual-sex-match-300x225.jpeg 300w, https:\/\/thepinchdc.com\/wp-content\/uploads\/2022\/06\/casual-sex-match-768x576.jpeg 768w, https:\/\/thepinchdc.com\/wp-content\/uploads\/2022\/06\/casual-sex-match-1536x1152.jpeg 1536w, https:\/\/thepinchdc.com\/wp-content\/uploads\/2022\/06\/casual-sex-match.jpeg 2000w\" sizes=\"(max-width: 664px) 100vw, 664px\" \/><\/p>\n<h2>\u00cates-vous d\u00e9sireux de rejoindre une application de connexion gratuite? Vous l\u2019avez trouv\u00e9 ici!<\/h2>\n<p>La culture du branchement est un ph\u00e9nom\u00e8ne social dans lequel les individus se livrent \u00e0 des activit\u00e9s sexuelles avec des \u00e9trangers, souvent en \u00e9change d\u2019argent, de drogues, d\u2019alcool ou d\u2019autres r\u00e9compenses. Les rencontres sont g\u00e9n\u00e9ralement des rencontres \u00e0 court terme et peuvent se produire dans des lieux publics tels que des clubs ou des bars, des r\u00e9sidences priv\u00e9es ou en ligne via des sites Web tels que Craigslist, Tinder, OkCupid, Grindr et autres.<\/p>\n<h3>Ashley Madison<\/h3>\n<p>AshleyMadison est une bouff\u00e9e de fra\u00eecheur pour les c\u00e9libataires ou les personnes attach\u00e9es \u00e9prouvent un effondrement sexuel si vous cherchez \u00e0 rencontrer des femmes qui veulent baiser. Ce site de rencontre et cette application enthousiastes offrent de nombreuses possibilit\u00e9s de se m\u00ealer, de flirter et de se connecter discr\u00e8tement. Plus de 54 millions de profils vous attendent sur AshleyMadison, et il est gratuit de cr\u00e9er un compte anonyme. Arrangeurs discrets une nuit et des relations extraconjugales. Plus de 54 millions de profils dans le monde. Fonctionnalit\u00e9s conviviales de voyage pour rechercher des correspondances dans diff\u00e9rentes villes.<\/p>\n<p>Parcourez les profils Ashley Madison 100% gratuits. Ashley Madison a secou\u00e9 le monde des sites de rencontres lors de son lancement au d\u00e9but des ann\u00e9es 2000. L\u2019\u00e9quipe a l\u2019audace de se pr\u00e9senter comme le premier site pour les personnes mari\u00e9es \u00e0 la recherche d\u2019affaires extra-maritales et de relations sexuelles. Vous n\u2019avez pas besoin d\u2019\u00eatre mari\u00e9 pour devenir membre, mais les sites connus dans le monde entier comme la ressource de r\u00e9f\u00e9rence pour les engag\u00e9s \u00e0 rechercher des flirts sans engagement et des jeux sexuels.<\/p>\n<h3>Gond<\/h3>\n<p>Hinge est un site de rencontres en ligne gratuit avec plus de 50 millions de membres \u00e0 travers le monde. Hinge est con\u00e7u pour vous aider \u00e0 trouver l\u2019amour, pas seulement les connexions. Vous pouvez effectuer une recherche par \u00e2ge, sexe, emplacement, int\u00e9r\u00eats, type de personnalit\u00e9, statut relationnel, orientation sexuelle, origine ethnique, religion, niveau d\u2019\u00e9ducation, profession, revenu, type de corps, taille, poids, apparence et pr\u00e9f\u00e9rences de style de vie. Hinge offre \u00e9galement une fonction de \u00ab\u00a0correspondance rapide\u00a0\u00bb qui permet aux utilisateurs de parcourir des partenaires potentiels en fonction des informations de leur profil. Si vous trouvez quelqu\u2019un que vous aimez, vous pouvez lui envoyer un message.<\/p>\n<p>Une fois que vous avez \u00e9chang\u00e9 des messages, vous pouvez discuter gratuitement jusqu\u2019\u00e0 ce que vous d\u00e9cidiez de vous rencontrer en personne. Si vous cherchez \u00e0 utiliser des sites de chat fuck, nous vous sugg\u00e9rons d\u2019essayer. Contrairement \u00e0 de nombreux autres sites, Hinge ne vous oblige pas \u00e0 cr\u00e9er un profil complet avant de pouvoir commencer \u00e0 utiliser ses fonctionnalit\u00e9s.<\/p>\n<h3>Recherche d\u2019amis adultes<\/h3>\n<p>AdultFriendFinder est un r\u00e9seau social gratuit pour adultes qui connecte les personnes \u00e0 la recherche de rencontres occasionnelles et de relations discr\u00e8tes. Vous pouvez rechercher parmi des millions de membres actifs pour votre prochaine date. Il existe \u00e9galement des milliers de cat\u00e9gories pour vous aider \u00e0 affiner vos choix.<\/p>\n<p>Une fois que vous avez trouv\u00e9 quelqu\u2019un que vous aimeriez rencontrer avec des filles ou des gars que vous avez rencontr\u00e9s AFF, vous pouvez leur envoyer un message et organiser un moment pour vous r\u00e9unir. Toutes les communications sont priv\u00e9es et confidentielles. Aucune carte de cr\u00e9dit requise. L\u2019inscription est rapide et facile.<\/p>\n<p>AdultFriendFinder, \u00e9galement appel\u00e9 AF, a \u00e9t\u00e9 lanc\u00e9 en 1996 et reste l\u2019un des plus grands sites d\u00e9di\u00e9s \u00e0 la recherche de l\u2019amour et de l\u2019amiti\u00e9 \u00e0 travers des rencontres occasionnelles. Vous pouvez parcourir les profils gratuitement, mais vous devrez payer pour l\u2019adh\u00e9sion Gold pour discuter en priv\u00e9 avec d\u2019autres membres, leur envoyer des messages directs ou afficher leurs photos de profil.<\/p>\n<p>AFF est un site de rencontre en ligne pour ceux qui recherchent du sexe occasionnel. Que vous recherchiez quelque chose de pervers ou que vous souhaitiez simplement rencontrer quelqu\u2019un de nouveau, AFF est l\u2019endroit o\u00f9 aller. Vous pouvez parcourir les profils des membres locaux pr\u00e8s de chez vous et envoyer des messages. Il n\u2019y a pas de frais pour s\u2019inscrire et aucune information de carte de cr\u00e9dit n\u2019est requise. Rencontrer d\u2019autres personnes partageant les m\u00eames id\u00e9es est facile et amusant!<\/p>\n<h3>FriendFinder-X<\/h3>\n<p>FriendFindr-X est un site de rencontres en ligne qui rassemble des hommes et des femmes c\u00e9libataires \u00e0 la recherche de plaisir et d\u2019amour. Les utilisateurs peuvent discuter entre eux, parcourir des albums photo, regarder des clips vid\u00e9o et envoyer des cadeaux virtuels. Il existe \u00e9galement des forums et des babillards \u00e9lectroniques o\u00f9 les utilisateurs peuvent discuter de sujets li\u00e9s au sexe, aux relations et \u00e0 la vie. Le site est disponible en anglais, espagnol, Fran\u00e7ais, allemand, portugais, italien, russe, arabe, chinois, japonais, cor\u00e9en, tha\u00ef, indon\u00e9sien, vietnamien, philippin et turc.<\/p>\n<p>Friendfinder X est une autre application de rencontres qui vous permet de vous connecter avec d\u2019autres utilisateurs. Vous pouvez parcourir les profils, envoyer des messages et discuter avec les membres qui se trouvent \u00e0 proximit\u00e9. Vous pouvez \u00e9galement aimer ou favoriser vos matchs si vous souhaitez mieux les conna\u00eetre. Il existe de nombreuses options pour discuter en ligne, notamment des messages texte, des appels vocaux, des chats vid\u00e9o et m\u00eame des \u00e9missions par webcam.<\/p>\n<p>Vous pouvez \u00e9galement partager des informations priv\u00e9es avec vos partenaires, telles que votre statut relationnel actuel, votre religion, vos opinions politiques, votre orientation sexuelle et vos passe-temps pr\u00e9f\u00e9r\u00e9s. Pour ceux qui pr\u00e9f\u00e8rent garder leur vie personnelle s\u00e9par\u00e9e de leur vie professionnelle, vous pouvez \u00e9galement cr\u00e9er un profil priv\u00e9. Vous pouvez parcourir les profils des autres, envoyer des messages, discuter et m\u00eame rencontrer des \u00e9trangers pr\u00e8s de chez vous.<\/p>\n<h3>Flirt.com<\/h3>\n<p>Flirt.com est un site Web qui permet aux utilisateurs de parcourir des milliers de photos et de vid\u00e9os d\u2019autres membres. Les utilisateurs peuvent \u00e9galement s\u2019envoyer des messages de mani\u00e8re anonyme, discuter en priv\u00e9 et \u00e9changer des photos coquines.<\/p>\n<p>Il y a actuellement plus de 70 millions de profils actifs sur le site, ce qui en fait l\u2019un des plus grands sites de rencontres au monde. Les membres peuvent parcourir les profils enti\u00e8rement gratuitement, et peuvent m\u00eame envoyer des messages priv\u00e9s \u00e0 des \u00e9trangers s\u2019ils le souhaitent.<\/p>\n<p>Flirt.com est le plus grand site de rencontres en ligne aux \u00c9tats-Unis. Avec environ 70 millions d\u2019utilisateurs actifs, il offre un service gratuit avec des fonctionnalit\u00e9s de base. Vous pouvez cr\u00e9er votre propre profil, rechercher d\u2019autres c\u00e9libataires et discuter avec eux sans frais.<\/p>\n<p>Il existe \u00e9galement des plans payants disponibles qui vous offrent des fonctionnalit\u00e9s suppl\u00e9mentaires telles que la navigation anonyme des profils, l\u2019envoi de clins d\u2019\u0153il et le balayage vers la droite. Bien qu\u2019il n\u2019y ait pas beaucoup de restrictions sur ce que vous pouvez faire sur le site, vous devrez payer pour d\u00e9verrouiller des fonctionnalit\u00e9s suppl\u00e9mentaires.<\/p>\n<h2>Nos derni\u00e8res r\u00e9flexions<\/h2>\n<p>Comme vous l\u2019avez peut-\u00eatre remarqu\u00e9, il existe de nombreux types de sites de rencontres sexuelles. Certains s\u2019adressent sp\u00e9cifiquement aux hommes, tandis que d\u2019autres se concentrent sur les femmes. D\u2019autres sont orient\u00e9s vers les couples. Et d\u2019autres encore sont con\u00e7us pour ceux qui recherchent des rencontres occasionnelles. Peu importe le type de rencontre sexuelle que vous recherchez, il y a certainement un site qui r\u00e9pondra \u00e0 vos besoins.<\/p>\n<p>Cependant, avant de vous inscrire \u00e0 l\u2019un d\u2019entre eux, assurez-vous de lire les commentaires et de consulter les commentaires des clients. Vous devez \u00e9galement conna\u00eetre les mesures de s\u00e9curit\u00e9 prises par chaque site, y compris les exigences de v\u00e9rification et les politiques de confidentialit\u00e9. Apr\u00e8s tout, vous ne voudriez pas que quelqu\u2019un se fasse passer pour vous en ligne.<\/p>\n","protected":false},"excerpt":{"rendered":"<p>Il y a beaucoup de raisons pour lesquelles quelqu\u2019un pourrait ne pas vouloir payer pour des sites de rencontres en ligne. Certaines personnes pr\u00e9f\u00e8rent simplement se faire poser gratuitement, tandis que d\u2019autres pensent que payer pour acc\u00e9der \u00e0 un site de rencontre est une d\u00e9pense inutile. D\u2019autres s\u2019inqui\u00e8tent des probl\u00e8mes de confidentialit\u00e9, surtout s\u2019ils recherchent [&hellip;]<\/p>\n","protected":false},"author":1,"featured_media":0,"parent":0,"menu_order":0,"comment_status":"closed","ping_status":"closed","template":"","meta":[],"yoast_head":"<!-- This site is optimized with the Yoast SEO plugin v17.7.1 - https:\/\/yoast.com\/wordpress\/plugins\/seo\/ -->\n<title>10 meilleurs sites de connexion gratuits (pas de carte de cr\u00e9dit) - Pinch Dating<\/title>\n<meta name=\"robots\" content=\"index, follow, max-snippet:-1, max-image-preview:large, max-video-preview:-1\" \/>\n<link rel=\"canonical\" href=\"https:\/\/thepinchdc.com\/fr\/\" \/>\n<meta property=\"og:locale\" content=\"fr_FR\" \/>\n<meta property=\"og:type\" content=\"article\" \/>\n<meta property=\"og:title\" content=\"10 meilleurs sites de connexion gratuits (pas de carte de cr\u00e9dit) - Pinch Dating\" \/>\n<meta property=\"og:description\" content=\"Il y a beaucoup de raisons pour lesquelles quelqu\u2019un pourrait ne pas vouloir payer pour des sites de rencontres en ligne. Certaines personnes pr\u00e9f\u00e8rent simplement se faire poser gratuitement, tandis que d\u2019autres pensent que payer pour acc\u00e9der \u00e0 un site de rencontre est une d\u00e9pense inutile. D\u2019autres s\u2019inqui\u00e8tent des probl\u00e8mes de confidentialit\u00e9, surtout s\u2019ils recherchent [&hellip;]\" \/>\n<meta property=\"og:url\" content=\"https:\/\/thepinchdc.com\/fr\/\" \/>\n<meta property=\"og:site_name\" content=\"Pinch Dating\" \/>\n<meta property=\"article:modified_time\" content=\"2022-06-22T12:15:28+00:00\" \/>\n<meta property=\"og:image\" content=\"http:\/\/thepinchdc.com\/wp-content\/uploads\/2022\/06\/casual-sex-match-1024x768.jpeg\" \/>\n<meta name=\"twitter:card\" content=\"summary_large_image\" \/>\n<meta name=\"twitter:label1\" content=\"Dur\u00e9e de lecture estim\u00e9e\" \/>\n\t<meta name=\"twitter:data1\" content=\"8 minutes\" \/>\n<script type=\"application\/ld+json\" class=\"yoast-schema-graph\">{\"@context\":\"https:\/\/schema.org\",\"@graph\":[{\"@type\":\"WebSite\",\"@id\":\"https:\/\/thepinchdc.com\/#website\",\"url\":\"https:\/\/thepinchdc.com\/\",\"name\":\"Pinch Dating\",\"description\":\"Local Dating Blog\",\"potentialAction\":[{\"@type\":\"SearchAction\",\"target\":{\"@type\":\"EntryPoint\",\"urlTemplate\":\"https:\/\/thepinchdc.com\/?s={search_term_string}\"},\"query-input\":\"required name=search_term_string\"}],\"inLanguage\":\"fr-FR\"},{\"@type\":\"ImageObject\",\"@id\":\"https:\/\/thepinchdc.com\/fr\/#primaryimage\",\"inLanguage\":\"fr-FR\",\"url\":\"http:\/\/thepinchdc.com\/wp-content\/uploads\/2022\/06\/casual-sex-match-1024x768.jpeg\",\"contentUrl\":\"http:\/\/thepinchdc.com\/wp-content\/uploads\/2022\/06\/casual-sex-match-1024x768.jpeg\"},{\"@type\":\"WebPage\",\"@id\":\"https:\/\/thepinchdc.com\/fr\/#webpage\",\"url\":\"https:\/\/thepinchdc.com\/fr\/\",\"name\":\"10 meilleurs sites de connexion gratuits (pas de carte de cr\\u00e9dit) - Pinch Dating\",\"isPartOf\":{\"@id\":\"https:\/\/thepinchdc.com\/#website\"},\"primaryImageOfPage\":{\"@id\":\"https:\/\/thepinchdc.com\/fr\/#primaryimage\"},\"datePublished\":\"2022-06-15T10:27:12+00:00\",\"dateModified\":\"2022-06-22T12:15:28+00:00\",\"breadcrumb\":{\"@id\":\"https:\/\/thepinchdc.com\/fr\/#breadcrumb\"},\"inLanguage\":\"fr-FR\",\"potentialAction\":[{\"@type\":\"ReadAction\",\"target\":[\"https:\/\/thepinchdc.com\/fr\/\"]}]},{\"@type\":\"BreadcrumbList\",\"@id\":\"https:\/\/thepinchdc.com\/fr\/#breadcrumb\",\"itemListElement\":[{\"@type\":\"ListItem\",\"position\":1,\"name\":\"Home\",\"item\":\"https:\/\/thepinchdc.com\/fr\/\"},{\"@type\":\"ListItem\",\"position\":2,\"name\":\"10 meilleurs sites de connexion gratuits (pas de carte de cr\\u00e9dit)\"}]}]}<\/script>\n<!-- \/ Yoast SEO plugin. -->","yoast_head_json":{"title":"10 meilleurs sites de connexion gratuits (pas de carte de cr\u00e9dit) - Pinch Dating","robots":{"index":"index","follow":"follow","max-snippet":"max-snippet:-1","max-image-preview":"max-image-preview:large","max-video-preview":"max-video-preview:-1"},"canonical":"https:\/\/thepinchdc.com\/fr\/","og_locale":"fr_FR","og_type":"article","og_title":"10 meilleurs sites de connexion gratuits (pas de carte de cr\u00e9dit) - Pinch Dating","og_description":"Il y a beaucoup de raisons pour lesquelles quelqu\u2019un pourrait ne pas vouloir payer pour des sites de rencontres en ligne. Certaines personnes pr\u00e9f\u00e8rent simplement se faire poser gratuitement, tandis que d\u2019autres pensent que payer pour acc\u00e9der \u00e0 un site de rencontre est une d\u00e9pense inutile. D\u2019autres s\u2019inqui\u00e8tent des probl\u00e8mes de confidentialit\u00e9, surtout s\u2019ils recherchent [&hellip;]","og_url":"https:\/\/thepinchdc.com\/fr\/","og_site_name":"Pinch Dating","article_modified_time":"2022-06-22T12:15:28+00:00","og_image":[{"url":"http:\/\/thepinchdc.com\/wp-content\/uploads\/2022\/06\/casual-sex-match-1024x768.jpeg"}],"twitter_card":"summary_large_image","twitter_misc":{"Dur\u00e9e de lecture estim\u00e9e":"8 minutes"},"schema":{"@context":"https:\/\/schema.org","@graph":[{"@type":"WebSite","@id":"https:\/\/thepinchdc.com\/#website","url":"https:\/\/thepinchdc.com\/","name":"Pinch Dating","description":"Local Dating Blog","potentialAction":[{"@type":"SearchAction","target":{"@type":"EntryPoint","urlTemplate":"https:\/\/thepinchdc.com\/?s={search_term_string}"},"query-input":"required name=search_term_string"}],"inLanguage":"fr-FR"},{"@type":"ImageObject","@id":"https:\/\/thepinchdc.com\/fr\/#primaryimage","inLanguage":"fr-FR","url":"http:\/\/thepinchdc.com\/wp-content\/uploads\/2022\/06\/casual-sex-match-1024x768.jpeg","contentUrl":"http:\/\/thepinchdc.com\/wp-content\/uploads\/2022\/06\/casual-sex-match-1024x768.jpeg"},{"@type":"WebPage","@id":"https:\/\/thepinchdc.com\/fr\/#webpage","url":"https:\/\/thepinchdc.com\/fr\/","name":"10 meilleurs sites de connexion gratuits (pas de carte de cr\u00e9dit) - Pinch Dating","isPartOf":{"@id":"https:\/\/thepinchdc.com\/#website"},"primaryImageOfPage":{"@id":"https:\/\/thepinchdc.com\/fr\/#primaryimage"},"datePublished":"2022-06-15T10:27:12+00:00","dateModified":"2022-06-22T12:15:28+00:00","breadcrumb":{"@id":"https:\/\/thepinchdc.com\/fr\/#breadcrumb"},"inLanguage":"fr-FR","potentialAction":[{"@type":"ReadAction","target":["https:\/\/thepinchdc.com\/fr\/"]}]},{"@type":"BreadcrumbList","@id":"https:\/\/thepinchdc.com\/fr\/#breadcrumb","itemListElement":[{"@type":"ListItem","position":1,"name":"Home","item":"https:\/\/thepinchdc.com\/fr\/"},{"@type":"ListItem","position":2,"name":"10 meilleurs sites de connexion gratuits (pas de carte de cr\u00e9dit)"}]}]}},"_links":{"self":[{"href":"https:\/\/thepinchdc.com\/fr\/wp-json\/wp\/v2\/pages\/214"}],"collection":[{"href":"https:\/\/thepinchdc.com\/fr\/wp-json\/wp\/v2\/pages"}],"about":[{"href":"https:\/\/thepinchdc.com\/fr\/wp-json\/wp\/v2\/types\/page"}],"author":[{"embeddable":true,"href":"https:\/\/thepinchdc.com\/fr\/wp-json\/wp\/v2\/users\/1"}],"replies":[{"embeddable":true,"href":"https:\/\/thepinchdc.com\/fr\/wp-json\/wp\/v2\/comments?post=214"}],"version-history":[{"count":2,"href":"https:\/\/thepinchdc.com\/fr\/wp-json\/wp\/v2\/pages\/214\/revisions"}],"predecessor-version":[{"id":219,"href":"https:\/\/thepinchdc.com\/fr\/wp-json\/wp\/v2\/pages\/214\/revisions\/219"}],"wp:attachment":[{"href":"https:\/\/thepinchdc.com\/fr\/wp-json\/wp\/v2\/media?parent=214"}],"curies":[{"name":"wp","href":"https:\/\/api.w.org\/{rel}","templated":true}]}}