{"id":216,"date":"2022-06-15T11:46:52","date_gmt":"2022-06-15T10:46:52","guid":{"rendered":"http:\/\/thepinchdc.com\/pourquoi-les-applications-de-rencontres-pourraient-etre-la-voie-a-suivre\/"},"modified":"2022-07-20T15:09:17","modified_gmt":"2022-07-20T14:09:17","slug":"pourquoi-les-applications-de-rencontres-pourraient-etre-la-voie-a-suivre","status":"publish","type":"page","link":"https:\/\/thepinchdc.com\/fr\/pourquoi-les-applications-de-rencontres-pourraient-etre-la-voie-a-suivre\/","title":{"rendered":"Pourquoi les applications de rencontres pourraient \u00eatre la voie \u00e0 suivre"},"content":{"rendered":"<p>Si vous cherchez quelque chose de s\u00e9rieux, alors vous devriez envisager de rencontrer quelqu\u2019un dans votre <a href=\"https:\/\/www.hotsexychat.net\/fr\/jeux-porno-gratuits-sur-app-store\/\">porn phone<\/a> bar ou club local. Vous ne trouverez peut-\u00eatre pas ce que vous cherchez tout de suite, mais si vous continuez \u00e0 essayer, vous finirez par rencontrer quelqu\u2019un de sp\u00e9cial. Si vous vous sentez aventureux, consultez notre guide des rencontres en ligne pour les couples. L\u2019inscription est gratuite et facile. Vous ne le regretterez pas!<\/p>\n<p>Nous comprenons que tout le monde ne veut pas payer pour une application ou un site Web, surtout s\u2019il existe d\u2019autres options disponibles. C\u2019est pourquoi nous proposons une version gratuite de nos applications et sites Web. Vous pourrez voir toutes les fonctionnalit\u00e9s, mais vous ne pourrez pas interagir avec les autres. Nous esp\u00e9rons que vous appr\u00e9cierez l\u2019utilisation de nos produits et services!<\/p>\n<p><img loading=\"lazy\" class=\" wp-image-37 aligncenter\" src=\"http:\/\/thepinchdc.com\/wp-content\/uploads\/2022\/06\/date-dates-1024x683.jpeg\" alt=\"\" width=\"658\" height=\"439\" srcset=\"https:\/\/thepinchdc.com\/wp-content\/uploads\/2022\/06\/date-dates-1024x683.jpeg 1024w, https:\/\/thepinchdc.com\/wp-content\/uploads\/2022\/06\/date-dates-300x200.jpeg 300w, https:\/\/thepinchdc.com\/wp-content\/uploads\/2022\/06\/date-dates-768x512.jpeg 768w, https:\/\/thepinchdc.com\/wp-content\/uploads\/2022\/06\/date-dates-1536x1025.jpeg 1536w, https:\/\/thepinchdc.com\/wp-content\/uploads\/2022\/06\/date-dates-2048x1367.jpeg 2048w\" sizes=\"(max-width: 658px) 100vw, 658px\" \/><\/p>\n<h2>Pourquoi vous devriez commencer<\/h2>\n<p>Les applications de connexion sont d\u2019excellents outils pour rencontrer de nouvelles personnes et trouver quelqu\u2019un de sp\u00e9cial. Mais si vous n\u2019\u00eates toujours pas s\u00fbr de savoir s\u2019ils vous conviennent ou non, consultez notre guide pratique pour vous aider \u00e0 d\u00e9cider. Qu\u2019est-ce que le sexe occasionnel? Le sexe occasionnel est lorsque deux personnes ou plus s\u2019engagent dans une activit\u00e9 sexuelle l\u2019une avec l\u2019autre sans attachement \u00e9motionnel. Cependant, il existe de nombreux types de relations occasionnelles qui peuvent aller d\u2019affaires \u00e0 court terme \u00e0 des romances \u00e0 long terme.<\/p>\n<p>Quelques exemples de <a href=\"https:\/\/wank.io\/fr\/rencontres-discretes\/\">rencontres discretes<\/a> sont: One night stands, amis avec des avantages, trios, balancement, sexting, cybersex, sexe par t\u00e9l\u00e9phone, etc. Combien de types de relations occasionnelles existe-t-il? Selon Psychology Today, il existe trois cat\u00e9gories principales de relations sexuelles occasionnelles: les relations ouvertes, les relations ferm\u00e9es et la non-monogamie monogame.<\/p>\n<p>Les relations ouvertes impliquent le libre \u00e9change de partenaires au sein d\u2019une relation, tandis que les relations ferm\u00e9es sont exclusives. Les non-monogamies monogames sont engag\u00e9es envers un partenaire \u00e0 la fois, mais permettent de multiples rencontres sexuelles tout au long de la dur\u00e9e de la relation.<\/p>\n<p>Si vous cherchez quelque chose de d\u00e9contract\u00e9, essayez une application de rencontres comme Tinder. Si vous cherchez quelque chose de s\u00e9rieux, consultez des sites comme OkCupid ou Match.com. Essayez de ne pas rechercher n\u2019importe quelle vieille chose &#8211; vous obtiendrez beaucoup de r\u00e9sultats non pertinents. Au lieu de cela, affinez votre recherche en d\u00e9finissant des param\u00e8tres tels que l\u2019emplacement, la tranche d\u2019\u00e2ge, le statut de la relation, etc. Vous pouvez \u00e9galement parcourir les profils avant de d\u00e9cider de les contacter ou non.<\/p>\n<p>Assurez-vous d\u2019avoir toutes vos coordonn\u00e9es disponibles en tout temps. Les clients ne devraient pas avoir besoin de partir en exp\u00e9dition juste pour entrer en contact avec vous. Assurez-vous d\u2019avoir un acc\u00e8s facile \u00e0 votre num\u00e9ro de t\u00e9l\u00e9phone, adresse, liens de m\u00e9dias sociaux, etc.<\/p>\n<p>Quel que soit le type de site de rencontre que vous choisissez, il y aura toujours beaucoup de concurrence. Il existe de nombreux sites qui pr\u00e9tendent \u00eatre les meilleurs, mais tous ne sont pas l\u00e9gitimes. Vous devez vous assurer que le site que vous rejoignez offre quelque chose d\u2019unique et de valable avant de vous inscrire.<\/p>\n<p>Vous devez cr\u00e9er un environnement o\u00f9 les utilisateurs se sentent \u00e0 l\u2019aise de partager des informations sur eux-m\u00eames. Un bon point de d\u00e9part est de vous assurer que votre politique de confidentialit\u00e9 indique clairement quelles informations seront collect\u00e9es, comment elles seront utilis\u00e9es et combien de temps elles seront stock\u00e9es. Assurez-vous d\u2019avoir une m\u00e9thode permettant aux utilisateurs de vous contacter s\u2019ils ont des questions ou des pr\u00e9occupations.<\/p>\n<h2>Sites de rencontres pour adultes<\/h2>\n<p>La plupart des sites de rencontres en ligne sont con\u00e7us pour <a href=\"https:\/\/www.free-adult-cams.com\/fr\/\">webcam adultes<\/a> vous permettre de vous connecter avec d\u2019autres personnes. Certains d\u2019entre eux offrent \u00e9galement des fonctionnalit\u00e9s telles que des salles de discussion, des babillards \u00e9lectroniques, des chats vid\u00e9o, etc. Si vous voulez rencontrer quelqu\u2019un de sp\u00e9cial, essayez Adult Friend Finder. C\u2019est un site qui vous permet de rechercher parmi des millions de profils d\u2019hommes et de femmes \u00e0 la recherche de partenaires sexuels. Vous pouvez filtrer vos recherches par \u00e2ge, lieu, orientation sexuelle, origine ethnique, apparence, type de corps, taille, poids, habitudes tabagiques, religion, profession, \u00e9ducation, \u00e9tat matrimonial, nombre d\u2019enfants et m\u00eame affiliation \u00e0 un parti politique.<\/p>\n","protected":false},"excerpt":{"rendered":"<p>Si vous cherchez quelque chose de s\u00e9rieux, alors vous devriez envisager de rencontrer quelqu\u2019un dans votre porn phone bar ou club local. Vous ne trouverez peut-\u00eatre pas ce que vous cherchez tout de suite, mais si vous continuez \u00e0 essayer, vous finirez par rencontrer quelqu\u2019un de sp\u00e9cial. Si vous vous sentez aventureux, consultez notre guide [&hellip;]<\/p>\n","protected":false},"author":1,"featured_media":0,"parent":0,"menu_order":0,"comment_status":"closed","ping_status":"closed","template":"","meta":[],"yoast_head":"<!-- This site is optimized with the Yoast SEO plugin v17.7.1 - https:\/\/yoast.com\/wordpress\/plugins\/seo\/ -->\n<title>Pourquoi les applications de rencontres pourraient \u00eatre la voie \u00e0 suivre - Pinch Dating<\/title>\n<meta name=\"robots\" content=\"index, follow, max-snippet:-1, max-image-preview:large, max-video-preview:-1\" \/>\n<link rel=\"canonical\" href=\"https:\/\/thepinchdc.com\/fr\/pourquoi-les-applications-de-rencontres-pourraient-etre-la-voie-a-suivre\/\" \/>\n<meta property=\"og:locale\" content=\"fr_FR\" \/>\n<meta property=\"og:type\" content=\"article\" \/>\n<meta property=\"og:title\" content=\"Pourquoi les applications de rencontres pourraient \u00eatre la voie \u00e0 suivre - Pinch Dating\" \/>\n<meta property=\"og:description\" content=\"Si vous cherchez quelque chose de s\u00e9rieux, alors vous devriez envisager de rencontrer quelqu\u2019un dans votre porn phone bar ou club local. Vous ne trouverez peut-\u00eatre pas ce que vous cherchez tout de suite, mais si vous continuez \u00e0 essayer, vous finirez par rencontrer quelqu\u2019un de sp\u00e9cial. Si vous vous sentez aventureux, consultez notre guide [&hellip;]\" \/>\n<meta property=\"og:url\" content=\"https:\/\/thepinchdc.com\/fr\/pourquoi-les-applications-de-rencontres-pourraient-etre-la-voie-a-suivre\/\" \/>\n<meta property=\"og:site_name\" content=\"Pinch Dating\" \/>\n<meta property=\"article:modified_time\" content=\"2022-07-20T14:09:17+00:00\" \/>\n<meta property=\"og:image\" content=\"http:\/\/thepinchdc.com\/wp-content\/uploads\/2022\/06\/date-dates-1024x683.jpeg\" \/>\n<meta name=\"twitter:card\" content=\"summary_large_image\" \/>\n<meta name=\"twitter:label1\" content=\"Dur\u00e9e de lecture estim\u00e9e\" \/>\n\t<meta name=\"twitter:data1\" content=\"4 minutes\" \/>\n<script type=\"application\/ld+json\" class=\"yoast-schema-graph\">{\"@context\":\"https:\/\/schema.org\",\"@graph\":[{\"@type\":\"WebSite\",\"@id\":\"https:\/\/thepinchdc.com\/#website\",\"url\":\"https:\/\/thepinchdc.com\/\",\"name\":\"Pinch Dating\",\"description\":\"Local Dating Blog\",\"potentialAction\":[{\"@type\":\"SearchAction\",\"target\":{\"@type\":\"EntryPoint\",\"urlTemplate\":\"https:\/\/thepinchdc.com\/?s={search_term_string}\"},\"query-input\":\"required name=search_term_string\"}],\"inLanguage\":\"fr-FR\"},{\"@type\":\"ImageObject\",\"@id\":\"https:\/\/thepinchdc.com\/fr\/pourquoi-les-applications-de-rencontres-pourraient-etre-la-voie-a-suivre\/#primaryimage\",\"inLanguage\":\"fr-FR\",\"url\":\"http:\/\/thepinchdc.com\/wp-content\/uploads\/2022\/06\/date-dates-1024x683.jpeg\",\"contentUrl\":\"http:\/\/thepinchdc.com\/wp-content\/uploads\/2022\/06\/date-dates-1024x683.jpeg\"},{\"@type\":\"WebPage\",\"@id\":\"https:\/\/thepinchdc.com\/fr\/pourquoi-les-applications-de-rencontres-pourraient-etre-la-voie-a-suivre\/#webpage\",\"url\":\"https:\/\/thepinchdc.com\/fr\/pourquoi-les-applications-de-rencontres-pourraient-etre-la-voie-a-suivre\/\",\"name\":\"Pourquoi les applications de rencontres pourraient \\u00eatre la voie \\u00e0 suivre - Pinch Dating\",\"isPartOf\":{\"@id\":\"https:\/\/thepinchdc.com\/#website\"},\"primaryImageOfPage\":{\"@id\":\"https:\/\/thepinchdc.com\/fr\/pourquoi-les-applications-de-rencontres-pourraient-etre-la-voie-a-suivre\/#primaryimage\"},\"datePublished\":\"2022-06-15T10:46:52+00:00\",\"dateModified\":\"2022-07-20T14:09:17+00:00\",\"breadcrumb\":{\"@id\":\"https:\/\/thepinchdc.com\/fr\/pourquoi-les-applications-de-rencontres-pourraient-etre-la-voie-a-suivre\/#breadcrumb\"},\"inLanguage\":\"fr-FR\",\"potentialAction\":[{\"@type\":\"ReadAction\",\"target\":[\"https:\/\/thepinchdc.com\/fr\/pourquoi-les-applications-de-rencontres-pourraient-etre-la-voie-a-suivre\/\"]}]},{\"@type\":\"BreadcrumbList\",\"@id\":\"https:\/\/thepinchdc.com\/fr\/pourquoi-les-applications-de-rencontres-pourraient-etre-la-voie-a-suivre\/#breadcrumb\",\"itemListElement\":[{\"@type\":\"ListItem\",\"position\":1,\"name\":\"Home\",\"item\":\"https:\/\/thepinchdc.com\/fr\/\"},{\"@type\":\"ListItem\",\"position\":2,\"name\":\"Pourquoi les applications de rencontres pourraient \\u00eatre la voie \\u00e0 suivre\"}]}]}<\/script>\n<!-- \/ Yoast SEO plugin. -->","yoast_head_json":{"title":"Pourquoi les applications de rencontres pourraient \u00eatre la voie \u00e0 suivre - Pinch Dating","robots":{"index":"index","follow":"follow","max-snippet":"max-snippet:-1","max-image-preview":"max-image-preview:large","max-video-preview":"max-video-preview:-1"},"canonical":"https:\/\/thepinchdc.com\/fr\/pourquoi-les-applications-de-rencontres-pourraient-etre-la-voie-a-suivre\/","og_locale":"fr_FR","og_type":"article","og_title":"Pourquoi les applications de rencontres pourraient \u00eatre la voie \u00e0 suivre - Pinch Dating","og_description":"Si vous cherchez quelque chose de s\u00e9rieux, alors vous devriez envisager de rencontrer quelqu\u2019un dans votre porn phone bar ou club local. Vous ne trouverez peut-\u00eatre pas ce que vous cherchez tout de suite, mais si vous continuez \u00e0 essayer, vous finirez par rencontrer quelqu\u2019un de sp\u00e9cial. Si vous vous sentez aventureux, consultez notre guide [&hellip;]","og_url":"https:\/\/thepinchdc.com\/fr\/pourquoi-les-applications-de-rencontres-pourraient-etre-la-voie-a-suivre\/","og_site_name":"Pinch Dating","article_modified_time":"2022-07-20T14:09:17+00:00","og_image":[{"url":"http:\/\/thepinchdc.com\/wp-content\/uploads\/2022\/06\/date-dates-1024x683.jpeg"}],"twitter_card":"summary_large_image","twitter_misc":{"Dur\u00e9e de lecture estim\u00e9e":"4 minutes"},"schema":{"@context":"https:\/\/schema.org","@graph":[{"@type":"WebSite","@id":"https:\/\/thepinchdc.com\/#website","url":"https:\/\/thepinchdc.com\/","name":"Pinch Dating","description":"Local Dating Blog","potentialAction":[{"@type":"SearchAction","target":{"@type":"EntryPoint","urlTemplate":"https:\/\/thepinchdc.com\/?s={search_term_string}"},"query-input":"required name=search_term_string"}],"inLanguage":"fr-FR"},{"@type":"ImageObject","@id":"https:\/\/thepinchdc.com\/fr\/pourquoi-les-applications-de-rencontres-pourraient-etre-la-voie-a-suivre\/#primaryimage","inLanguage":"fr-FR","url":"http:\/\/thepinchdc.com\/wp-content\/uploads\/2022\/06\/date-dates-1024x683.jpeg","contentUrl":"http:\/\/thepinchdc.com\/wp-content\/uploads\/2022\/06\/date-dates-1024x683.jpeg"},{"@type":"WebPage","@id":"https:\/\/thepinchdc.com\/fr\/pourquoi-les-applications-de-rencontres-pourraient-etre-la-voie-a-suivre\/#webpage","url":"https:\/\/thepinchdc.com\/fr\/pourquoi-les-applications-de-rencontres-pourraient-etre-la-voie-a-suivre\/","name":"Pourquoi les applications de rencontres pourraient \u00eatre la voie \u00e0 suivre - Pinch Dating","isPartOf":{"@id":"https:\/\/thepinchdc.com\/#website"},"primaryImageOfPage":{"@id":"https:\/\/thepinchdc.com\/fr\/pourquoi-les-applications-de-rencontres-pourraient-etre-la-voie-a-suivre\/#primaryimage"},"datePublished":"2022-06-15T10:46:52+00:00","dateModified":"2022-07-20T14:09:17+00:00","breadcrumb":{"@id":"https:\/\/thepinchdc.com\/fr\/pourquoi-les-applications-de-rencontres-pourraient-etre-la-voie-a-suivre\/#breadcrumb"},"inLanguage":"fr-FR","potentialAction":[{"@type":"ReadAction","target":["https:\/\/thepinchdc.com\/fr\/pourquoi-les-applications-de-rencontres-pourraient-etre-la-voie-a-suivre\/"]}]},{"@type":"BreadcrumbList","@id":"https:\/\/thepinchdc.com\/fr\/pourquoi-les-applications-de-rencontres-pourraient-etre-la-voie-a-suivre\/#breadcrumb","itemListElement":[{"@type":"ListItem","position":1,"name":"Home","item":"https:\/\/thepinchdc.com\/fr\/"},{"@type":"ListItem","position":2,"name":"Pourquoi les applications de rencontres pourraient \u00eatre la voie \u00e0 suivre"}]}]}},"_links":{"self":[{"href":"https:\/\/thepinchdc.com\/fr\/wp-json\/wp\/v2\/pages\/216"}],"collection":[{"href":"https:\/\/thepinchdc.com\/fr\/wp-json\/wp\/v2\/pages"}],"about":[{"href":"https:\/\/thepinchdc.com\/fr\/wp-json\/wp\/v2\/types\/page"}],"author":[{"embeddable":true,"href":"https:\/\/thepinchdc.com\/fr\/wp-json\/wp\/v2\/users\/1"}],"replies":[{"embeddable":true,"href":"https:\/\/thepinchdc.com\/fr\/wp-json\/wp\/v2\/comments?post=216"}],"version-history":[{"count":1,"href":"https:\/\/thepinchdc.com\/fr\/wp-json\/wp\/v2\/pages\/216\/revisions"}],"predecessor-version":[{"id":263,"href":"https:\/\/thepinchdc.com\/fr\/wp-json\/wp\/v2\/pages\/216\/revisions\/263"}],"wp:attachment":[{"href":"https:\/\/thepinchdc.com\/fr\/wp-json\/wp\/v2\/media?parent=216"}],"curies":[{"name":"wp","href":"https:\/\/api.w.org\/{rel}","templated":true}]}}