{"id":184,"date":"2022-06-15T12:10:16","date_gmt":"2022-06-15T11:10:16","guid":{"rendered":"http:\/\/thepinchdc.com\/come-trovare-una-mamma-di-zucchero\/"},"modified":"2022-07-20T16:21:56","modified_gmt":"2022-07-20T15:21:56","slug":"come-trovare-una-mamma-di-zucchero","status":"publish","type":"page","link":"https:\/\/thepinchdc.com\/it\/come-trovare-una-mamma-di-zucchero\/","title":{"rendered":"Come trovare una mamma di zucchero"},"content":{"rendered":"<h3>Come faccio a trovare un&#8217;app sugar momma?<\/h3>\n<p>Una rapida ricerca nell&#8217;app store produce innumerevoli app per le mamme dello zucchero, ma molte app hanno un numero sospettosamente alto di recensioni quasi identiche.<\/p>\n<h3>Gli appuntamenti con lo zucchero sono una truffa?<\/h3>\n<p>&#8220;Se sono veramente onesto, e forse questo \u00e8 qualcosa con cui il mio terapeuta <a href=\"https:\/\/www.find-sex.net\/it\/giochi-di-sesso-per-pc\/\">giochi porno per pc<\/a> sarebbe d&#8217;accordo, ma immagino che volessi avere la mia torta e mangiarla anche io&#8221;, ha detto una mamma dello zucchero a Refinery29 Il problema con il tentativo di trovare un accordo di appuntamenti con lo zucchero online \u00e8 che molti di loro sono truffe.<\/p>\n<h3>Che cos&#8217;\u00e8 Seeking Arrangement?<\/h3>\n<p>Seeking Arrangement \u00e8 un sito di incontri che promuove fortemente l&#8217;onest\u00e0 tra i suoi membri, quindi tutti i membri sono incoraggiati a dichiarare apertamente i loro obiettivi e intenzioni di relazione.<\/p>\n<h3>Cos&#8217;\u00e8 la disposizione dello zucchero?<\/h3>\n<p>Gli appuntamenti ridefiniti e milioni di possibilit\u00e0 consentono agli accordi sullo zucchero di essere un altro formato di relazione che puoi facilmente cercare con Seeking Arrangement.<\/p>\n<h3>Cos&#8217;\u00e8 Sugar Mama Dating?<\/h3>\n<p>Di conseguenza, gli appuntamenti con sugar mama sono diventati l&#8217;ultimo <a href=\"http:\/\/www.adult-dating.net\/it\/\">siti di sesso gratuiti<\/a> successo nel mondo degli appuntamenti con lo zucchero, che ha permesso alle donne di essere partner sofisticati e ricchi pronti a viziare qualcuno.<\/p>\n<h3>Cos&#8217;\u00e8 una Sugar Mum?<\/h3>\n<p>Le mummie di zucchero potenti e ricche sono felici di trascorrere il loro tempo con uomini pi\u00f9 giovani ed energici, mentre gli uomini pi\u00f9 giovani sono alla ricerca di un mentore donna pi\u00f9 maturo ed esperto per guidarli attraverso la vita.<\/p>\n<h3>Per chi \u00e8 Cougar Life?<\/h3>\n<p>Cougar Life si concentra sul collegamento di donne mature con uomini pi\u00f9 giovani, quindi \u00e8 la piattaforma perfetta per tutte le donne mature che cercano un compagno pi\u00f9 giovane, cos\u00ec come i giovani uomini che cercano una donna esperta.<\/p>\n<h3>Quali sono le caratteristiche di Cougar Life?<\/h3>\n<p>Pertanto, il sito offre varie funzionalit\u00e0, tra cui lo scambio di foto private, la messaggistica prioritaria e trova un appuntamento stasera.<\/p>\n<h3>Cos&#8217;\u00e8 Adult Friend Finder?<\/h3>\n<p>Come sito web leader per gli <a href=\"https:\/\/www.local-fuck.net\/it\/siti-web-di-sexting-online\/\">sito per sexting<\/a>, Adult Friend Frinder \u00e8 pieno di molti membri e nuove opportunit\u00e0.<\/p>\n<h3>Come faccio a trovare le mummie di zucchero?<\/h3>\n<p>I single che vogliono ravvivare la loro vita sessuale sono invitati a provare Adult Friend Finder. Come sito web leader per gli appuntamenti per adulti, Adult Friend Frinder \u00e8 pieno di molti membri e nuove opportunit\u00e0.<\/p>\n<h3>Cos&#8217;\u00e8 Silver Singles?<\/h3>\n<p>Silver Singles \u00e8 tra le migliori scelte per oltre 50 uomini e donne single che sono alla ricerca di una seconda possibilit\u00e0 di amore.<\/p>\n<h3>Quali sono i vantaggi dell&#8217;utilizzo di Silver Singles?<\/h3>\n<p>Grazie a numerosi sondaggi sulla personalit\u00e0, tecniche di matchmaking e metodi di appuntamenti, gli appuntamenti online con Silver Singles sono semplici, efficaci e divertenti.<\/p>\n","protected":false},"excerpt":{"rendered":"<p>Come faccio a trovare un&#8217;app sugar momma? Una rapida ricerca nell&#8217;app store produce innumerevoli app per le mamme dello zucchero, ma molte app hanno un numero sospettosamente alto di recensioni quasi identiche. Gli appuntamenti con lo zucchero sono una truffa? &#8220;Se sono veramente onesto, e forse questo \u00e8 qualcosa con cui il mio terapeuta giochi [&hellip;]<\/p>\n","protected":false},"author":1,"featured_media":0,"parent":0,"menu_order":0,"comment_status":"closed","ping_status":"closed","template":"","meta":[],"yoast_head":"<!-- This site is optimized with the Yoast SEO plugin v17.7.1 - https:\/\/yoast.com\/wordpress\/plugins\/seo\/ -->\n<title>Come trovare una mamma di zucchero - Pinch Dating<\/title>\n<meta name=\"robots\" content=\"index, follow, max-snippet:-1, max-image-preview:large, max-video-preview:-1\" \/>\n<link rel=\"canonical\" href=\"https:\/\/thepinchdc.com\/it\/come-trovare-una-mamma-di-zucchero\/\" \/>\n<meta property=\"og:locale\" content=\"it_IT\" \/>\n<meta property=\"og:type\" content=\"article\" \/>\n<meta property=\"og:title\" content=\"Come trovare una mamma di zucchero - Pinch Dating\" \/>\n<meta property=\"og:description\" content=\"Come faccio a trovare un&#8217;app sugar momma? Una rapida ricerca nell&#8217;app store produce innumerevoli app per le mamme dello zucchero, ma molte app hanno un numero sospettosamente alto di recensioni quasi identiche. Gli appuntamenti con lo zucchero sono una truffa? &#8220;Se sono veramente onesto, e forse questo \u00e8 qualcosa con cui il mio terapeuta giochi [&hellip;]\" \/>\n<meta property=\"og:url\" content=\"https:\/\/thepinchdc.com\/it\/come-trovare-una-mamma-di-zucchero\/\" \/>\n<meta property=\"og:site_name\" content=\"Pinch Dating\" \/>\n<meta property=\"article:modified_time\" content=\"2022-07-20T15:21:56+00:00\" \/>\n<meta name=\"twitter:card\" content=\"summary_large_image\" \/>\n<meta name=\"twitter:label1\" content=\"Tempo di lettura stimato\" \/>\n\t<meta name=\"twitter:data1\" content=\"2 minuti\" \/>\n<script type=\"application\/ld+json\" class=\"yoast-schema-graph\">{\"@context\":\"https:\/\/schema.org\",\"@graph\":[{\"@type\":\"WebSite\",\"@id\":\"https:\/\/thepinchdc.com\/#website\",\"url\":\"https:\/\/thepinchdc.com\/\",\"name\":\"Pinch Dating\",\"description\":\"Local Dating Blog\",\"potentialAction\":[{\"@type\":\"SearchAction\",\"target\":{\"@type\":\"EntryPoint\",\"urlTemplate\":\"https:\/\/thepinchdc.com\/?s={search_term_string}\"},\"query-input\":\"required name=search_term_string\"}],\"inLanguage\":\"it-IT\"},{\"@type\":\"WebPage\",\"@id\":\"https:\/\/thepinchdc.com\/it\/come-trovare-una-mamma-di-zucchero\/#webpage\",\"url\":\"https:\/\/thepinchdc.com\/it\/come-trovare-una-mamma-di-zucchero\/\",\"name\":\"Come trovare una mamma di zucchero - Pinch Dating\",\"isPartOf\":{\"@id\":\"https:\/\/thepinchdc.com\/#website\"},\"datePublished\":\"2022-06-15T11:10:16+00:00\",\"dateModified\":\"2022-07-20T15:21:56+00:00\",\"breadcrumb\":{\"@id\":\"https:\/\/thepinchdc.com\/it\/come-trovare-una-mamma-di-zucchero\/#breadcrumb\"},\"inLanguage\":\"it-IT\",\"potentialAction\":[{\"@type\":\"ReadAction\",\"target\":[\"https:\/\/thepinchdc.com\/it\/come-trovare-una-mamma-di-zucchero\/\"]}]},{\"@type\":\"BreadcrumbList\",\"@id\":\"https:\/\/thepinchdc.com\/it\/come-trovare-una-mamma-di-zucchero\/#breadcrumb\",\"itemListElement\":[{\"@type\":\"ListItem\",\"position\":1,\"name\":\"Home\",\"item\":\"http:\/\/thepinchdc.com\/it\/\"},{\"@type\":\"ListItem\",\"position\":2,\"name\":\"Come trovare una mamma di zucchero\"}]}]}<\/script>\n<!-- \/ Yoast SEO plugin. -->","yoast_head_json":{"title":"Come trovare una mamma di zucchero - Pinch Dating","robots":{"index":"index","follow":"follow","max-snippet":"max-snippet:-1","max-image-preview":"max-image-preview:large","max-video-preview":"max-video-preview:-1"},"canonical":"https:\/\/thepinchdc.com\/it\/come-trovare-una-mamma-di-zucchero\/","og_locale":"it_IT","og_type":"article","og_title":"Come trovare una mamma di zucchero - Pinch Dating","og_description":"Come faccio a trovare un&#8217;app sugar momma? Una rapida ricerca nell&#8217;app store produce innumerevoli app per le mamme dello zucchero, ma molte app hanno un numero sospettosamente alto di recensioni quasi identiche. Gli appuntamenti con lo zucchero sono una truffa? &#8220;Se sono veramente onesto, e forse questo \u00e8 qualcosa con cui il mio terapeuta giochi [&hellip;]","og_url":"https:\/\/thepinchdc.com\/it\/come-trovare-una-mamma-di-zucchero\/","og_site_name":"Pinch Dating","article_modified_time":"2022-07-20T15:21:56+00:00","twitter_card":"summary_large_image","twitter_misc":{"Tempo di lettura stimato":"2 minuti"},"schema":{"@context":"https:\/\/schema.org","@graph":[{"@type":"WebSite","@id":"https:\/\/thepinchdc.com\/#website","url":"https:\/\/thepinchdc.com\/","name":"Pinch Dating","description":"Local Dating Blog","potentialAction":[{"@type":"SearchAction","target":{"@type":"EntryPoint","urlTemplate":"https:\/\/thepinchdc.com\/?s={search_term_string}"},"query-input":"required name=search_term_string"}],"inLanguage":"it-IT"},{"@type":"WebPage","@id":"https:\/\/thepinchdc.com\/it\/come-trovare-una-mamma-di-zucchero\/#webpage","url":"https:\/\/thepinchdc.com\/it\/come-trovare-una-mamma-di-zucchero\/","name":"Come trovare una mamma di zucchero - Pinch Dating","isPartOf":{"@id":"https:\/\/thepinchdc.com\/#website"},"datePublished":"2022-06-15T11:10:16+00:00","dateModified":"2022-07-20T15:21:56+00:00","breadcrumb":{"@id":"https:\/\/thepinchdc.com\/it\/come-trovare-una-mamma-di-zucchero\/#breadcrumb"},"inLanguage":"it-IT","potentialAction":[{"@type":"ReadAction","target":["https:\/\/thepinchdc.com\/it\/come-trovare-una-mamma-di-zucchero\/"]}]},{"@type":"BreadcrumbList","@id":"https:\/\/thepinchdc.com\/it\/come-trovare-una-mamma-di-zucchero\/#breadcrumb","itemListElement":[{"@type":"ListItem","position":1,"name":"Home","item":"http:\/\/thepinchdc.com\/it\/"},{"@type":"ListItem","position":2,"name":"Come trovare una mamma di zucchero"}]}]}},"_links":{"self":[{"href":"https:\/\/thepinchdc.com\/it\/wp-json\/wp\/v2\/pages\/184"}],"collection":[{"href":"https:\/\/thepinchdc.com\/it\/wp-json\/wp\/v2\/pages"}],"about":[{"href":"https:\/\/thepinchdc.com\/it\/wp-json\/wp\/v2\/types\/page"}],"author":[{"embeddable":true,"href":"https:\/\/thepinchdc.com\/it\/wp-json\/wp\/v2\/users\/1"}],"replies":[{"embeddable":true,"href":"https:\/\/thepinchdc.com\/it\/wp-json\/wp\/v2\/comments?post=184"}],"version-history":[{"count":1,"href":"https:\/\/thepinchdc.com\/it\/wp-json\/wp\/v2\/pages\/184\/revisions"}],"predecessor-version":[{"id":276,"href":"https:\/\/thepinchdc.com\/it\/wp-json\/wp\/v2\/pages\/184\/revisions\/276"}],"wp:attachment":[{"href":"https:\/\/thepinchdc.com\/it\/wp-json\/wp\/v2\/media?parent=184"}],"curies":[{"name":"wp","href":"https:\/\/api.w.org\/{rel}","templated":true}]}}