{"id":209,"date":"2022-06-15T11:46:52","date_gmt":"2022-06-15T10:46:52","guid":{"rendered":"http:\/\/thepinchdc.com\/perche-le-app-di-appuntamenti-potrebbero-essere-la-strada-da-percorrere\/"},"modified":"2022-07-01T16:18:52","modified_gmt":"2022-07-01T15:18:52","slug":"perche-le-app-di-appuntamenti-potrebbero-essere-la-strada-da-percorrere","status":"publish","type":"page","link":"https:\/\/thepinchdc.com\/it\/perche-le-app-di-appuntamenti-potrebbero-essere-la-strada-da-percorrere\/","title":{"rendered":"Perch\u00e9 le app di appuntamenti potrebbero essere la strada da percorrere"},"content":{"rendered":"<p>Se stai cercando qualcosa di serio, allora dovresti prendere in considerazione l&#8217;idea di incontrare qualcuno nel tuo bar o club locale. Potresti non trovare subito quello che stai cercando, ma se continui a provare, alla fine incontrerai qualcuno di speciale. Se ti senti avventuroso, consulta la nostra guida agli appuntamenti online per coppie. \u00c8 gratuito e facile da registrare. Non ve ne pentirete!<\/p>\n<p>Comprendiamo che non tutti vogliono pagare per un&#8217;app o un <a href=\"http:\/\/www.gay-hookups.com\/it\/chatta-con-i-gay\/\">ragazzi gay chat<\/a>, soprattutto se ci sono altre opzioni disponibili. Ecco perch\u00e9 offriamo una versione gratuita delle nostre app e dei nostri siti web. Sarai in grado di visualizzare tutte le funzionalit\u00e0, ma non sarai in grado di interagire con gli altri. Ci auguriamo che ti piaccia usare i nostri prodotti e servizi!<\/p>\n<p><img loading=\"lazy\" class=\" wp-image-37 aligncenter\" src=\"http:\/\/thepinchdc.com\/wp-content\/uploads\/2022\/06\/date-dates-1024x683.jpeg\" alt=\"\" width=\"658\" height=\"439\" srcset=\"https:\/\/thepinchdc.com\/wp-content\/uploads\/2022\/06\/date-dates-1024x683.jpeg 1024w, https:\/\/thepinchdc.com\/wp-content\/uploads\/2022\/06\/date-dates-300x200.jpeg 300w, https:\/\/thepinchdc.com\/wp-content\/uploads\/2022\/06\/date-dates-768x512.jpeg 768w, https:\/\/thepinchdc.com\/wp-content\/uploads\/2022\/06\/date-dates-1536x1025.jpeg 1536w, https:\/\/thepinchdc.com\/wp-content\/uploads\/2022\/06\/date-dates-2048x1367.jpeg 2048w\" sizes=\"(max-width: 658px) 100vw, 658px\" \/><\/p>\n<h2>Perch\u00e9 dovresti iniziare<\/h2>\n<p>Le app di collegamento sono ottimi strumenti per incontrare nuove persone e trovare qualcuno di speciale. Ma se non sei ancora sicuro che siano adatti a te, consulta la nostra pratica guida per aiutarti a decidere. Cos&#8217;\u00e8 il sesso occasionale? Il sesso occasionale \u00e8 quando due o pi\u00f9 persone si impegnano in attivit\u00e0 sessuali tra loro senza un attaccamento emotivo. Tuttavia, ci sono molti diversi tipi di relazioni casuali che possono variare da affari a breve termine a storie d&#8217;amore a lungo termine.<\/p>\n<p>Alcuni esempi di sesso occasionale sono: Una notte, amici con benefici, trio, swinging, <a href=\"https:\/\/www.sextchat.net\/it\/giochi-di-sesso-android\/\">giochi porno per android<\/a>, cybersex, sesso telefonico, ecc. Quanti tipi di relazioni casuali ci sono? Secondo Psychology Today, ci sono tre categorie principali di sesso occasionale: relazioni aperte, relazioni chiuse e monogamia non monogama.<\/p>\n<p>Le relazioni aperte implicano il libero scambio di partner all&#8217;interno di una relazione, mentre le relazioni chiuse sono esclusive. Le monogamie non monogame sono impegnate con un partner alla volta, ma consentono pi\u00f9 incontri sessuali per tutta la durata della relazione.<\/p>\n<p>Se stai cercando qualcosa di casuale, prova un&#8217;app di <a href=\"https:\/\/www.fucklocals.org\/it\/siti-per-scopare-amici\/\">siti per scopare<\/a>. Se stai cercando qualcosa di serio, dai un&#8217;occhiata a siti come OkCupid o Match.com. Cerca di non cercare una cosa qualsiasi: otterrai molti risultati irrilevanti. Invece, restringi la ricerca impostando parametri come posizione, fascia d&#8217;et\u00e0, stato della relazione, ecc. Puoi anche sfogliare i profili prima di decidere se contattarli o meno.<\/p>\n<p>Assicurati di avere tutte le tue informazioni di contatto disponibili in ogni momento. I clienti non dovrebbero aver bisogno di fare una spedizione solo per mettersi in contatto con te. Assicurati di avere un facile accesso al tuo numero di telefono, indirizzo, link ai social media, ecc.<\/p>\n<p>Indipendentemente dal tipo di <a href=\"https:\/\/www.adultsexsites.org\/it\/le-migliori-app-di-sexting\/\">sexting sito<\/a> che scegli, ci sar\u00e0 sempre molta concorrenza l\u00e0 fuori. Ci sono molti siti che affermano di essere i migliori, ma non tutti sono legittimi. Devi assicurarti che il sito a cui ti iscrivi offra qualcosa di unico e utile prima di iscriverti.<\/p>\n<p>\u00c8 necessario creare un ambiente in cui gli utenti si sentano a proprio agio nel condividere informazioni su se stessi. Un ottimo punto di partenza \u00e8 assicurarsi che la tua politica sulla privacy indichi chiaramente quali informazioni verranno raccolte, come verranno utilizzate e per quanto tempo verranno archiviate. Assicurati di avere un metodo per consentire agli utenti di contattarti in caso di domande o dubbi.<\/p>\n<h2>Siti di incontri per adulti<\/h2>\n<p>La maggior parte dei siti di incontri online sono progettati per consentirti di connetterti con altre persone. Alcuni di loro offrono anche funzionalit\u00e0 come chat room, bacheche, chat video, ecc. Se vuoi incontrare qualcuno di speciale, prova Adult Friend Finder. \u00c8 un sito che ti consente di cercare tra milioni di profili di uomini e donne in cerca di partner sessuali. Puoi filtrare le tue ricerche per et\u00e0, posizione, orientamento sessuale, etnia, aspetto, tipo di corporatura, altezza, peso, abitudini al fumo, religione, occupazione, istruzione, stato civile, numero di figli e persino affiliazione a partiti politici.<\/p>\n","protected":false},"excerpt":{"rendered":"<p>Se stai cercando qualcosa di serio, allora dovresti prendere in considerazione l&#8217;idea di incontrare qualcuno nel tuo bar o club locale. Potresti non trovare subito quello che stai cercando, ma se continui a provare, alla fine incontrerai qualcuno di speciale. Se ti senti avventuroso, consulta la nostra guida agli appuntamenti online per coppie. \u00c8 gratuito [&hellip;]<\/p>\n","protected":false},"author":1,"featured_media":0,"parent":0,"menu_order":0,"comment_status":"closed","ping_status":"closed","template":"","meta":[],"yoast_head":"<!-- This site is optimized with the Yoast SEO plugin v17.7.1 - https:\/\/yoast.com\/wordpress\/plugins\/seo\/ -->\n<title>Perch\u00e9 le app di appuntamenti potrebbero essere la strada da percorrere - Pinch Dating<\/title>\n<meta name=\"robots\" content=\"index, follow, max-snippet:-1, max-image-preview:large, max-video-preview:-1\" \/>\n<link rel=\"canonical\" href=\"https:\/\/thepinchdc.com\/it\/perche-le-app-di-appuntamenti-potrebbero-essere-la-strada-da-percorrere\/\" \/>\n<meta property=\"og:locale\" content=\"it_IT\" \/>\n<meta property=\"og:type\" content=\"article\" \/>\n<meta property=\"og:title\" content=\"Perch\u00e9 le app di appuntamenti potrebbero essere la strada da percorrere - Pinch Dating\" \/>\n<meta property=\"og:description\" content=\"Se stai cercando qualcosa di serio, allora dovresti prendere in considerazione l&#8217;idea di incontrare qualcuno nel tuo bar o club locale. Potresti non trovare subito quello che stai cercando, ma se continui a provare, alla fine incontrerai qualcuno di speciale. Se ti senti avventuroso, consulta la nostra guida agli appuntamenti online per coppie. \u00c8 gratuito [&hellip;]\" \/>\n<meta property=\"og:url\" content=\"https:\/\/thepinchdc.com\/it\/perche-le-app-di-appuntamenti-potrebbero-essere-la-strada-da-percorrere\/\" \/>\n<meta property=\"og:site_name\" content=\"Pinch Dating\" \/>\n<meta property=\"article:modified_time\" content=\"2022-07-01T15:18:52+00:00\" \/>\n<meta property=\"og:image\" content=\"http:\/\/thepinchdc.com\/wp-content\/uploads\/2022\/06\/date-dates-1024x683.jpeg\" \/>\n<meta name=\"twitter:card\" content=\"summary_large_image\" \/>\n<meta name=\"twitter:label1\" content=\"Tempo di lettura stimato\" \/>\n\t<meta name=\"twitter:data1\" content=\"3 minuti\" \/>\n<script type=\"application\/ld+json\" class=\"yoast-schema-graph\">{\"@context\":\"https:\/\/schema.org\",\"@graph\":[{\"@type\":\"WebSite\",\"@id\":\"https:\/\/thepinchdc.com\/#website\",\"url\":\"https:\/\/thepinchdc.com\/\",\"name\":\"Pinch Dating\",\"description\":\"Local Dating Blog\",\"potentialAction\":[{\"@type\":\"SearchAction\",\"target\":{\"@type\":\"EntryPoint\",\"urlTemplate\":\"https:\/\/thepinchdc.com\/?s={search_term_string}\"},\"query-input\":\"required name=search_term_string\"}],\"inLanguage\":\"it-IT\"},{\"@type\":\"ImageObject\",\"@id\":\"https:\/\/thepinchdc.com\/it\/perche-le-app-di-appuntamenti-potrebbero-essere-la-strada-da-percorrere\/#primaryimage\",\"inLanguage\":\"it-IT\",\"url\":\"http:\/\/thepinchdc.com\/wp-content\/uploads\/2022\/06\/date-dates-1024x683.jpeg\",\"contentUrl\":\"http:\/\/thepinchdc.com\/wp-content\/uploads\/2022\/06\/date-dates-1024x683.jpeg\"},{\"@type\":\"WebPage\",\"@id\":\"https:\/\/thepinchdc.com\/it\/perche-le-app-di-appuntamenti-potrebbero-essere-la-strada-da-percorrere\/#webpage\",\"url\":\"https:\/\/thepinchdc.com\/it\/perche-le-app-di-appuntamenti-potrebbero-essere-la-strada-da-percorrere\/\",\"name\":\"Perch\\u00e9 le app di appuntamenti potrebbero essere la strada da percorrere - Pinch Dating\",\"isPartOf\":{\"@id\":\"https:\/\/thepinchdc.com\/#website\"},\"primaryImageOfPage\":{\"@id\":\"https:\/\/thepinchdc.com\/it\/perche-le-app-di-appuntamenti-potrebbero-essere-la-strada-da-percorrere\/#primaryimage\"},\"datePublished\":\"2022-06-15T10:46:52+00:00\",\"dateModified\":\"2022-07-01T15:18:52+00:00\",\"breadcrumb\":{\"@id\":\"https:\/\/thepinchdc.com\/it\/perche-le-app-di-appuntamenti-potrebbero-essere-la-strada-da-percorrere\/#breadcrumb\"},\"inLanguage\":\"it-IT\",\"potentialAction\":[{\"@type\":\"ReadAction\",\"target\":[\"https:\/\/thepinchdc.com\/it\/perche-le-app-di-appuntamenti-potrebbero-essere-la-strada-da-percorrere\/\"]}]},{\"@type\":\"BreadcrumbList\",\"@id\":\"https:\/\/thepinchdc.com\/it\/perche-le-app-di-appuntamenti-potrebbero-essere-la-strada-da-percorrere\/#breadcrumb\",\"itemListElement\":[{\"@type\":\"ListItem\",\"position\":1,\"name\":\"Home\",\"item\":\"https:\/\/thepinchdc.com\/it\/\"},{\"@type\":\"ListItem\",\"position\":2,\"name\":\"Perch\\u00e9 le app di appuntamenti potrebbero essere la strada da percorrere\"}]}]}<\/script>\n<!-- \/ Yoast SEO plugin. -->","yoast_head_json":{"title":"Perch\u00e9 le app di appuntamenti potrebbero essere la strada da percorrere - Pinch Dating","robots":{"index":"index","follow":"follow","max-snippet":"max-snippet:-1","max-image-preview":"max-image-preview:large","max-video-preview":"max-video-preview:-1"},"canonical":"https:\/\/thepinchdc.com\/it\/perche-le-app-di-appuntamenti-potrebbero-essere-la-strada-da-percorrere\/","og_locale":"it_IT","og_type":"article","og_title":"Perch\u00e9 le app di appuntamenti potrebbero essere la strada da percorrere - Pinch Dating","og_description":"Se stai cercando qualcosa di serio, allora dovresti prendere in considerazione l&#8217;idea di incontrare qualcuno nel tuo bar o club locale. Potresti non trovare subito quello che stai cercando, ma se continui a provare, alla fine incontrerai qualcuno di speciale. Se ti senti avventuroso, consulta la nostra guida agli appuntamenti online per coppie. \u00c8 gratuito [&hellip;]","og_url":"https:\/\/thepinchdc.com\/it\/perche-le-app-di-appuntamenti-potrebbero-essere-la-strada-da-percorrere\/","og_site_name":"Pinch Dating","article_modified_time":"2022-07-01T15:18:52+00:00","og_image":[{"url":"http:\/\/thepinchdc.com\/wp-content\/uploads\/2022\/06\/date-dates-1024x683.jpeg"}],"twitter_card":"summary_large_image","twitter_misc":{"Tempo di lettura stimato":"3 minuti"},"schema":{"@context":"https:\/\/schema.org","@graph":[{"@type":"WebSite","@id":"https:\/\/thepinchdc.com\/#website","url":"https:\/\/thepinchdc.com\/","name":"Pinch Dating","description":"Local Dating Blog","potentialAction":[{"@type":"SearchAction","target":{"@type":"EntryPoint","urlTemplate":"https:\/\/thepinchdc.com\/?s={search_term_string}"},"query-input":"required name=search_term_string"}],"inLanguage":"it-IT"},{"@type":"ImageObject","@id":"https:\/\/thepinchdc.com\/it\/perche-le-app-di-appuntamenti-potrebbero-essere-la-strada-da-percorrere\/#primaryimage","inLanguage":"it-IT","url":"http:\/\/thepinchdc.com\/wp-content\/uploads\/2022\/06\/date-dates-1024x683.jpeg","contentUrl":"http:\/\/thepinchdc.com\/wp-content\/uploads\/2022\/06\/date-dates-1024x683.jpeg"},{"@type":"WebPage","@id":"https:\/\/thepinchdc.com\/it\/perche-le-app-di-appuntamenti-potrebbero-essere-la-strada-da-percorrere\/#webpage","url":"https:\/\/thepinchdc.com\/it\/perche-le-app-di-appuntamenti-potrebbero-essere-la-strada-da-percorrere\/","name":"Perch\u00e9 le app di appuntamenti potrebbero essere la strada da percorrere - Pinch Dating","isPartOf":{"@id":"https:\/\/thepinchdc.com\/#website"},"primaryImageOfPage":{"@id":"https:\/\/thepinchdc.com\/it\/perche-le-app-di-appuntamenti-potrebbero-essere-la-strada-da-percorrere\/#primaryimage"},"datePublished":"2022-06-15T10:46:52+00:00","dateModified":"2022-07-01T15:18:52+00:00","breadcrumb":{"@id":"https:\/\/thepinchdc.com\/it\/perche-le-app-di-appuntamenti-potrebbero-essere-la-strada-da-percorrere\/#breadcrumb"},"inLanguage":"it-IT","potentialAction":[{"@type":"ReadAction","target":["https:\/\/thepinchdc.com\/it\/perche-le-app-di-appuntamenti-potrebbero-essere-la-strada-da-percorrere\/"]}]},{"@type":"BreadcrumbList","@id":"https:\/\/thepinchdc.com\/it\/perche-le-app-di-appuntamenti-potrebbero-essere-la-strada-da-percorrere\/#breadcrumb","itemListElement":[{"@type":"ListItem","position":1,"name":"Home","item":"https:\/\/thepinchdc.com\/it\/"},{"@type":"ListItem","position":2,"name":"Perch\u00e9 le app di appuntamenti potrebbero essere la strada da percorrere"}]}]}},"_links":{"self":[{"href":"https:\/\/thepinchdc.com\/it\/wp-json\/wp\/v2\/pages\/209"}],"collection":[{"href":"https:\/\/thepinchdc.com\/it\/wp-json\/wp\/v2\/pages"}],"about":[{"href":"https:\/\/thepinchdc.com\/it\/wp-json\/wp\/v2\/types\/page"}],"author":[{"embeddable":true,"href":"https:\/\/thepinchdc.com\/it\/wp-json\/wp\/v2\/users\/1"}],"replies":[{"embeddable":true,"href":"https:\/\/thepinchdc.com\/it\/wp-json\/wp\/v2\/comments?post=209"}],"version-history":[{"count":2,"href":"https:\/\/thepinchdc.com\/it\/wp-json\/wp\/v2\/pages\/209\/revisions"}],"predecessor-version":[{"id":236,"href":"https:\/\/thepinchdc.com\/it\/wp-json\/wp\/v2\/pages\/209\/revisions\/236"}],"wp:attachment":[{"href":"https:\/\/thepinchdc.com\/it\/wp-json\/wp\/v2\/media?parent=209"}],"curies":[{"name":"wp","href":"https:\/\/api.w.org\/{rel}","templated":true}]}}