{"id":212,"date":"2022-06-15T11:27:12","date_gmt":"2022-06-15T10:27:12","guid":{"rendered":"http:\/\/thepinchdc.com\/10-migliori-siti-di-collegamento-gratuiti-senza-carta-di-credito\/"},"modified":"2022-07-18T16:47:50","modified_gmt":"2022-07-18T15:47:50","slug":"10-migliori-siti-di-collegamento-gratuiti-senza-carta-di-credito","status":"publish","type":"page","link":"https:\/\/thepinchdc.com\/it\/","title":{"rendered":"10 migliori siti di collegamento gratuiti (senza carta di credito)"},"content":{"rendered":"<p>Ci sono molte ragioni per cui qualcuno potrebbe non voler pagare per i siti di incontri online. Alcune persone preferiscono semplicemente essere posate gratuitamente, mentre altri pensano che pagare per l&#8217;accesso a un sito di incontri sia una spesa inutile. Altri si preoccupano dei problemi di privacy, soprattutto se stanno cercando qualcosa di serio. Ma se vuoi davvero provare gli appuntamenti <a href=\"https:\/\/www.nsadating.net\/it\/giochi-porno-gratis-nessuna-iscrizione\/\">giochiporno gratis<\/a>, probabilmente dovresti considerare di pagare un abbonamento premium su un&#8217;app di collegamento o un sito web.<\/p>\n<p>Questi servizi offrono molte pi\u00f9 funzionalit\u00e0 rispetto alle opzioni gratuite con,\u00a0inclusi filtri di ricerca avanzati, funzionalit\u00e0 di messaggistica e la possibilit\u00e0 di condividere foto e video. E anche se costano denaro, spesso vengono forniti con misure di sicurezza aggiuntive che proteggono la tua identit\u00e0 e le tue informazioni personali.<\/p>\n<p>Gli appuntamenti online <a href=\"http:\/\/www.sito-per-sesso.com\">Sito-Per-Sesso.com<\/a> sono un modo semplice per incontrare qualcuno di nuovo. Ma ci sono molti diversi tipi di siti di incontri online come l\u00e0 fuori, ognuno con i suoi pro e contro. Ecco le nostre prime cinque scelte, insieme a cosa dovresti aspettarti se ti iscrivi.<\/p>\n<p><img loading=\"lazy\" class=\" wp-image-34 aligncenter\" src=\"http:\/\/thepinchdc.com\/wp-content\/uploads\/2022\/06\/casual-sex-match-1024x768.jpeg\" alt=\"\" width=\"664\" height=\"498\" srcset=\"https:\/\/thepinchdc.com\/wp-content\/uploads\/2022\/06\/casual-sex-match-1024x768.jpeg 1024w, https:\/\/thepinchdc.com\/wp-content\/uploads\/2022\/06\/casual-sex-match-300x225.jpeg 300w, https:\/\/thepinchdc.com\/wp-content\/uploads\/2022\/06\/casual-sex-match-768x576.jpeg 768w, https:\/\/thepinchdc.com\/wp-content\/uploads\/2022\/06\/casual-sex-match-1536x1152.jpeg 1536w, https:\/\/thepinchdc.com\/wp-content\/uploads\/2022\/06\/casual-sex-match.jpeg 2000w\" sizes=\"(max-width: 664px) 100vw, 664px\" \/><\/p>\n<h2>Sei desideroso di unirti a un&#8217;app di collegamento gratuita? L&#8217;hai trovato qui!<\/h2>\n<p>La cultura del collegamento \u00e8 un fenomeno sociale in cui gli individui si impegnano in attivit\u00e0 sessuali con estranei, spesso in cambio di denaro, droghe, alcol o altre ricompense. I collegamenti sono di solito incontri a breve termine e possono verificarsi in luoghi pubblici come club o bar, residenze private o online attraverso siti Web come Craigslist, Tinder, OkCupid, Grindr e altri.<\/p>\n<h3>Ashley Madison<\/h3>\n<p>AshleyMadison \u00e8 una boccata d&#8217;aria fresca per le persone single o attaccate che sperimentano un crollo sessuale se stai cercando di incontrare donne che vogliono scopare. Questo sito di incontri e app entusiasti offre un sacco di opportunit\u00e0 per socializzare, flirtare e collegarsi in modo discreto. Oltre 54 milioni di profili ti aspettano su AshleyMadison ed \u00e8 gratuito creare account anonimi. Organizza discretamente una notte e relazioni extraconiugali. Pi\u00f9 di 54 milioni di profili in tutto il mondo. Caratteristiche amichevoli per i viaggi per cercare corrispondenze in diverse citt\u00e0.<\/p>\n<p>Sfoglia i profili Ashley Madison 100% gratis. Ashley Madison ha scosso il mondo dei siti di incontri quando \u00e8 stato lanciato nei primi anni 2000. Il team ha l&#8217;audacia di marchiarsi come il sito principale per le persone sposate che cercano relazioni extra-maritiali e incontri sessuali. Non devi essere sposato per diventare un membro, ma i siti conosciuti in tutto il mondo come la risorsa di riferimento per i impegnati a cercare flirt e giochi sessuali senza impegno.<\/p>\n<h3>Cardine<\/h3>\n<p>Hinge \u00e8 un sito di incontri online gratuito con oltre 50 milioni di membri in tutto il mondo. Hinge \u00e8 progettato per aiutarti a trovare l&#8217;amore, non solo i collegamenti. Puoi cercare per et\u00e0, sesso, posizione, interessi, tipo di personalit\u00e0, stato sentimentale, orientamento sessuale, etnia, religione, livello di istruzione, occupazione, reddito, tipo di corporatura, altezza, peso, aspetto e preferenze di stile di vita. Hinge offre anche una funzione &#8220;Quick Match&#8221; che consente agli utenti di navigare tra potenziali partner in base alle informazioni del loro profilo. Se trovi qualcuno che ti piace, puoi inviargli un messaggio.<\/p>\n<p>Una volta che hai scambiato messaggi, puoi chattare gratuitamente fino a quando non decidi se incontrarti di <a href=\"https:\/\/www.free-adult-cams.com\/it\/video-chat-bdsm-gratuita\/\">chat BDSM<\/a>. Se stai cercando di utilizzare siti di chat del cazzo, ti suggeriamo di provare. A differenza di molti altri siti, Hinge non richiede di creare un profilo completo prima di poter iniziare a utilizzare le sue funzionalit\u00e0.<\/p>\n<h3>Cercatore di amici adulti<\/h3>\n<p>AdultFriendFinder \u00e8 un social network gratuito per adulti che collega le persone in cerca di incontri casuali e relazioni discrete. Puoi cercare tra milioni di membri attivi per il tuo prossimo appuntamento. Ci sono anche migliaia di categorie per aiutarti a restringere le tue scelte.<\/p>\n<p>Una volta trovato qualcuno che vorresti incontrare con ragazze o <a href=\"https:\/\/www.sextchat.net\/it\/giochi-porno-per-iphone-e-giochi-di-sesso-per-ios-nessun-download\/\">download giochi porno<\/a> che hai incontrato AFF, puoi inviare loro un messaggio e organizzare un momento per stare insieme. Tutte le comunicazioni sono private e confidenziali. Non \u00e8 richiesta la carta di credito. La registrazione \u00e8 semplice e veloce.<\/p>\n<p>AdultFriendFinder, noto anche come AF, \u00e8 stato lanciato nel 1996 e rimane uno dei pi\u00f9 grandi siti dedicati a trovare amore e amicizia attraverso <a href=\"https:\/\/adultxxxdate.net\/it\/donne-che-vogliono-scopare\/\">donne che vogliono scopare<\/a>. Puoi sfogliare i profili gratuitamente, ma dovrai pagare l&#8217;abbonamento Gold per chattare privatamente con altri membri, inviare loro messaggi diretti o visualizzare le loro foto del profilo.<\/p>\n<p>AFF \u00e8 un sito di incontri online per chi cerca sesso occasionale. Sia che tu stia cercando qualcosa di stravagante o semplicemente vuoi incontrare qualcuno di nuovo, AFF \u00e8 il posto dove andare. Puoi sfogliare i profili dei membri locali vicino a te e inviare messaggi. Non ci sono commissioni per aderire e non sono richiesti i dati della carta di credito. Incontrare altre persone che la pensano allo stesso modo \u00e8 facile e divertente!<\/p>\n<h3>FriendFinder-X<\/h3>\n<p>FriendFindr-X \u00e8 un sito di incontri online che riunisce uomini e donne single in cerca di divertimento e amore. Gli utenti possono chattare tra loro, sfogliare album fotografici, guardare video clip e inviare regali virtuali. Ci sono anche forum e bacheche in cui gli utenti possono discutere di argomenti relativi al sesso, alle relazioni e alla vita. Il sito \u00e8 disponibile in inglese, spagnolo, francese, tedesco, portoghese, italiano, russo, arabo, cinese, giapponese, coreano, tailandese, indonesiano, vietnamita, filippino e turco.<\/p>\n<p>Friendfinder X \u00e8 un&#8217;altra app di appuntamenti che ti consente di connetterti con altri utenti. Puoi sfogliare i profili, inviare messaggi e chattare con i membri che si trovano nelle vicinanze. Puoi anche mettere &#8220;Mi piace&#8221; o preferire le tue partite se sei interessato a conoscerle meglio. Ci sono molte opzioni quando si tratta di chattare online, tra cui messaggi di testo, chiamate vocali, chat video e persino spettacoli in webcam.<\/p>\n<p>Puoi anche condividere informazioni private con le tue partite, come il tuo attuale stato sentimentale, la religione, le opinioni politiche, l&#8217;orientamento sessuale e gli hobby preferiti. Per coloro che preferiscono mantenere la loro vita personale separata dalla loro vita professionale, puoi anche creare un profilo privato. Puoi sfogliare i profili degli altri, inviare messaggi, chattare e persino incontrare estranei vicino a te.<\/p>\n<h3>Flirt.com<\/h3>\n<p>Flirt.com \u00e8 un sito Web che consente agli utenti di sfogliare migliaia di foto e video di altri membri. Gli utenti possono anche inviarsi messaggi l&#8217;un l&#8217;altro in modo anonimo, chattare privatamente e scambiare immagini cattive.<\/p>\n<p>Attualmente ci sono oltre 70 milioni di profili attivi sul sito, rendendolo uno dei pi\u00f9 grandi siti di incontri al mondo. I membri possono sfogliare i profili in modo completamente gratuito e possono persino inviare messaggi privati a estranei, se lo desiderano.<\/p>\n<p>Flirt.com \u00e8 il pi\u00f9 grande sito di incontri online negli Stati Uniti. Con circa 70 milioni di utenti attivi, offre un servizio gratuito con funzionalit\u00e0 di base. Puoi creare il tuo profilo, cercare altri single e chattare con loro senza alcun costo.<\/p>\n<p>Sono disponibili anche piani a pagamento che ti offrono funzionalit\u00e0 extra come la navigazione anonima dei profili, l&#8217;invio di ammiccamenti e lo scorrimento verso destra. Anche se non ci sono molte restrizioni su ci\u00f2 che puoi fare sul sito, dovrai pagare per sbloccare funzionalit\u00e0 aggiuntive.<\/p>\n<h2>I nostri pensieri finali<\/h2>\n<p>Come avrai notato, ci sono molti diversi tipi di siti di incontri sessuali l\u00e0 fuori. Alcuni si rivolgono specificamente agli uomini, mentre altri si concentrano sulle donne. Altri sono orientati verso le coppie. E altri ancora sono progettati per coloro che sono alla ricerca di incontri casuali. Indipendentemente dal tipo di incontro sessuale che stai cercando, ci sar\u00e0 sicuramente un sito adatto alle tue esigenze.<\/p>\n<p>Tuttavia, prima di iscriverti a uno di essi, assicurati di leggere le recensioni e controllare il feedback dei clienti. Dovresti anche essere consapevole delle misure di sicurezza adottate da ciascun sito, inclusi i requisiti di verifica e le politiche sulla privacy. Dopotutto, non vorresti che qualcuno fingesse di essere te online.<\/p>\n","protected":false},"excerpt":{"rendered":"<p>Ci sono molte ragioni per cui qualcuno potrebbe non voler pagare per i siti di incontri online. Alcune persone preferiscono semplicemente essere posate gratuitamente, mentre altri pensano che pagare per l&#8217;accesso a un sito di incontri sia una spesa inutile. Altri si preoccupano dei problemi di privacy, soprattutto se stanno cercando qualcosa di serio. Ma [&hellip;]<\/p>\n","protected":false},"author":1,"featured_media":0,"parent":0,"menu_order":0,"comment_status":"closed","ping_status":"closed","template":"","meta":[],"yoast_head":"<!-- This site is optimized with the Yoast SEO plugin v17.7.1 - https:\/\/yoast.com\/wordpress\/plugins\/seo\/ -->\n<title>10 migliori siti di collegamento gratuiti (senza carta di credito) - Pinch Dating<\/title>\n<meta name=\"robots\" content=\"index, follow, max-snippet:-1, max-image-preview:large, max-video-preview:-1\" \/>\n<link rel=\"canonical\" href=\"https:\/\/thepinchdc.com\/it\/\" \/>\n<meta property=\"og:locale\" content=\"it_IT\" \/>\n<meta property=\"og:type\" content=\"article\" \/>\n<meta property=\"og:title\" content=\"10 migliori siti di collegamento gratuiti (senza carta di credito) - Pinch Dating\" \/>\n<meta property=\"og:description\" content=\"Ci sono molte ragioni per cui qualcuno potrebbe non voler pagare per i siti di incontri online. Alcune persone preferiscono semplicemente essere posate gratuitamente, mentre altri pensano che pagare per l&#8217;accesso a un sito di incontri sia una spesa inutile. Altri si preoccupano dei problemi di privacy, soprattutto se stanno cercando qualcosa di serio. Ma [&hellip;]\" \/>\n<meta property=\"og:url\" content=\"https:\/\/thepinchdc.com\/it\/\" \/>\n<meta property=\"og:site_name\" content=\"Pinch Dating\" \/>\n<meta property=\"article:modified_time\" content=\"2022-07-18T15:47:50+00:00\" \/>\n<meta property=\"og:image\" content=\"http:\/\/thepinchdc.com\/wp-content\/uploads\/2022\/06\/casual-sex-match-1024x768.jpeg\" \/>\n<meta name=\"twitter:card\" content=\"summary_large_image\" \/>\n<meta name=\"twitter:label1\" content=\"Tempo di lettura stimato\" \/>\n\t<meta name=\"twitter:data1\" content=\"6 minuti\" \/>\n<script type=\"application\/ld+json\" class=\"yoast-schema-graph\">{\"@context\":\"https:\/\/schema.org\",\"@graph\":[{\"@type\":\"WebSite\",\"@id\":\"https:\/\/thepinchdc.com\/#website\",\"url\":\"https:\/\/thepinchdc.com\/\",\"name\":\"Pinch Dating\",\"description\":\"Local Dating Blog\",\"potentialAction\":[{\"@type\":\"SearchAction\",\"target\":{\"@type\":\"EntryPoint\",\"urlTemplate\":\"https:\/\/thepinchdc.com\/?s={search_term_string}\"},\"query-input\":\"required name=search_term_string\"}],\"inLanguage\":\"it-IT\"},{\"@type\":\"ImageObject\",\"@id\":\"https:\/\/thepinchdc.com\/it\/#primaryimage\",\"inLanguage\":\"it-IT\",\"url\":\"http:\/\/thepinchdc.com\/wp-content\/uploads\/2022\/06\/casual-sex-match-1024x768.jpeg\",\"contentUrl\":\"http:\/\/thepinchdc.com\/wp-content\/uploads\/2022\/06\/casual-sex-match-1024x768.jpeg\"},{\"@type\":\"WebPage\",\"@id\":\"https:\/\/thepinchdc.com\/it\/#webpage\",\"url\":\"https:\/\/thepinchdc.com\/it\/\",\"name\":\"10 migliori siti di collegamento gratuiti (senza carta di credito) - Pinch Dating\",\"isPartOf\":{\"@id\":\"https:\/\/thepinchdc.com\/#website\"},\"primaryImageOfPage\":{\"@id\":\"https:\/\/thepinchdc.com\/it\/#primaryimage\"},\"datePublished\":\"2022-06-15T10:27:12+00:00\",\"dateModified\":\"2022-07-18T15:47:50+00:00\",\"breadcrumb\":{\"@id\":\"https:\/\/thepinchdc.com\/it\/#breadcrumb\"},\"inLanguage\":\"it-IT\",\"potentialAction\":[{\"@type\":\"ReadAction\",\"target\":[\"https:\/\/thepinchdc.com\/it\/\"]}]},{\"@type\":\"BreadcrumbList\",\"@id\":\"https:\/\/thepinchdc.com\/it\/#breadcrumb\",\"itemListElement\":[{\"@type\":\"ListItem\",\"position\":1,\"name\":\"Home\",\"item\":\"https:\/\/thepinchdc.com\/it\/\"},{\"@type\":\"ListItem\",\"position\":2,\"name\":\"10 migliori siti di collegamento gratuiti (senza carta di credito)\"}]}]}<\/script>\n<!-- \/ Yoast SEO plugin. -->","yoast_head_json":{"title":"10 migliori siti di collegamento gratuiti (senza carta di credito) - Pinch Dating","robots":{"index":"index","follow":"follow","max-snippet":"max-snippet:-1","max-image-preview":"max-image-preview:large","max-video-preview":"max-video-preview:-1"},"canonical":"https:\/\/thepinchdc.com\/it\/","og_locale":"it_IT","og_type":"article","og_title":"10 migliori siti di collegamento gratuiti (senza carta di credito) - Pinch Dating","og_description":"Ci sono molte ragioni per cui qualcuno potrebbe non voler pagare per i siti di incontri online. Alcune persone preferiscono semplicemente essere posate gratuitamente, mentre altri pensano che pagare per l&#8217;accesso a un sito di incontri sia una spesa inutile. Altri si preoccupano dei problemi di privacy, soprattutto se stanno cercando qualcosa di serio. Ma [&hellip;]","og_url":"https:\/\/thepinchdc.com\/it\/","og_site_name":"Pinch Dating","article_modified_time":"2022-07-18T15:47:50+00:00","og_image":[{"url":"http:\/\/thepinchdc.com\/wp-content\/uploads\/2022\/06\/casual-sex-match-1024x768.jpeg"}],"twitter_card":"summary_large_image","twitter_misc":{"Tempo di lettura stimato":"6 minuti"},"schema":{"@context":"https:\/\/schema.org","@graph":[{"@type":"WebSite","@id":"https:\/\/thepinchdc.com\/#website","url":"https:\/\/thepinchdc.com\/","name":"Pinch Dating","description":"Local Dating Blog","potentialAction":[{"@type":"SearchAction","target":{"@type":"EntryPoint","urlTemplate":"https:\/\/thepinchdc.com\/?s={search_term_string}"},"query-input":"required name=search_term_string"}],"inLanguage":"it-IT"},{"@type":"ImageObject","@id":"https:\/\/thepinchdc.com\/it\/#primaryimage","inLanguage":"it-IT","url":"http:\/\/thepinchdc.com\/wp-content\/uploads\/2022\/06\/casual-sex-match-1024x768.jpeg","contentUrl":"http:\/\/thepinchdc.com\/wp-content\/uploads\/2022\/06\/casual-sex-match-1024x768.jpeg"},{"@type":"WebPage","@id":"https:\/\/thepinchdc.com\/it\/#webpage","url":"https:\/\/thepinchdc.com\/it\/","name":"10 migliori siti di collegamento gratuiti (senza carta di credito) - Pinch Dating","isPartOf":{"@id":"https:\/\/thepinchdc.com\/#website"},"primaryImageOfPage":{"@id":"https:\/\/thepinchdc.com\/it\/#primaryimage"},"datePublished":"2022-06-15T10:27:12+00:00","dateModified":"2022-07-18T15:47:50+00:00","breadcrumb":{"@id":"https:\/\/thepinchdc.com\/it\/#breadcrumb"},"inLanguage":"it-IT","potentialAction":[{"@type":"ReadAction","target":["https:\/\/thepinchdc.com\/it\/"]}]},{"@type":"BreadcrumbList","@id":"https:\/\/thepinchdc.com\/it\/#breadcrumb","itemListElement":[{"@type":"ListItem","position":1,"name":"Home","item":"https:\/\/thepinchdc.com\/it\/"},{"@type":"ListItem","position":2,"name":"10 migliori siti di collegamento gratuiti (senza carta di credito)"}]}]}},"_links":{"self":[{"href":"https:\/\/thepinchdc.com\/it\/wp-json\/wp\/v2\/pages\/212"}],"collection":[{"href":"https:\/\/thepinchdc.com\/it\/wp-json\/wp\/v2\/pages"}],"about":[{"href":"https:\/\/thepinchdc.com\/it\/wp-json\/wp\/v2\/types\/page"}],"author":[{"embeddable":true,"href":"https:\/\/thepinchdc.com\/it\/wp-json\/wp\/v2\/users\/1"}],"replies":[{"embeddable":true,"href":"https:\/\/thepinchdc.com\/it\/wp-json\/wp\/v2\/comments?post=212"}],"version-history":[{"count":4,"href":"https:\/\/thepinchdc.com\/it\/wp-json\/wp\/v2\/pages\/212\/revisions"}],"predecessor-version":[{"id":259,"href":"https:\/\/thepinchdc.com\/it\/wp-json\/wp\/v2\/pages\/212\/revisions\/259"}],"wp:attachment":[{"href":"https:\/\/thepinchdc.com\/it\/wp-json\/wp\/v2\/media?parent=212"}],"curies":[{"name":"wp","href":"https:\/\/api.w.org\/{rel}","templated":true}]}}